{"id":945,"date":"2023-08-23T18:54:12","date_gmt":"2023-08-23T18:54:12","guid":{"rendered":"https:\/\/acsi.com.br\/lojavirtual\/?post_type=product&#038;p=945"},"modified":"2026-04-16T20:58:38","modified_gmt":"2026-04-16T23:58:38","slug":"os-miseraveis","status":"publish","type":"product","link":"https:\/\/acsi.com.br\/lojavirtual\/produto\/os-miseraveis\/","title":{"rendered":"Os Miser\u00e1veis &#8211; Hist\u00f3ria em Quadrinhos"},"content":{"rendered":"<p>As barricadas bloqueiam as ruas de Paris, e disparos de armas ressoam no ar. \u00c9 junho de 1832, per\u00edodo que marca o in\u00edcio das rebeli\u00f5es na Fran\u00e7a. Em meio ao caos, a jovem Cosette descobre o amor de um jovem revolucion\u00e1rio e idealista. Mas sua hist\u00f3ria come\u00e7a antes, ao lado de um homem honesto, que busca a reden\u00e7\u00e3o, e o amor de uma m\u00e3e que fez tudo por sua filha.<\/p>\n","protected":false},"excerpt":{"rendered":"<p>As barricadas bloqueiam as ruas de Paris, e disparos de armas ressoam no ar. \u00c9 junho de 1832, per\u00edodo que marca o in\u00edcio das rebeli\u00f5es na Fran\u00e7a. Em meio ao caos, a jovem Cosette descobre o amor de um jovem revolucion\u00e1rio e idealista. Mas sua hist\u00f3ria come\u00e7a antes, ao lado de um homem honesto, que busca a reden\u00e7\u00e3o, e o amor de uma m\u00e3e que fez tudo por sua filha.<\/p>\n","protected":false},"featured_media":1281,"comment_status":"closed","ping_status":"closed","template":"","meta":[],"product_brand":[],"product_cat":[28],"product_tag":[158],"class_list":{"0":"post-945","1":"product","2":"type-product","3":"status-publish","4":"has-post-thumbnail","6":"product_cat-ciranda-cultural","7":"product_tag-5o-ao-7o-ano","9":"first","10":"instock","11":"shipping-taxable","12":"purchasable","13":"product-type-simple"},"_links":{"self":[{"href":"https:\/\/acsi.com.br\/lojavirtual\/wp-json\/wp\/v2\/product\/945","targetHints":{"allow":["GET"]}}],"collection":[{"href":"https:\/\/acsi.com.br\/lojavirtual\/wp-json\/wp\/v2\/product"}],"about":[{"href":"https:\/\/acsi.com.br\/lojavirtual\/wp-json\/wp\/v2\/types\/product"}],"replies":[{"embeddable":true,"href":"https:\/\/acsi.com.br\/lojavirtual\/wp-json\/wp\/v2\/comments?post=945"}],"version-history":[{"count":3,"href":"https:\/\/acsi.com.br\/lojavirtual\/wp-json\/wp\/v2\/product\/945\/revisions"}],"predecessor-version":[{"id":3379,"href":"https:\/\/acsi.com.br\/lojavirtual\/wp-json\/wp\/v2\/product\/945\/revisions\/3379"}],"wp:featuredmedia":[{"embeddable":true,"href":"https:\/\/acsi.com.br\/lojavirtual\/wp-json\/wp\/v2\/media\/1281"}],"wp:attachment":[{"href":"https:\/\/acsi.com.br\/lojavirtual\/wp-json\/wp\/v2\/media?parent=945"}],"wp:term":[{"taxonomy":"product_brand","embeddable":true,"href":"https:\/\/acsi.com.br\/lojavirtual\/wp-json\/wp\/v2\/product_brand?post=945"},{"taxonomy":"product_cat","embeddable":true,"href":"https:\/\/acsi.com.br\/lojavirtual\/wp-json\/wp\/v2\/product_cat?post=945"},{"taxonomy":"product_tag","embeddable":true,"href":"https:\/\/acsi.com.br\/lojavirtual\/wp-json\/wp\/v2\/product_tag?post=945"}],"curies":[{"name":"wp","href":"https:\/\/api.w.org\/{rel}","templated":true}]}}