{"id":943,"date":"2023-08-23T18:50:57","date_gmt":"2023-08-23T18:50:57","guid":{"rendered":"https:\/\/acsi.com.br\/lojavirtual\/?post_type=product&#038;p=943"},"modified":"2026-04-16T20:58:38","modified_gmt":"2026-04-16T23:58:38","slug":"corajosas-o-conto-das-princesas-nada-encantadas","status":"publish","type":"product","link":"https:\/\/acsi.com.br\/lojavirtual\/produto\/corajosas-o-conto-das-princesas-nada-encantadas\/","title":{"rendered":"Corajosas: O conto das Princesas nada encantadas"},"content":{"rendered":"<p>Uma releitura crist\u00e3 e moderna de quatro contos de fadas cl\u00e1ssicos.<\/p>\n<p>Arlene Diniz reconta a hist\u00f3ria de Branca de Neve. Bianca planeja concluir uma pesquisa cient\u00edfica que sua m\u00e3e iniciou antes de morrer repentinamente. Para isso, conta com a ajuda do melhor amigo, Edu, com quem trabalha como volunt\u00e1ria em um projeto social. Em meio a disputas com a madrasta e emo\u00e7\u00f5es fragilizadas, Bianca precisar\u00e1 de coragem para encarar seu verdadeiro eu e mudar a perspectiva sobre si e os outros.<\/p>\n<p>Queren Ane reinventa o conto do Pr\u00edncipe sapo. Tati \u00e9 uma garota apaixonada por culin\u00e1ria que sonha em ser chef e ter o pr\u00f3prio restaurante. Enquanto persegue seu objetivo com determina\u00e7\u00e3o e coragem, essa princesa moderna aprender\u00e1 li\u00e7\u00f5es valiosas para seguir sua jornada com leveza, tendo os olhos no que \u00e9 mais importante.<\/p>\n<p>Maria S. Ara\u00fajo traz uma Cinderela que perdeu os pais cedo, mas n\u00e3o a esperan\u00e7a. Ella \u00e9 uma garota gentil que sonha em se tornar veterin\u00e1ria e construir uma vida independente de sua madrasta. No entanto, um mal-entendido resultar\u00e1 em uma sequ\u00eancia de revela\u00e7\u00f5es que exigir\u00e3o coragem, for\u00e7a e uma boa dose de f\u00e9.<\/p>\n<p>E se a Bela se tornasse a Fera? Tha\u00eds Oliveira nos apresenta Isabela, que ap\u00f3s a perda abrupta da m\u00e3e perde tamb\u00e9m a alegria e a esperan\u00e7a, restando-lhe apenas os livros e a gatinha, Lucy. Contudo, uma nova escola e um novo amigo a aguardam. Novos cap\u00edtulos sempre podem ser escritos, mas ser\u00e1 que \u00e9 poss\u00edvel abrir m\u00e3o dos espinhos e tornar-se uma bela rosa novamente?<\/p>\n<p>&#8220;Prepare-se para encontrar princesas do mundo real e mensagens de esperan\u00e7a.&#8221;<\/p>\n","protected":false},"excerpt":{"rendered":"<p>Uma releitura crist\u00e3 e moderna de quatro contos de fadas cl\u00e1ssicos.<\/p>\n<p>Arlene Diniz reconta a hist\u00f3ria de Branca de Neve. Bianca planeja concluir uma pesquisa cient\u00edfica que sua m\u00e3e iniciou antes de morrer repentinamente. Para isso, conta com a ajuda do melhor amigo, Edu, com quem trabalha como volunt\u00e1ria em um projeto social. Em meio a disputas com a madrasta e emo\u00e7\u00f5es fragilizadas, Bianca precisar\u00e1 de coragem para encarar seu verdadeiro eu e mudar a perspectiva sobre si e os outros.<\/p>\n<p>Queren Ane reinventa o conto do Pr\u00edncipe sapo. Tati \u00e9 uma garota apaixonada por culin\u00e1ria que sonha em ser chef e ter o pr\u00f3prio restaurante. Enquanto persegue seu objetivo com determina\u00e7\u00e3o e coragem, essa princesa moderna aprender\u00e1 li\u00e7\u00f5es valiosas para seguir sua jornada com leveza, tendo os olhos no que \u00e9 mais importante.<\/p>\n<p>Maria S. Ara\u00fajo traz uma Cinderela que perdeu os pais cedo, mas n\u00e3o a esperan\u00e7a. Ella \u00e9 uma garota gentil que sonha em se tornar veterin\u00e1ria e construir uma vida independente de sua madrasta. No entanto, um mal-entendido resultar\u00e1 em uma sequ\u00eancia de revela\u00e7\u00f5es que exigir\u00e3o coragem, for\u00e7a e uma boa dose de f\u00e9.<\/p>\n<p>E se a Bela se tornasse a Fera? Tha\u00eds Oliveira nos apresenta Isabela, que ap\u00f3s a perda abrupta da m\u00e3e perde tamb\u00e9m a alegria e a esperan\u00e7a, restando-lhe apenas os livros e a gatinha, Lucy. Contudo, uma nova escola e um novo amigo a aguardam. Novos cap\u00edtulos sempre podem ser escritos, mas ser\u00e1 que \u00e9 poss\u00edvel abrir m\u00e3o dos espinhos e tornar-se uma bela rosa novamente?<\/p>\n<p>&#8220;Prepare-se para encontrar princesas do mundo real e mensagens de esperan\u00e7a.&#8221;<\/p>\n","protected":false},"featured_media":960,"comment_status":"closed","ping_status":"closed","template":"","meta":[],"product_brand":[],"product_cat":[30],"product_tag":[159],"class_list":{"0":"post-943","1":"product","2":"type-product","3":"status-publish","4":"has-post-thumbnail","6":"product_cat-mundo-cristao","7":"product_tag-7o-ano-ao-ensino-medio","9":"first","10":"instock","11":"featured","12":"shipping-taxable","13":"purchasable","14":"product-type-simple"},"_links":{"self":[{"href":"https:\/\/acsi.com.br\/lojavirtual\/wp-json\/wp\/v2\/product\/943","targetHints":{"allow":["GET"]}}],"collection":[{"href":"https:\/\/acsi.com.br\/lojavirtual\/wp-json\/wp\/v2\/product"}],"about":[{"href":"https:\/\/acsi.com.br\/lojavirtual\/wp-json\/wp\/v2\/types\/product"}],"replies":[{"embeddable":true,"href":"https:\/\/acsi.com.br\/lojavirtual\/wp-json\/wp\/v2\/comments?post=943"}],"version-history":[{"count":1,"href":"https:\/\/acsi.com.br\/lojavirtual\/wp-json\/wp\/v2\/product\/943\/revisions"}],"predecessor-version":[{"id":944,"href":"https:\/\/acsi.com.br\/lojavirtual\/wp-json\/wp\/v2\/product\/943\/revisions\/944"}],"wp:featuredmedia":[{"embeddable":true,"href":"https:\/\/acsi.com.br\/lojavirtual\/wp-json\/wp\/v2\/media\/960"}],"wp:attachment":[{"href":"https:\/\/acsi.com.br\/lojavirtual\/wp-json\/wp\/v2\/media?parent=943"}],"wp:term":[{"taxonomy":"product_brand","embeddable":true,"href":"https:\/\/acsi.com.br\/lojavirtual\/wp-json\/wp\/v2\/product_brand?post=943"},{"taxonomy":"product_cat","embeddable":true,"href":"https:\/\/acsi.com.br\/lojavirtual\/wp-json\/wp\/v2\/product_cat?post=943"},{"taxonomy":"product_tag","embeddable":true,"href":"https:\/\/acsi.com.br\/lojavirtual\/wp-json\/wp\/v2\/product_tag?post=943"}],"curies":[{"name":"wp","href":"https:\/\/api.w.org\/{rel}","templated":true}]}}