{"id":874,"date":"2023-08-22T22:45:35","date_gmt":"2023-08-22T22:45:35","guid":{"rendered":"https:\/\/acsi.com.br\/lojavirtual\/?post_type=product&#038;p=874"},"modified":"2026-03-06T17:00:34","modified_gmt":"2026-03-06T20:00:34","slug":"passport-to-adventure-explore-b","status":"publish","type":"product","link":"https:\/\/acsi.com.br\/lojavirtual\/produto\/passport-to-adventure-explore-b\/","title":{"rendered":"Passport to Adventure: Explore B"},"content":{"rendered":"<p>Purposeful Design&#8217;s new English as a foreign language series,<em>\u00a0Passport to Adventure<\/em>, was developed by an international team of language learning professionals to provide flexibility to meet the unique needs of many student groups.<br \/>\nEach lesson in this series helps teachers and students explore the world beyond their classrooms through learning a foreign language. The children will learn English in engaging and creative ways &#8211; through songs and chants, vivid color pictures, and many fun and age-appropriate activities. Most importantly, the children will learn and practice important moral and spiritual principles while they are learning English. This values-based series is designed to teach children how to live more caring, responsible, worshipful lives.<\/p>\n<p>A nova s\u00e9rie de ingl\u00eas como l\u00edngua estrangeira da Purposeful Design, Passport to Adventure, foi desenvolvida por uma equipe internacional de profissionais de aprendizagem de idiomas para fornecer flexibilidade para atender \u00e0s necessidades exclusivas de muitos grupos de estudantes.<br \/>\nCada li\u00e7\u00e3o desta s\u00e9rie ajuda professores e alunos a explorar o mundo al\u00e9m de suas salas de aula por meio do aprendizado de uma l\u00edngua estrangeira. As crian\u00e7as aprender\u00e3o ingl\u00eas de maneira envolvente e criativa &#8211; por meio de can\u00e7\u00f5es e c\u00e2nticos, imagens em cores vivas e muitas atividades divertidas e adequadas \u00e0 idade. Mais importante ainda, as crian\u00e7as aprender\u00e3o e praticar\u00e3o princ\u00edpios morais e espirituais importantes enquanto aprendem ingl\u00eas. Esta s\u00e9rie baseada em valores \u00e9 projetada para ensinar as crian\u00e7as a viver vidas mais cuidadosas, respons\u00e1veis e cheias de adora\u00e7\u00e3o.<\/p>\n","protected":false},"excerpt":{"rendered":"<p>Purposeful Design&#8217;s new English as a foreign language series,<em>\u00a0Passport to Adventure<\/em>, was developed by an international team of language learning professionals to provide flexibility to meet the unique needs of many student groups.<br \/>\nEach lesson in this series helps teachers and students explore the world beyond their classrooms through learning a foreign language. The children will learn English in engaging and creative ways &#8211; through songs and chants, vivid color pictures, and many fun and age-appropriate activities. Most importantly, the children will learn and practice important moral and spiritual principles while they are learning English. This values-based series is designed to teach children how to live more caring, responsible, worshipful lives.<\/p>\n<p>A nova s\u00e9rie de ingl\u00eas como l\u00edngua estrangeira da Purposeful Design, Passport to Adventure, foi desenvolvida por uma equipe internacional de profissionais de aprendizagem de idiomas para fornecer flexibilidade para atender \u00e0s necessidades exclusivas de muitos grupos de estudantes.<br \/>\nCada li\u00e7\u00e3o desta s\u00e9rie ajuda professores e alunos a explorar o mundo al\u00e9m de suas salas de aula por meio do aprendizado de uma l\u00edngua estrangeira. As crian\u00e7as aprender\u00e3o ingl\u00eas de maneira envolvente e criativa &#8211; por meio de can\u00e7\u00f5es e c\u00e2nticos, imagens em cores vivas e muitas atividades divertidas e adequadas \u00e0 idade. Mais importante ainda, as crian\u00e7as aprender\u00e3o e praticar\u00e3o princ\u00edpios morais e espirituais importantes enquanto aprendem ingl\u00eas. Esta s\u00e9rie baseada em valores \u00e9 projetada para ensinar as crian\u00e7as a viver vidas mais cuidadosas, respons\u00e1veis e cheias de adora\u00e7\u00e3o.<\/p>\n","protected":false},"featured_media":875,"comment_status":"open","ping_status":"closed","template":"","meta":[],"product_brand":[],"product_cat":[40,143,146,151],"product_tag":[149],"class_list":{"0":"post-874","1":"product","2":"type-product","3":"status-publish","4":"has-post-thumbnail","6":"product_cat-acsi-loja","7":"product_cat-didaticos","8":"product_cat-lingua-inglesa","9":"product_cat-passaport-to-adventure-efl","10":"product_tag-didaticos","12":"first","13":"outofstock","14":"shipping-taxable","15":"product-type-simple"},"_links":{"self":[{"href":"https:\/\/acsi.com.br\/lojavirtual\/wp-json\/wp\/v2\/product\/874","targetHints":{"allow":["GET"]}}],"collection":[{"href":"https:\/\/acsi.com.br\/lojavirtual\/wp-json\/wp\/v2\/product"}],"about":[{"href":"https:\/\/acsi.com.br\/lojavirtual\/wp-json\/wp\/v2\/types\/product"}],"replies":[{"embeddable":true,"href":"https:\/\/acsi.com.br\/lojavirtual\/wp-json\/wp\/v2\/comments?post=874"}],"version-history":[{"count":1,"href":"https:\/\/acsi.com.br\/lojavirtual\/wp-json\/wp\/v2\/product\/874\/revisions"}],"predecessor-version":[{"id":876,"href":"https:\/\/acsi.com.br\/lojavirtual\/wp-json\/wp\/v2\/product\/874\/revisions\/876"}],"wp:featuredmedia":[{"embeddable":true,"href":"https:\/\/acsi.com.br\/lojavirtual\/wp-json\/wp\/v2\/media\/875"}],"wp:attachment":[{"href":"https:\/\/acsi.com.br\/lojavirtual\/wp-json\/wp\/v2\/media?parent=874"}],"wp:term":[{"taxonomy":"product_brand","embeddable":true,"href":"https:\/\/acsi.com.br\/lojavirtual\/wp-json\/wp\/v2\/product_brand?post=874"},{"taxonomy":"product_cat","embeddable":true,"href":"https:\/\/acsi.com.br\/lojavirtual\/wp-json\/wp\/v2\/product_cat?post=874"},{"taxonomy":"product_tag","embeddable":true,"href":"https:\/\/acsi.com.br\/lojavirtual\/wp-json\/wp\/v2\/product_tag?post=874"}],"curies":[{"name":"wp","href":"https:\/\/api.w.org\/{rel}","templated":true}]}}