{"id":852,"date":"2023-08-22T22:18:16","date_gmt":"2023-08-22T22:18:16","guid":{"rendered":"https:\/\/acsi.com.br\/lojavirtual\/?post_type=product&#038;p=852"},"modified":"2026-04-16T20:58:39","modified_gmt":"2026-04-16T23:58:39","slug":"i-can-write","status":"publish","type":"product","link":"https:\/\/acsi.com.br\/lojavirtual\/produto\/i-can-write\/","title":{"rendered":"I Can Write"},"content":{"rendered":"<p>Conhecer bem a fon\u00e9tica da l\u00edngua inglesa \u00e9 muito importante para a aquisi\u00e7\u00e3o correta da pron\u00fancia. Com o livro I can Read\/ I can Write \u00e9 poss\u00edvel trabalhar as especificidades da l\u00edngua de modo did\u00e1tico e bem contextualizado.<br \/>\nEsses livros s\u00e3o indicados para alunos de 5 &#8211; 6 anos.<\/p>\n","protected":false},"excerpt":{"rendered":"<p>Conhecer bem a fon\u00e9tica da l\u00edngua inglesa \u00e9 muito importante para a aquisi\u00e7\u00e3o correta da pron\u00fancia. Com o livro I can Read\/ I can Write \u00e9 poss\u00edvel trabalhar as especificidades da l\u00edngua de modo did\u00e1tico e bem contextualizado.<br \/>\nEsses livros s\u00e3o indicados para alunos de 5 &#8211; 6 anos.<\/p>\n","protected":false},"featured_media":853,"comment_status":"closed","ping_status":"closed","template":"","meta":[],"product_brand":[],"product_cat":[40,145,143],"product_tag":[149],"class_list":{"0":"post-852","1":"product","2":"type-product","3":"status-publish","4":"has-post-thumbnail","6":"product_cat-acsi-loja","7":"product_cat-alfabetizacao","8":"product_cat-didaticos","9":"product_tag-didaticos","11":"first","12":"instock","13":"shipping-taxable","14":"purchasable","15":"product-type-simple"},"_links":{"self":[{"href":"https:\/\/acsi.com.br\/lojavirtual\/wp-json\/wp\/v2\/product\/852","targetHints":{"allow":["GET"]}}],"collection":[{"href":"https:\/\/acsi.com.br\/lojavirtual\/wp-json\/wp\/v2\/product"}],"about":[{"href":"https:\/\/acsi.com.br\/lojavirtual\/wp-json\/wp\/v2\/types\/product"}],"replies":[{"embeddable":true,"href":"https:\/\/acsi.com.br\/lojavirtual\/wp-json\/wp\/v2\/comments?post=852"}],"version-history":[{"count":2,"href":"https:\/\/acsi.com.br\/lojavirtual\/wp-json\/wp\/v2\/product\/852\/revisions"}],"predecessor-version":[{"id":7003,"href":"https:\/\/acsi.com.br\/lojavirtual\/wp-json\/wp\/v2\/product\/852\/revisions\/7003"}],"wp:featuredmedia":[{"embeddable":true,"href":"https:\/\/acsi.com.br\/lojavirtual\/wp-json\/wp\/v2\/media\/853"}],"wp:attachment":[{"href":"https:\/\/acsi.com.br\/lojavirtual\/wp-json\/wp\/v2\/media?parent=852"}],"wp:term":[{"taxonomy":"product_brand","embeddable":true,"href":"https:\/\/acsi.com.br\/lojavirtual\/wp-json\/wp\/v2\/product_brand?post=852"},{"taxonomy":"product_cat","embeddable":true,"href":"https:\/\/acsi.com.br\/lojavirtual\/wp-json\/wp\/v2\/product_cat?post=852"},{"taxonomy":"product_tag","embeddable":true,"href":"https:\/\/acsi.com.br\/lojavirtual\/wp-json\/wp\/v2\/product_tag?post=852"}],"curies":[{"name":"wp","href":"https:\/\/api.w.org\/{rel}","templated":true}]}}