{"id":813,"date":"2023-08-17T21:18:45","date_gmt":"2023-08-17T21:18:45","guid":{"rendered":"https:\/\/acsi.com.br\/lojavirtual\/?post_type=product&#038;p=813"},"modified":"2026-04-27T16:46:22","modified_gmt":"2026-04-27T19:46:22","slug":"serie-carater-construindo-uma-vida-4o-ano","status":"publish","type":"product","link":"https:\/\/acsi.com.br\/lojavirtual\/produto\/serie-carater-construindo-uma-vida-4o-ano\/","title":{"rendered":"S\u00e9rie Car\u00e1ter &#8211; Construindo uma vida &#8211; 4\u00ba ano"},"content":{"rendered":"<p>A B\u00edblia fala de uma constru\u00e7\u00e3o! Jesus contou uma par\u00e1bola de dois homens que constru\u00edram suas casas de forma diferente. Um construtor era prudente e outro n\u00e3o.<\/p>\n","protected":false},"excerpt":{"rendered":"<p>A B\u00edblia fala de uma constru\u00e7\u00e3o! Jesus contou uma par\u00e1bola de dois homens que constru\u00edram suas casas de forma diferente. Um construtor era prudente e outro n\u00e3o.<\/p>\n","protected":false},"featured_media":921,"comment_status":"closed","ping_status":"closed","template":"","meta":[],"product_brand":[],"product_cat":[40,143,144],"product_tag":[138,149,152],"class_list":{"0":"post-813","1":"product","2":"type-product","3":"status-publish","4":"has-post-thumbnail","6":"product_cat-acsi-loja","7":"product_cat-didaticos","8":"product_cat-ensino-religioso","9":"product_tag-ate-4o-ano","10":"product_tag-didaticos","11":"product_tag-fund-1","13":"first","14":"instock","15":"shipping-taxable","16":"purchasable","17":"product-type-simple"},"_links":{"self":[{"href":"https:\/\/acsi.com.br\/lojavirtual\/wp-json\/wp\/v2\/product\/813","targetHints":{"allow":["GET"]}}],"collection":[{"href":"https:\/\/acsi.com.br\/lojavirtual\/wp-json\/wp\/v2\/product"}],"about":[{"href":"https:\/\/acsi.com.br\/lojavirtual\/wp-json\/wp\/v2\/types\/product"}],"replies":[{"embeddable":true,"href":"https:\/\/acsi.com.br\/lojavirtual\/wp-json\/wp\/v2\/comments?post=813"}],"version-history":[{"count":1,"href":"https:\/\/acsi.com.br\/lojavirtual\/wp-json\/wp\/v2\/product\/813\/revisions"}],"predecessor-version":[{"id":816,"href":"https:\/\/acsi.com.br\/lojavirtual\/wp-json\/wp\/v2\/product\/813\/revisions\/816"}],"wp:featuredmedia":[{"embeddable":true,"href":"https:\/\/acsi.com.br\/lojavirtual\/wp-json\/wp\/v2\/media\/921"}],"wp:attachment":[{"href":"https:\/\/acsi.com.br\/lojavirtual\/wp-json\/wp\/v2\/media?parent=813"}],"wp:term":[{"taxonomy":"product_brand","embeddable":true,"href":"https:\/\/acsi.com.br\/lojavirtual\/wp-json\/wp\/v2\/product_brand?post=813"},{"taxonomy":"product_cat","embeddable":true,"href":"https:\/\/acsi.com.br\/lojavirtual\/wp-json\/wp\/v2\/product_cat?post=813"},{"taxonomy":"product_tag","embeddable":true,"href":"https:\/\/acsi.com.br\/lojavirtual\/wp-json\/wp\/v2\/product_tag?post=813"}],"curies":[{"name":"wp","href":"https:\/\/api.w.org\/{rel}","templated":true}]}}