{"id":810,"date":"2023-08-17T21:16:52","date_gmt":"2023-08-17T21:16:52","guid":{"rendered":"https:\/\/acsi.com.br\/lojavirtual\/?post_type=product&#038;p=810"},"modified":"2026-04-27T16:46:22","modified_gmt":"2026-04-27T19:46:22","slug":"serie-carater-aprendendo-a-pensar-3-2","status":"publish","type":"product","link":"https:\/\/acsi.com.br\/lojavirtual\/produto\/serie-carater-aprendendo-a-pensar-3-2\/","title":{"rendered":"S\u00e9rie Car\u00e1ter &#8211; Aprendendo a pensar  &#8211; 3\u00ba ano"},"content":{"rendered":"<p>Voc\u00ea vai mergulhar numa aventura que o far\u00e1 pensar.<\/p>\n<p>Pensar corretamente sobre a vida \u00e9 uma das coisas mais inteligentes que voc\u00ea pode pensar. Deus deseja que voc\u00ea pense assim. Ele est\u00e1 ao seu lado para ajud\u00e1-lo a viver bem e ser feliz.<\/p>\n","protected":false},"excerpt":{"rendered":"<p>Voc\u00ea vai mergulhar numa aventura que o far\u00e1 pensar.<\/p>\n<p>Pensar corretamente sobre a vida \u00e9 uma das coisas mais inteligentes que voc\u00ea pode pensar. Deus deseja que voc\u00ea pense assim. Ele est\u00e1 ao seu lado para ajud\u00e1-lo a viver bem e ser feliz.<\/p>\n","protected":false},"featured_media":922,"comment_status":"closed","ping_status":"closed","template":"","meta":[],"product_brand":[],"product_cat":[40,143,144],"product_tag":[137,149,152],"class_list":{"0":"post-810","1":"product","2":"type-product","3":"status-publish","4":"has-post-thumbnail","6":"product_cat-acsi-loja","7":"product_cat-didaticos","8":"product_cat-ensino-religioso","9":"product_tag-ate-3o-ano","10":"product_tag-didaticos","11":"product_tag-fund-1","13":"first","14":"instock","15":"shipping-taxable","16":"purchasable","17":"product-type-simple"},"_links":{"self":[{"href":"https:\/\/acsi.com.br\/lojavirtual\/wp-json\/wp\/v2\/product\/810","targetHints":{"allow":["GET"]}}],"collection":[{"href":"https:\/\/acsi.com.br\/lojavirtual\/wp-json\/wp\/v2\/product"}],"about":[{"href":"https:\/\/acsi.com.br\/lojavirtual\/wp-json\/wp\/v2\/types\/product"}],"replies":[{"embeddable":true,"href":"https:\/\/acsi.com.br\/lojavirtual\/wp-json\/wp\/v2\/comments?post=810"}],"version-history":[{"count":6,"href":"https:\/\/acsi.com.br\/lojavirtual\/wp-json\/wp\/v2\/product\/810\/revisions"}],"predecessor-version":[{"id":6948,"href":"https:\/\/acsi.com.br\/lojavirtual\/wp-json\/wp\/v2\/product\/810\/revisions\/6948"}],"wp:featuredmedia":[{"embeddable":true,"href":"https:\/\/acsi.com.br\/lojavirtual\/wp-json\/wp\/v2\/media\/922"}],"wp:attachment":[{"href":"https:\/\/acsi.com.br\/lojavirtual\/wp-json\/wp\/v2\/media?parent=810"}],"wp:term":[{"taxonomy":"product_brand","embeddable":true,"href":"https:\/\/acsi.com.br\/lojavirtual\/wp-json\/wp\/v2\/product_brand?post=810"},{"taxonomy":"product_cat","embeddable":true,"href":"https:\/\/acsi.com.br\/lojavirtual\/wp-json\/wp\/v2\/product_cat?post=810"},{"taxonomy":"product_tag","embeddable":true,"href":"https:\/\/acsi.com.br\/lojavirtual\/wp-json\/wp\/v2\/product_tag?post=810"}],"curies":[{"name":"wp","href":"https:\/\/api.w.org\/{rel}","templated":true}]}}