{"id":804,"date":"2023-08-17T20:31:33","date_gmt":"2023-08-17T20:31:33","guid":{"rendered":"https:\/\/acsi.com.br\/lojavirtual\/?post_type=product&#038;p=804"},"modified":"2026-04-27T16:46:22","modified_gmt":"2026-04-27T19:46:22","slug":"serie-carater-primeiros-passos-1o-ano","status":"publish","type":"product","link":"https:\/\/acsi.com.br\/lojavirtual\/produto\/serie-carater-primeiros-passos-1o-ano\/","title":{"rendered":"S\u00e9rie Car\u00e1ter &#8211; Primeiros Passos &#8211; 1\u00ba ano"},"content":{"rendered":"<p>A embarca\u00e7\u00e3o zarpou e estamos no &#8220;Barco da amizade&#8221; Investigando as aventuras de ser-e ter- um amigo. O itiner\u00e1rio inclui uma parada tempestuosa na Vila da Garotada para observamos Andr\u00e9, Ana, E Cia no meio de uma exaltada controv\u00e9rsia. Ficaremos o suficiente para ver a tempestade causada de pontos de vista diferentes ser apaziguada pela for\u00e7a da amizade.<\/p>\n","protected":false},"excerpt":{"rendered":"<p>A embarca\u00e7\u00e3o zarpou e estamos no &#8220;Barco da amizade&#8221; Investigando as aventuras de ser-e ter- um amigo. O itiner\u00e1rio inclui uma parada tempestuosa na Vila da Garotada para observamos Andr\u00e9, Ana, E Cia no meio de uma exaltada controv\u00e9rsia. Ficaremos o suficiente para ver a tempestade causada de pontos de vista diferentes ser apaziguada pela for\u00e7a da amizade.<\/p>\n","protected":false},"featured_media":805,"comment_status":"closed","ping_status":"closed","template":"","meta":[],"product_brand":[],"product_cat":[40,143,144],"product_tag":[134,149,152],"class_list":{"0":"post-804","1":"product","2":"type-product","3":"status-publish","4":"has-post-thumbnail","6":"product_cat-acsi-loja","7":"product_cat-didaticos","8":"product_cat-ensino-religioso","9":"product_tag-ate-1o-ano","10":"product_tag-didaticos","11":"product_tag-fund-1","13":"first","14":"instock","15":"shipping-taxable","16":"purchasable","17":"product-type-simple"},"_links":{"self":[{"href":"https:\/\/acsi.com.br\/lojavirtual\/wp-json\/wp\/v2\/product\/804","targetHints":{"allow":["GET"]}}],"collection":[{"href":"https:\/\/acsi.com.br\/lojavirtual\/wp-json\/wp\/v2\/product"}],"about":[{"href":"https:\/\/acsi.com.br\/lojavirtual\/wp-json\/wp\/v2\/types\/product"}],"replies":[{"embeddable":true,"href":"https:\/\/acsi.com.br\/lojavirtual\/wp-json\/wp\/v2\/comments?post=804"}],"version-history":[{"count":3,"href":"https:\/\/acsi.com.br\/lojavirtual\/wp-json\/wp\/v2\/product\/804\/revisions"}],"predecessor-version":[{"id":3371,"href":"https:\/\/acsi.com.br\/lojavirtual\/wp-json\/wp\/v2\/product\/804\/revisions\/3371"}],"wp:featuredmedia":[{"embeddable":true,"href":"https:\/\/acsi.com.br\/lojavirtual\/wp-json\/wp\/v2\/media\/805"}],"wp:attachment":[{"href":"https:\/\/acsi.com.br\/lojavirtual\/wp-json\/wp\/v2\/media?parent=804"}],"wp:term":[{"taxonomy":"product_brand","embeddable":true,"href":"https:\/\/acsi.com.br\/lojavirtual\/wp-json\/wp\/v2\/product_brand?post=804"},{"taxonomy":"product_cat","embeddable":true,"href":"https:\/\/acsi.com.br\/lojavirtual\/wp-json\/wp\/v2\/product_cat?post=804"},{"taxonomy":"product_tag","embeddable":true,"href":"https:\/\/acsi.com.br\/lojavirtual\/wp-json\/wp\/v2\/product_tag?post=804"}],"curies":[{"name":"wp","href":"https:\/\/api.w.org\/{rel}","templated":true}]}}