{"id":801,"date":"2023-08-17T20:28:37","date_gmt":"2023-08-17T20:28:37","guid":{"rendered":"https:\/\/acsi.com.br\/lojavirtual\/?post_type=product&#038;p=801"},"modified":"2026-04-16T20:58:39","modified_gmt":"2026-04-16T23:58:39","slug":"organizacao-e-desenvolvimento-de-uma-escola-crista","status":"publish","type":"product","link":"https:\/\/acsi.com.br\/lojavirtual\/produto\/organizacao-e-desenvolvimento-de-uma-escola-crista\/","title":{"rendered":"Organiza\u00e7\u00e3o e Desenvolvimento de uma Escola Crist\u00e3"},"content":{"rendered":"<p>Milhares de l\u00edderes crist\u00e3os t\u00eam dado passos importantes na funda\u00e7\u00e3o de estabelecimentos educativos nas \u00faltimas d\u00e9cadas. Este livro constitui um excelente recurso de desenvolvimento como manual administrativo para escolas crist\u00e3s que j\u00e1 est\u00e3o funcionando.<\/p>\n","protected":false},"excerpt":{"rendered":"<p>Milhares de l\u00edderes crist\u00e3os t\u00eam dado passos importantes na funda\u00e7\u00e3o de estabelecimentos educativos nas \u00faltimas d\u00e9cadas. Este livro constitui um excelente recurso de desenvolvimento como manual administrativo para escolas crist\u00e3s que j\u00e1 est\u00e3o funcionando.<\/p>\n","protected":false},"featured_media":802,"comment_status":"closed","ping_status":"closed","template":"","meta":[],"product_brand":[],"product_cat":[40,154],"product_tag":[],"class_list":{"0":"post-801","1":"product","2":"type-product","3":"status-publish","4":"has-post-thumbnail","6":"product_cat-acsi-loja","7":"product_cat-formacao-profissional","9":"first","10":"outofstock","11":"shipping-taxable","12":"purchasable","13":"product-type-simple"},"_links":{"self":[{"href":"https:\/\/acsi.com.br\/lojavirtual\/wp-json\/wp\/v2\/product\/801","targetHints":{"allow":["GET"]}}],"collection":[{"href":"https:\/\/acsi.com.br\/lojavirtual\/wp-json\/wp\/v2\/product"}],"about":[{"href":"https:\/\/acsi.com.br\/lojavirtual\/wp-json\/wp\/v2\/types\/product"}],"replies":[{"embeddable":true,"href":"https:\/\/acsi.com.br\/lojavirtual\/wp-json\/wp\/v2\/comments?post=801"}],"version-history":[{"count":2,"href":"https:\/\/acsi.com.br\/lojavirtual\/wp-json\/wp\/v2\/product\/801\/revisions"}],"predecessor-version":[{"id":3377,"href":"https:\/\/acsi.com.br\/lojavirtual\/wp-json\/wp\/v2\/product\/801\/revisions\/3377"}],"wp:featuredmedia":[{"embeddable":true,"href":"https:\/\/acsi.com.br\/lojavirtual\/wp-json\/wp\/v2\/media\/802"}],"wp:attachment":[{"href":"https:\/\/acsi.com.br\/lojavirtual\/wp-json\/wp\/v2\/media?parent=801"}],"wp:term":[{"taxonomy":"product_brand","embeddable":true,"href":"https:\/\/acsi.com.br\/lojavirtual\/wp-json\/wp\/v2\/product_brand?post=801"},{"taxonomy":"product_cat","embeddable":true,"href":"https:\/\/acsi.com.br\/lojavirtual\/wp-json\/wp\/v2\/product_cat?post=801"},{"taxonomy":"product_tag","embeddable":true,"href":"https:\/\/acsi.com.br\/lojavirtual\/wp-json\/wp\/v2\/product_tag?post=801"}],"curies":[{"name":"wp","href":"https:\/\/api.w.org\/{rel}","templated":true}]}}