{"id":792,"date":"2023-08-17T20:21:53","date_gmt":"2023-08-17T20:21:53","guid":{"rendered":"https:\/\/acsi.com.br\/lojavirtual\/?post_type=product&#038;p=792"},"modified":"2026-03-30T10:52:51","modified_gmt":"2026-03-30T13:52:51","slug":"fundamentos-psicologia-da-educacao","status":"publish","type":"product","link":"https:\/\/acsi.com.br\/lojavirtual\/produto\/fundamentos-psicologia-da-educacao\/","title":{"rendered":"Fundamentos &#8211; O Aprendizado na Escola Crist\u00e3"},"content":{"rendered":"<p>A rela\u00e7\u00e3o entre o nosso posicionamento cultural e a nossa vis\u00e3o da crian\u00e7a, do aprendiz, do aprendizado e do professor.<\/p>\n<p>Trataremos dos alunos, de sua constitui\u00e7\u00e3o fisiol\u00f3gica e dos estilos de aprendizagem, bem como dos professores e das qualidades mais adequadas para facilitar a aprendizagem dos alunos.<\/p>\n<p>Uma compreens\u00e3o dos fundamentos psicol\u00f3gicos do ensino firmemente estruturado numa filosofia b\u00edblica promove a ordem e a coes\u00e3o do curr\u00edculo de uma escola crist\u00e3. \u00c9 necess\u00e1rio que os professores entendam os v\u00e1rios estilos de aprendizagem e estejam preparados para ensin\u00e1-los. Os professores crist\u00e3os s\u00e3o mais do que simples transmissores de conhecimento; passam a ser modelos e mentores a seus alunos.<\/p>\n<p>Todo educador que atua em escolas crist\u00e3s deve encarar a import\u00e2ncia dos fundamentos psicol\u00f3gicos do processo de ensino. Um conhecimento pr\u00e1tico da psicologia do aprendiz e de sua rela\u00e7\u00e3o com a aprendizagem \u00e9 de fundamental import\u00e2ncia para o sucesso do professor.<\/p>\n<p>Estruturas que resistem e permanecem, sejam pontes, pr\u00e9dios, empresas ou projetos, t\u00eam algo em comum, fundamentos firmes. Assim tamb\u00e9m s\u00e3o as \u00e1rvores, um dos seres vivos com maior tempo de vida. Ainda que essa longevidade dependa de muitos fatores, \u00e9 sempre impactante constatar que a \u00e1rvore sobrevive a muitas intemp\u00e9ries porque tem ra\u00edzes profundas. Essas ra\u00edzes s\u00e3o suportes fundamentais. A cole\u00e7\u00e3o Fundamentos apresenta os elementos fundamentais da educa\u00e7\u00e3o crist\u00e3 escolar de um modo racional e compreensivo, desafiando o educador \u00e0 reflex\u00e3o. A cosmovis\u00e3o b\u00edblica \u00e9, cuidadosamente, articulada, e cada cap\u00edtulo incentiva o educador a um estudo enriquecido e diferenciado, necess\u00e1rio ao ensino crist\u00e3o aut\u00eantico e eficaz.<\/p>\n<p>Embora trate o aspecto filos\u00f3fico da educa\u00e7\u00e3o, a cole\u00e7\u00e3o Fundamentos \u00e9 uma leitura agrad\u00e1vel, que conduz o leitor \u00e0s implica\u00e7\u00f5es pr\u00e1ticas do ensino, como avalia\u00e7\u00f5es, curr\u00edculo, disciplina, desenvolvimento do car\u00e1ter.<\/p>\n<p>A grande tarefa da educa\u00e7\u00e3o crist\u00e3 \u00e9 levar o aluno a desejar uma vida transformada e cristoc\u00eantrica. O presente trabalho certamente incentivar\u00e1 e capacitar\u00e1 aquele que aceitar o chamado para ser educador na causa do Reino.<br \/>\ncada cap\u00edtulo cont\u00e9m:<\/p>\n<p>um resumo e uma quest\u00e3o direcionadora da frente do livro aplicada ao assunto tratado no cap\u00edtulo;<\/p>\n<p>um destaque para o di\u00e1logo do assunto do cap\u00edtulo com a situa\u00e7\u00e3o educacional brasileira;<\/p>\n<p>quest\u00f5es para estudo do cap\u00edtulo.<\/p>\n<p>Todo cap\u00edtulo cont\u00e9m tamb\u00e9m informa\u00e7\u00f5es sobre seu autor e refer\u00eancias bibliogr\u00e1ficas.<\/p>\n<p>Esperamos que voc\u00ea reflita, discuta e cres\u00e7a com essa leitura. Sobretudo, esperamos que Deus aben\u00e7oe os trabalhos, nas frentes da educa\u00e7\u00e3o escolar crist\u00e3, que Ele lhes tem confiado.<\/p>\n","protected":false},"excerpt":{"rendered":"<p>A rela\u00e7\u00e3o entre o nosso posicionamento cultural e a nossa vis\u00e3o da crian\u00e7a, do aprendiz, do aprendizado e do professor.<\/p>\n<p>Trataremos dos alunos, de sua constitui\u00e7\u00e3o fisiol\u00f3gica e dos estilos de aprendizagem, bem como dos professores e das qualidades mais adequadas para facilitar a aprendizagem dos alunos.<\/p>\n<p>Uma compreens\u00e3o dos fundamentos psicol\u00f3gicos do ensino firmemente estruturado numa filosofia b\u00edblica promove a ordem e a coes\u00e3o do curr\u00edculo de uma escola crist\u00e3. \u00c9 necess\u00e1rio que os professores entendam os v\u00e1rios estilos de aprendizagem e estejam preparados para ensin\u00e1-los. Os professores crist\u00e3os s\u00e3o mais do que simples transmissores de conhecimento; passam a ser modelos e mentores a seus alunos.<\/p>\n<p>Todo educador que atua em escolas crist\u00e3s deve encarar a import\u00e2ncia dos fundamentos psicol\u00f3gicos do processo de ensino. Um conhecimento pr\u00e1tico da psicologia do aprendiz e de sua rela\u00e7\u00e3o com a aprendizagem \u00e9 de fundamental import\u00e2ncia para o sucesso do professor.<\/p>\n<p>Estruturas que resistem e permanecem, sejam pontes, pr\u00e9dios, empresas ou projetos, t\u00eam algo em comum, fundamentos firmes. Assim tamb\u00e9m s\u00e3o as \u00e1rvores, um dos seres vivos com maior tempo de vida. Ainda que essa longevidade dependa de muitos fatores, \u00e9 sempre impactante constatar que a \u00e1rvore sobrevive a muitas intemp\u00e9ries porque tem ra\u00edzes profundas. Essas ra\u00edzes s\u00e3o suportes fundamentais. A cole\u00e7\u00e3o Fundamentos apresenta os elementos fundamentais da educa\u00e7\u00e3o crist\u00e3 escolar de um modo racional e compreensivo, desafiando o educador \u00e0 reflex\u00e3o. A cosmovis\u00e3o b\u00edblica \u00e9, cuidadosamente, articulada, e cada cap\u00edtulo incentiva o educador a um estudo enriquecido e diferenciado, necess\u00e1rio ao ensino crist\u00e3o aut\u00eantico e eficaz.<\/p>\n<p>Embora trate o aspecto filos\u00f3fico da educa\u00e7\u00e3o, a cole\u00e7\u00e3o Fundamentos \u00e9 uma leitura agrad\u00e1vel, que conduz o leitor \u00e0s implica\u00e7\u00f5es pr\u00e1ticas do ensino, como avalia\u00e7\u00f5es, curr\u00edculo, disciplina, desenvolvimento do car\u00e1ter.<\/p>\n<p>A grande tarefa da educa\u00e7\u00e3o crist\u00e3 \u00e9 levar o aluno a desejar uma vida transformada e cristoc\u00eantrica. O presente trabalho certamente incentivar\u00e1 e capacitar\u00e1 aquele que aceitar o chamado para ser educador na causa do Reino.<br \/>\ncada cap\u00edtulo cont\u00e9m:<\/p>\n<p>um resumo e uma quest\u00e3o direcionadora da frente do livro aplicada ao assunto tratado no cap\u00edtulo;<\/p>\n<p>um destaque para o di\u00e1logo do assunto do cap\u00edtulo com a situa\u00e7\u00e3o educacional brasileira;<\/p>\n<p>quest\u00f5es para estudo do cap\u00edtulo.<\/p>\n<p>Todo cap\u00edtulo cont\u00e9m tamb\u00e9m informa\u00e7\u00f5es sobre seu autor e refer\u00eancias bibliogr\u00e1ficas.<\/p>\n<p>Esperamos que voc\u00ea reflita, discuta e cres\u00e7a com essa leitura. Sobretudo, esperamos que Deus aben\u00e7oe os trabalhos, nas frentes da educa\u00e7\u00e3o escolar crist\u00e3, que Ele lhes tem confiado.<\/p>\n","protected":false},"featured_media":6587,"comment_status":"open","ping_status":"closed","template":"","meta":[],"product_brand":[],"product_cat":[40,154],"product_tag":[],"class_list":{"0":"post-792","1":"product","2":"type-product","3":"status-publish","4":"has-post-thumbnail","6":"product_cat-acsi-loja","7":"product_cat-formacao-profissional","9":"first","10":"instock","11":"featured","12":"shipping-taxable","13":"purchasable","14":"product-type-simple"},"_links":{"self":[{"href":"https:\/\/acsi.com.br\/lojavirtual\/wp-json\/wp\/v2\/product\/792","targetHints":{"allow":["GET"]}}],"collection":[{"href":"https:\/\/acsi.com.br\/lojavirtual\/wp-json\/wp\/v2\/product"}],"about":[{"href":"https:\/\/acsi.com.br\/lojavirtual\/wp-json\/wp\/v2\/types\/product"}],"replies":[{"embeddable":true,"href":"https:\/\/acsi.com.br\/lojavirtual\/wp-json\/wp\/v2\/comments?post=792"}],"version-history":[{"count":5,"href":"https:\/\/acsi.com.br\/lojavirtual\/wp-json\/wp\/v2\/product\/792\/revisions"}],"predecessor-version":[{"id":6591,"href":"https:\/\/acsi.com.br\/lojavirtual\/wp-json\/wp\/v2\/product\/792\/revisions\/6591"}],"wp:featuredmedia":[{"embeddable":true,"href":"https:\/\/acsi.com.br\/lojavirtual\/wp-json\/wp\/v2\/media\/6587"}],"wp:attachment":[{"href":"https:\/\/acsi.com.br\/lojavirtual\/wp-json\/wp\/v2\/media?parent=792"}],"wp:term":[{"taxonomy":"product_brand","embeddable":true,"href":"https:\/\/acsi.com.br\/lojavirtual\/wp-json\/wp\/v2\/product_brand?post=792"},{"taxonomy":"product_cat","embeddable":true,"href":"https:\/\/acsi.com.br\/lojavirtual\/wp-json\/wp\/v2\/product_cat?post=792"},{"taxonomy":"product_tag","embeddable":true,"href":"https:\/\/acsi.com.br\/lojavirtual\/wp-json\/wp\/v2\/product_tag?post=792"}],"curies":[{"name":"wp","href":"https:\/\/api.w.org\/{rel}","templated":true}]}}