{"id":783,"date":"2023-08-17T20:15:16","date_gmt":"2023-08-17T20:15:16","guid":{"rendered":"https:\/\/acsi.com.br\/lojavirtual\/?post_type=product&#038;p=783"},"modified":"2026-04-16T20:58:39","modified_gmt":"2026-04-16T23:58:39","slug":"desenvolvimento-curricular-para-escolas-cristas","status":"publish","type":"product","link":"https:\/\/acsi.com.br\/lojavirtual\/produto\/desenvolvimento-curricular-para-escolas-cristas\/","title":{"rendered":"Desenvolvimento Curricular para Escolas Crist\u00e3s"},"content":{"rendered":"<p>O prop\u00f3sito deste livro \u00e9 ajudar a equipe de lideran\u00e7a e corpo docente das escolas crist\u00e3s a compreenderem melhor os elementos do desenvolvimento curricular e forma de elaborar um curr\u00edculo que reflita tanto uma pesquisa educacional s\u00f3lida, quanto a declara\u00e7\u00e3o de miss\u00e3o crist\u00e3.<\/p>\n","protected":false},"excerpt":{"rendered":"<p>O prop\u00f3sito deste livro \u00e9 ajudar a equipe de lideran\u00e7a e corpo docente das escolas crist\u00e3s a compreenderem melhor os elementos do desenvolvimento curricular e forma de elaborar um curr\u00edculo que reflita tanto uma pesquisa educacional s\u00f3lida, quanto a declara\u00e7\u00e3o de miss\u00e3o crist\u00e3.<\/p>\n","protected":false},"featured_media":784,"comment_status":"closed","ping_status":"closed","template":"","meta":[],"product_brand":[],"product_cat":[40,154],"product_tag":[],"class_list":{"0":"post-783","1":"product","2":"type-product","3":"status-publish","4":"has-post-thumbnail","6":"product_cat-acsi-loja","7":"product_cat-formacao-profissional","9":"first","10":"instock","11":"shipping-taxable","12":"purchasable","13":"product-type-simple"},"_links":{"self":[{"href":"https:\/\/acsi.com.br\/lojavirtual\/wp-json\/wp\/v2\/product\/783","targetHints":{"allow":["GET"]}}],"collection":[{"href":"https:\/\/acsi.com.br\/lojavirtual\/wp-json\/wp\/v2\/product"}],"about":[{"href":"https:\/\/acsi.com.br\/lojavirtual\/wp-json\/wp\/v2\/types\/product"}],"replies":[{"embeddable":true,"href":"https:\/\/acsi.com.br\/lojavirtual\/wp-json\/wp\/v2\/comments?post=783"}],"version-history":[{"count":1,"href":"https:\/\/acsi.com.br\/lojavirtual\/wp-json\/wp\/v2\/product\/783\/revisions"}],"predecessor-version":[{"id":785,"href":"https:\/\/acsi.com.br\/lojavirtual\/wp-json\/wp\/v2\/product\/783\/revisions\/785"}],"wp:featuredmedia":[{"embeddable":true,"href":"https:\/\/acsi.com.br\/lojavirtual\/wp-json\/wp\/v2\/media\/784"}],"wp:attachment":[{"href":"https:\/\/acsi.com.br\/lojavirtual\/wp-json\/wp\/v2\/media?parent=783"}],"wp:term":[{"taxonomy":"product_brand","embeddable":true,"href":"https:\/\/acsi.com.br\/lojavirtual\/wp-json\/wp\/v2\/product_brand?post=783"},{"taxonomy":"product_cat","embeddable":true,"href":"https:\/\/acsi.com.br\/lojavirtual\/wp-json\/wp\/v2\/product_cat?post=783"},{"taxonomy":"product_tag","embeddable":true,"href":"https:\/\/acsi.com.br\/lojavirtual\/wp-json\/wp\/v2\/product_tag?post=783"}],"curies":[{"name":"wp","href":"https:\/\/api.w.org\/{rel}","templated":true}]}}