{"id":771,"date":"2023-08-17T20:06:07","date_gmt":"2023-08-17T20:06:07","guid":{"rendered":"https:\/\/acsi.com.br\/lojavirtual\/?post_type=product&#038;p=771"},"modified":"2026-03-30T10:53:29","modified_gmt":"2026-03-30T13:53:29","slug":"enciclopedia-das-verdades-biblicas-ciencias-humanas","status":"publish","type":"product","link":"https:\/\/acsi.com.br\/lojavirtual\/produto\/enciclopedia-das-verdades-biblicas-ciencias-humanas\/","title":{"rendered":"Enciclop\u00e9dia das Verdades B\u00edblicas &#8211; Ci\u00eancias Humanas"},"content":{"rendered":"<p>A Enciclop\u00e9dia das Verdades B\u00edblicas \u00e9 uma ferramenta desenhada para ajudar voc\u00ea a encontrar a perspectiva de Deus a respeito de v\u00e1rios assuntos. A princ\u00edpio, tem-se a impress\u00e3o de ser um instrumento que se aplica somente \u00e0 elabora\u00e7\u00e3o do curr\u00edculo escolar crist\u00e3o e planejamento de aulas; por\u00e9m, possui valor relevante para pesquisadores, execu\u00e7\u00e3o de projetos, al\u00e9m de ser uma rica fonte de t\u00f3picos para estudos bibl\u00edcos, escola dominical, palestras e serm\u00f5es.<\/p>\n","protected":false},"excerpt":{"rendered":"<p>A Enciclop\u00e9dia das Verdades B\u00edblicas \u00e9 uma ferramenta desenhada para ajudar voc\u00ea a encontrar a perspectiva de Deus a respeito de v\u00e1rios assuntos. A princ\u00edpio, tem-se a impress\u00e3o de ser um instrumento que se aplica somente \u00e0 elabora\u00e7\u00e3o do curr\u00edculo escolar crist\u00e3o e planejamento de aulas; por\u00e9m, possui valor relevante para pesquisadores, execu\u00e7\u00e3o de projetos, al\u00e9m de ser uma rica fonte de t\u00f3picos para estudos bibl\u00edcos, escola dominical, palestras e serm\u00f5es.<\/p>\n","protected":false},"featured_media":772,"comment_status":"open","ping_status":"closed","template":"","meta":[],"product_brand":[],"product_cat":[40,154],"product_tag":[],"class_list":{"0":"post-771","1":"product","2":"type-product","3":"status-publish","4":"has-post-thumbnail","6":"product_cat-acsi-loja","7":"product_cat-formacao-profissional","9":"first","10":"instock","11":"shipping-taxable","12":"purchasable","13":"product-type-simple"},"_links":{"self":[{"href":"https:\/\/acsi.com.br\/lojavirtual\/wp-json\/wp\/v2\/product\/771","targetHints":{"allow":["GET"]}}],"collection":[{"href":"https:\/\/acsi.com.br\/lojavirtual\/wp-json\/wp\/v2\/product"}],"about":[{"href":"https:\/\/acsi.com.br\/lojavirtual\/wp-json\/wp\/v2\/types\/product"}],"replies":[{"embeddable":true,"href":"https:\/\/acsi.com.br\/lojavirtual\/wp-json\/wp\/v2\/comments?post=771"}],"version-history":[{"count":1,"href":"https:\/\/acsi.com.br\/lojavirtual\/wp-json\/wp\/v2\/product\/771\/revisions"}],"predecessor-version":[{"id":773,"href":"https:\/\/acsi.com.br\/lojavirtual\/wp-json\/wp\/v2\/product\/771\/revisions\/773"}],"wp:featuredmedia":[{"embeddable":true,"href":"https:\/\/acsi.com.br\/lojavirtual\/wp-json\/wp\/v2\/media\/772"}],"wp:attachment":[{"href":"https:\/\/acsi.com.br\/lojavirtual\/wp-json\/wp\/v2\/media?parent=771"}],"wp:term":[{"taxonomy":"product_brand","embeddable":true,"href":"https:\/\/acsi.com.br\/lojavirtual\/wp-json\/wp\/v2\/product_brand?post=771"},{"taxonomy":"product_cat","embeddable":true,"href":"https:\/\/acsi.com.br\/lojavirtual\/wp-json\/wp\/v2\/product_cat?post=771"},{"taxonomy":"product_tag","embeddable":true,"href":"https:\/\/acsi.com.br\/lojavirtual\/wp-json\/wp\/v2\/product_tag?post=771"}],"curies":[{"name":"wp","href":"https:\/\/api.w.org\/{rel}","templated":true}]}}