{"id":769,"date":"2023-08-17T20:04:49","date_gmt":"2023-08-17T20:04:49","guid":{"rendered":"https:\/\/acsi.com.br\/lojavirtual\/?post_type=product&#038;p=769"},"modified":"2026-04-16T20:58:39","modified_gmt":"2026-04-16T23:58:39","slug":"kit-enciclopedia-das-verdades-biblicas","status":"publish","type":"product","link":"https:\/\/acsi.com.br\/lojavirtual\/produto\/kit-enciclopedia-das-verdades-biblicas\/","title":{"rendered":"Kit Enciclop\u00e9dia das Verdades B\u00edblicas"},"content":{"rendered":"<p>A Enciclop\u00e9dia das Verdades B\u00edblicas \u00e9 uma ferramenta desenhada para ajudar voc\u00ea a encontrar a perspectiva de Deus a respeito de v\u00e1rios assuntos.<\/p>\n","protected":false},"excerpt":{"rendered":"<p>A Enciclop\u00e9dia das Verdades B\u00edblicas \u00e9 uma ferramenta desenhada para ajudar voc\u00ea a encontrar a perspectiva de Deus a respeito de v\u00e1rios assuntos.<\/p>\n","protected":false},"featured_media":761,"comment_status":"closed","ping_status":"closed","template":"","meta":[],"product_brand":[],"product_cat":[40,154],"product_tag":[],"class_list":{"0":"post-769","1":"product","2":"type-product","3":"status-publish","4":"has-post-thumbnail","6":"product_cat-acsi-loja","7":"product_cat-formacao-profissional","9":"first","10":"instock","11":"shipping-taxable","12":"purchasable","13":"product-type-simple"},"_links":{"self":[{"href":"https:\/\/acsi.com.br\/lojavirtual\/wp-json\/wp\/v2\/product\/769","targetHints":{"allow":["GET"]}}],"collection":[{"href":"https:\/\/acsi.com.br\/lojavirtual\/wp-json\/wp\/v2\/product"}],"about":[{"href":"https:\/\/acsi.com.br\/lojavirtual\/wp-json\/wp\/v2\/types\/product"}],"replies":[{"embeddable":true,"href":"https:\/\/acsi.com.br\/lojavirtual\/wp-json\/wp\/v2\/comments?post=769"}],"version-history":[{"count":1,"href":"https:\/\/acsi.com.br\/lojavirtual\/wp-json\/wp\/v2\/product\/769\/revisions"}],"predecessor-version":[{"id":770,"href":"https:\/\/acsi.com.br\/lojavirtual\/wp-json\/wp\/v2\/product\/769\/revisions\/770"}],"wp:featuredmedia":[{"embeddable":true,"href":"https:\/\/acsi.com.br\/lojavirtual\/wp-json\/wp\/v2\/media\/761"}],"wp:attachment":[{"href":"https:\/\/acsi.com.br\/lojavirtual\/wp-json\/wp\/v2\/media?parent=769"}],"wp:term":[{"taxonomy":"product_brand","embeddable":true,"href":"https:\/\/acsi.com.br\/lojavirtual\/wp-json\/wp\/v2\/product_brand?post=769"},{"taxonomy":"product_cat","embeddable":true,"href":"https:\/\/acsi.com.br\/lojavirtual\/wp-json\/wp\/v2\/product_cat?post=769"},{"taxonomy":"product_tag","embeddable":true,"href":"https:\/\/acsi.com.br\/lojavirtual\/wp-json\/wp\/v2\/product_tag?post=769"}],"curies":[{"name":"wp","href":"https:\/\/api.w.org\/{rel}","templated":true}]}}