{"id":735,"date":"2023-08-10T19:20:30","date_gmt":"2023-08-10T19:20:30","guid":{"rendered":"https:\/\/acsi.com.br\/lojavirtual\/?post_type=product&#038;p=735"},"modified":"2026-04-16T20:58:40","modified_gmt":"2026-04-16T23:58:40","slug":"as-aventuras-de-craby-o-caranguejo-encrenca-na-praia","status":"publish","type":"product","link":"https:\/\/acsi.com.br\/lojavirtual\/produto\/as-aventuras-de-craby-o-caranguejo-encrenca-na-praia\/","title":{"rendered":"As Aventuras de Craby &#8211; O Caranguejo encrenca na praia"},"content":{"rendered":"<p>Ensinando o princ\u00edpio do perd\u00e3o. Neste segundo livro, Craby e seus amigos se re\u00fanem na praia. Dia de muito sol, c\u00e9u azul, areia macia. Jimi trouxe uma bola de futebol&#8230; Pronto! O jogo j\u00e1 vai come\u00e7ar. Ser\u00e1 bem divertido! Mas, no meio da partida, come\u00e7am a surgir problemas. Ser\u00e1 que eles conseguir\u00e3o terminar o jogo sem brigar? Que li\u00e7\u00f5es Craby e seus amigos ter\u00e3o que aprender para continuar a ter uma boa amizade?<\/p>\n","protected":false},"excerpt":{"rendered":"<p>Ensinando o princ\u00edpio do perd\u00e3o. Neste segundo livro, Craby e seus amigos se re\u00fanem na praia. Dia de muito sol, c\u00e9u azul, areia macia. Jimi trouxe uma bola de futebol&#8230; Pronto! O jogo j\u00e1 vai come\u00e7ar. Ser\u00e1 bem divertido! Mas, no meio da partida, come\u00e7am a surgir problemas. Ser\u00e1 que eles conseguir\u00e3o terminar o jogo sem brigar? Que li\u00e7\u00f5es Craby e seus amigos ter\u00e3o que aprender para continuar a ter uma boa amizade?<\/p>\n","protected":false},"featured_media":736,"comment_status":"closed","ping_status":"closed","template":"","meta":[],"product_brand":[],"product_cat":[38],"product_tag":[136,152],"class_list":{"0":"post-735","1":"product","2":"type-product","3":"status-publish","4":"has-post-thumbnail","6":"product_cat-editora-betania","7":"product_tag-ate-2o-ano","8":"product_tag-fund-1","10":"first","11":"instock","12":"shipping-taxable","13":"purchasable","14":"product-type-simple"},"_links":{"self":[{"href":"https:\/\/acsi.com.br\/lojavirtual\/wp-json\/wp\/v2\/product\/735","targetHints":{"allow":["GET"]}}],"collection":[{"href":"https:\/\/acsi.com.br\/lojavirtual\/wp-json\/wp\/v2\/product"}],"about":[{"href":"https:\/\/acsi.com.br\/lojavirtual\/wp-json\/wp\/v2\/types\/product"}],"replies":[{"embeddable":true,"href":"https:\/\/acsi.com.br\/lojavirtual\/wp-json\/wp\/v2\/comments?post=735"}],"version-history":[{"count":1,"href":"https:\/\/acsi.com.br\/lojavirtual\/wp-json\/wp\/v2\/product\/735\/revisions"}],"predecessor-version":[{"id":737,"href":"https:\/\/acsi.com.br\/lojavirtual\/wp-json\/wp\/v2\/product\/735\/revisions\/737"}],"wp:featuredmedia":[{"embeddable":true,"href":"https:\/\/acsi.com.br\/lojavirtual\/wp-json\/wp\/v2\/media\/736"}],"wp:attachment":[{"href":"https:\/\/acsi.com.br\/lojavirtual\/wp-json\/wp\/v2\/media?parent=735"}],"wp:term":[{"taxonomy":"product_brand","embeddable":true,"href":"https:\/\/acsi.com.br\/lojavirtual\/wp-json\/wp\/v2\/product_brand?post=735"},{"taxonomy":"product_cat","embeddable":true,"href":"https:\/\/acsi.com.br\/lojavirtual\/wp-json\/wp\/v2\/product_cat?post=735"},{"taxonomy":"product_tag","embeddable":true,"href":"https:\/\/acsi.com.br\/lojavirtual\/wp-json\/wp\/v2\/product_tag?post=735"}],"curies":[{"name":"wp","href":"https:\/\/api.w.org\/{rel}","templated":true}]}}