{"id":73,"date":"2023-06-23T19:13:19","date_gmt":"2023-06-23T19:13:19","guid":{"rendered":"https:\/\/acsi.com.br\/lojavirtual\/?post_type=product&#038;p=73"},"modified":"2026-04-25T20:02:04","modified_gmt":"2026-04-25T23:02:04","slug":"o-pequeno-peregrino","status":"publish","type":"product","link":"https:\/\/acsi.com.br\/lojavirtual\/produto\/o-pequeno-peregrino\/","title":{"rendered":"O Pequeno Peregrino"},"content":{"rendered":"<p>Inspirado no cl\u00e1ssico &#8220;O Peregrino&#8221; de John Bunyan, essa hist\u00f3ria conta a aventura de Cristiano, que foi escolhido para participar de um banquete real no Pal\u00e1cio das Luzes. Essa aventura exigir\u00e1 dele muita perseveran\u00e7a e f\u00e9, onde se encontrar\u00e1 com v\u00e1rios personagens que tentar\u00e3o dissuad\u00ed-lo de seu prop\u00f3sito.<\/p>\n","protected":false},"excerpt":{"rendered":"<p>Inspirado no cl\u00e1ssico &#8220;O Peregrino&#8221; de John Bunyan, essa hist\u00f3ria conta a aventura de Cristiano, que foi escolhido para participar de um banquete real no Pal\u00e1cio das Luzes. Essa aventura exigir\u00e1 dele muita perseveran\u00e7a e f\u00e9, onde se encontrar\u00e1 com v\u00e1rios personagens que tentar\u00e3o dissuad\u00ed-lo de seu prop\u00f3sito.<\/p>\n","protected":false},"featured_media":757,"comment_status":"closed","ping_status":"closed","template":"","meta":[],"product_brand":[],"product_cat":[18],"product_tag":[139,152],"class_list":{"0":"post-73","1":"product","2":"type-product","3":"status-publish","4":"has-post-thumbnail","6":"product_cat-debs-editora","7":"product_tag-ate-5o-ano","8":"product_tag-fund-1","10":"first","11":"instock","12":"featured","13":"shipping-taxable","14":"purchasable","15":"product-type-simple"},"_links":{"self":[{"href":"https:\/\/acsi.com.br\/lojavirtual\/wp-json\/wp\/v2\/product\/73","targetHints":{"allow":["GET"]}}],"collection":[{"href":"https:\/\/acsi.com.br\/lojavirtual\/wp-json\/wp\/v2\/product"}],"about":[{"href":"https:\/\/acsi.com.br\/lojavirtual\/wp-json\/wp\/v2\/types\/product"}],"replies":[{"embeddable":true,"href":"https:\/\/acsi.com.br\/lojavirtual\/wp-json\/wp\/v2\/comments?post=73"}],"version-history":[{"count":2,"href":"https:\/\/acsi.com.br\/lojavirtual\/wp-json\/wp\/v2\/product\/73\/revisions"}],"predecessor-version":[{"id":216,"href":"https:\/\/acsi.com.br\/lojavirtual\/wp-json\/wp\/v2\/product\/73\/revisions\/216"}],"wp:featuredmedia":[{"embeddable":true,"href":"https:\/\/acsi.com.br\/lojavirtual\/wp-json\/wp\/v2\/media\/757"}],"wp:attachment":[{"href":"https:\/\/acsi.com.br\/lojavirtual\/wp-json\/wp\/v2\/media?parent=73"}],"wp:term":[{"taxonomy":"product_brand","embeddable":true,"href":"https:\/\/acsi.com.br\/lojavirtual\/wp-json\/wp\/v2\/product_brand?post=73"},{"taxonomy":"product_cat","embeddable":true,"href":"https:\/\/acsi.com.br\/lojavirtual\/wp-json\/wp\/v2\/product_cat?post=73"},{"taxonomy":"product_tag","embeddable":true,"href":"https:\/\/acsi.com.br\/lojavirtual\/wp-json\/wp\/v2\/product_tag?post=73"}],"curies":[{"name":"wp","href":"https:\/\/api.w.org\/{rel}","templated":true}]}}