{"id":7277,"date":"2025-11-18T15:18:47","date_gmt":"2025-11-18T18:18:47","guid":{"rendered":"https:\/\/acsi.com.br\/lojavirtual\/?post_type=product&#038;p=7277"},"modified":"2025-11-18T15:23:47","modified_gmt":"2025-11-18T18:23:47","slug":"o-que-a-biblia-diz-sobre-isso-curriculo-de-cosmovisao-biblica","status":"publish","type":"product","link":"https:\/\/acsi.com.br\/lojavirtual\/produto\/o-que-a-biblia-diz-sobre-isso-curriculo-de-cosmovisao-biblica\/","title":{"rendered":"O que a B\u00edblia diz sobre isso? Curr\u00edculo de Cosmovis\u00e3o b\u00edblica"},"content":{"rendered":"<div style=\"text-align: left\">Este livro auxilia os pequenos observadores a desenvolverem as percep\u00e7\u00f5es essenciais da vis\u00e3o de mundo verdadeiramente crist\u00e3. \u00c9 f\u00e1cil de ser compreendido, embora apresente a base de conte\u00fados super desafiadores como: epistemologia (estudo da verdade), \u00e9tica (certo e errado), origem da vida, causalidade, antropologia, sociologia, institui\u00e7\u00f5es de autoridade (fam\u00edlia, igreja, governo civil), educa\u00e7\u00e3o, economia, defesa, criminalidade e caridade. Nesta era humanista contagiosa, \u00e9 necess\u00e1rio um material com a verdadeira cosmovis\u00e3o b\u00edblica sobre o mundo que os cerca. O mundo p\u00f3s-moderno tem sido como um furac\u00e3o violento, em que as pessoas facilmente est\u00e3o sendo arrastadas por todo vento de enganosas filosofias. \u00c9 o mundo do humanismo p\u00f3s-crist\u00e3o.<\/div>\n<div><\/div>\n","protected":false},"excerpt":{"rendered":"<p>Este livro auxilia os pequenos observadores a desenvolverem as percep\u00e7\u00f5es essenciais da vis\u00e3o de mundo verdadeiramente crist\u00e3. \u00c9 f\u00e1cil de ser compreendido, embora apresente a base de conte\u00fados super desafiadores como: epistemologia (estudo da verdade), \u00e9tica (certo e errado), origem da vida, causalidade, antropologia, sociologia, institui\u00e7\u00f5es de autoridade (fam\u00edlia, igreja, governo civil), educa\u00e7\u00e3o, economia, defesa, criminalidade e caridade. Nesta era humanista contagiosa, \u00e9 necess\u00e1rio um material com a verdadeira cosmovis\u00e3o b\u00edblica sobre o mundo que os cerca. O mundo p\u00f3s-moderno tem sido como um furac\u00e3o violento, em que as pessoas facilmente est\u00e3o sendo arrastadas por todo vento de enganosas filosofias. \u00c9 o mundo do humanismo p\u00f3s-crist\u00e3o.<\/p>\n","protected":false},"featured_media":7276,"comment_status":"open","ping_status":"closed","template":"","meta":[],"product_brand":[],"product_cat":[143,296],"product_tag":[160],"class_list":{"0":"post-7277","1":"product","2":"type-product","3":"status-publish","4":"has-post-thumbnail","6":"product_cat-didaticos","7":"product_cat-editora-generations","8":"product_tag-6o-e-7o-ano","10":"first","11":"outofstock","12":"featured","13":"shipping-taxable","14":"purchasable","15":"product-type-simple"},"_links":{"self":[{"href":"https:\/\/acsi.com.br\/lojavirtual\/wp-json\/wp\/v2\/product\/7277","targetHints":{"allow":["GET"]}}],"collection":[{"href":"https:\/\/acsi.com.br\/lojavirtual\/wp-json\/wp\/v2\/product"}],"about":[{"href":"https:\/\/acsi.com.br\/lojavirtual\/wp-json\/wp\/v2\/types\/product"}],"replies":[{"embeddable":true,"href":"https:\/\/acsi.com.br\/lojavirtual\/wp-json\/wp\/v2\/comments?post=7277"}],"version-history":[{"count":1,"href":"https:\/\/acsi.com.br\/lojavirtual\/wp-json\/wp\/v2\/product\/7277\/revisions"}],"predecessor-version":[{"id":7278,"href":"https:\/\/acsi.com.br\/lojavirtual\/wp-json\/wp\/v2\/product\/7277\/revisions\/7278"}],"wp:featuredmedia":[{"embeddable":true,"href":"https:\/\/acsi.com.br\/lojavirtual\/wp-json\/wp\/v2\/media\/7276"}],"wp:attachment":[{"href":"https:\/\/acsi.com.br\/lojavirtual\/wp-json\/wp\/v2\/media?parent=7277"}],"wp:term":[{"taxonomy":"product_brand","embeddable":true,"href":"https:\/\/acsi.com.br\/lojavirtual\/wp-json\/wp\/v2\/product_brand?post=7277"},{"taxonomy":"product_cat","embeddable":true,"href":"https:\/\/acsi.com.br\/lojavirtual\/wp-json\/wp\/v2\/product_cat?post=7277"},{"taxonomy":"product_tag","embeddable":true,"href":"https:\/\/acsi.com.br\/lojavirtual\/wp-json\/wp\/v2\/product_tag?post=7277"}],"curies":[{"name":"wp","href":"https:\/\/api.w.org\/{rel}","templated":true}]}}