{"id":7272,"date":"2025-11-18T14:42:04","date_gmt":"2025-11-18T17:42:04","guid":{"rendered":"https:\/\/acsi.com.br\/lojavirtual\/?post_type=product&#038;p=7272"},"modified":"2026-01-21T15:09:17","modified_gmt":"2026-01-21T18:09:17","slug":"filosofia-essencial-para-cristaos-uma-introducao-a-realidade-ao-conhecimento-e-aos-valores","status":"publish","type":"product","link":"https:\/\/acsi.com.br\/lojavirtual\/produto\/filosofia-essencial-para-cristaos-uma-introducao-a-realidade-ao-conhecimento-e-aos-valores\/","title":{"rendered":"Filosofia Essencial para crist\u00e3os: Uma introdu\u00e7\u00e3o \u00e0 realidade, ao conhecimento e aos valores"},"content":{"rendered":"<p>Qual filosofia conduz a sua vida? Talvez voc\u00ea j\u00e1 tenha ouvido \u2014 ou at\u00e9 mesmo repetido \u2014 a ideia de que a filosofia \u00e9 complicada e te\u00f3rica demais para ter qualquer aplica\u00e7\u00e3o pr\u00e1tica na vida real. Por\u00e9m, em Filosofia Essencial para Crist\u00e3os, Filipe Fontes mostra que, na verdade, s\u00f3 existem dois tipos de pessoas: as que sabem que dependem da filosofia e as que dependem dela, mas n\u00e3o sabem. A pergunta mais importante \u00e9: a filosofia em que baseamos nossa vida, mesmo sem estarmos conscientes, \u00e9 boa ou ruim? Ao ler este livro, voc\u00ea se surpreender\u00e1 ao perceber como as principais tend\u00eancias filos\u00f3ficas est\u00e3o por toda parte e influenciam tudo em nossa vida, mas talvez fique ainda mais surpreso ao constatar que a B\u00edblia apresenta um modo muito melhor de pensarmos sobre a realidade, o conhecimento e os valores. N\u00e3o existe conflito entre f\u00e9 e raz\u00e3o.<\/p>\n","protected":false},"excerpt":{"rendered":"<p>Qual filosofia conduz a sua vida? Talvez voc\u00ea j\u00e1 tenha ouvido \u2014 ou at\u00e9 mesmo repetido \u2014 a ideia de que a filosofia \u00e9 complicada e te\u00f3rica demais para ter qualquer aplica\u00e7\u00e3o pr\u00e1tica na vida real. Por\u00e9m, em Filosofia Essencial para Crist\u00e3os, Filipe Fontes mostra que, na verdade, s\u00f3 existem dois tipos de pessoas: as que sabem que dependem da filosofia e as que dependem dela, mas n\u00e3o sabem. A pergunta mais importante \u00e9: a filosofia em que baseamos nossa vida, mesmo sem estarmos conscientes, \u00e9 boa ou ruim? Ao ler este livro, voc\u00ea se surpreender\u00e1 ao perceber como as principais tend\u00eancias filos\u00f3ficas est\u00e3o por toda parte e influenciam tudo em nossa vida, mas talvez fique ainda mais surpreso ao constatar que a B\u00edblia apresenta um modo muito melhor de pensarmos sobre a realidade, o conhecimento e os valores. N\u00e3o existe conflito entre f\u00e9 e raz\u00e3o.<\/p>\n","protected":false},"featured_media":7275,"comment_status":"open","ping_status":"closed","template":"","meta":[],"product_brand":[],"product_cat":[20,154],"product_tag":[],"class_list":{"0":"post-7272","1":"product","2":"type-product","3":"status-publish","4":"has-post-thumbnail","6":"product_cat-editora-fiel","7":"product_cat-formacao-profissional","9":"first","10":"instock","11":"shipping-taxable","12":"purchasable","13":"product-type-simple"},"_links":{"self":[{"href":"https:\/\/acsi.com.br\/lojavirtual\/wp-json\/wp\/v2\/product\/7272","targetHints":{"allow":["GET"]}}],"collection":[{"href":"https:\/\/acsi.com.br\/lojavirtual\/wp-json\/wp\/v2\/product"}],"about":[{"href":"https:\/\/acsi.com.br\/lojavirtual\/wp-json\/wp\/v2\/types\/product"}],"replies":[{"embeddable":true,"href":"https:\/\/acsi.com.br\/lojavirtual\/wp-json\/wp\/v2\/comments?post=7272"}],"version-history":[{"count":1,"href":"https:\/\/acsi.com.br\/lojavirtual\/wp-json\/wp\/v2\/product\/7272\/revisions"}],"predecessor-version":[{"id":7273,"href":"https:\/\/acsi.com.br\/lojavirtual\/wp-json\/wp\/v2\/product\/7272\/revisions\/7273"}],"wp:featuredmedia":[{"embeddable":true,"href":"https:\/\/acsi.com.br\/lojavirtual\/wp-json\/wp\/v2\/media\/7275"}],"wp:attachment":[{"href":"https:\/\/acsi.com.br\/lojavirtual\/wp-json\/wp\/v2\/media?parent=7272"}],"wp:term":[{"taxonomy":"product_brand","embeddable":true,"href":"https:\/\/acsi.com.br\/lojavirtual\/wp-json\/wp\/v2\/product_brand?post=7272"},{"taxonomy":"product_cat","embeddable":true,"href":"https:\/\/acsi.com.br\/lojavirtual\/wp-json\/wp\/v2\/product_cat?post=7272"},{"taxonomy":"product_tag","embeddable":true,"href":"https:\/\/acsi.com.br\/lojavirtual\/wp-json\/wp\/v2\/product_tag?post=7272"}],"curies":[{"name":"wp","href":"https:\/\/api.w.org\/{rel}","templated":true}]}}