{"id":726,"date":"2023-08-10T18:29:45","date_gmt":"2023-08-10T18:29:45","guid":{"rendered":"https:\/\/acsi.com.br\/lojavirtual\/?post_type=product&#038;p=726"},"modified":"2026-02-25T11:59:11","modified_gmt":"2026-02-25T14:59:11","slug":"liberdade-em-babilonia-colecao-grandes-imperios-e-civilizacoes","status":"publish","type":"product","link":"https:\/\/acsi.com.br\/lojavirtual\/produto\/liberdade-em-babilonia-colecao-grandes-imperios-e-civilizacoes\/","title":{"rendered":"Liberdade em Babil\u00f4nia &#8211; Cole\u00e7\u00e3o: Grandes Imp\u00e9rios e Civiliza\u00e7\u00f5es"},"content":{"rendered":"<p>Um colecionador e um assaltante se uniram em busca de um artigo babil\u00f4nico, mas algo inesperado aconteceu.<\/p>\n","protected":false},"excerpt":{"rendered":"<p>Um colecionador e um assaltante se uniram em busca de um artigo babil\u00f4nico, mas algo inesperado aconteceu.<\/p>\n","protected":false},"featured_media":727,"comment_status":"open","ping_status":"closed","template":"","meta":[],"product_brand":[],"product_cat":[36],"product_tag":[139,152],"class_list":{"0":"post-726","1":"product","2":"type-product","3":"status-publish","4":"has-post-thumbnail","6":"product_cat-casa-publicadora-brasileira","7":"product_tag-ate-5o-ano","8":"product_tag-fund-1","10":"first","11":"instock","12":"shipping-taxable","13":"purchasable","14":"product-type-simple"},"_links":{"self":[{"href":"https:\/\/acsi.com.br\/lojavirtual\/wp-json\/wp\/v2\/product\/726","targetHints":{"allow":["GET"]}}],"collection":[{"href":"https:\/\/acsi.com.br\/lojavirtual\/wp-json\/wp\/v2\/product"}],"about":[{"href":"https:\/\/acsi.com.br\/lojavirtual\/wp-json\/wp\/v2\/types\/product"}],"replies":[{"embeddable":true,"href":"https:\/\/acsi.com.br\/lojavirtual\/wp-json\/wp\/v2\/comments?post=726"}],"version-history":[{"count":2,"href":"https:\/\/acsi.com.br\/lojavirtual\/wp-json\/wp\/v2\/product\/726\/revisions"}],"predecessor-version":[{"id":1272,"href":"https:\/\/acsi.com.br\/lojavirtual\/wp-json\/wp\/v2\/product\/726\/revisions\/1272"}],"wp:featuredmedia":[{"embeddable":true,"href":"https:\/\/acsi.com.br\/lojavirtual\/wp-json\/wp\/v2\/media\/727"}],"wp:attachment":[{"href":"https:\/\/acsi.com.br\/lojavirtual\/wp-json\/wp\/v2\/media?parent=726"}],"wp:term":[{"taxonomy":"product_brand","embeddable":true,"href":"https:\/\/acsi.com.br\/lojavirtual\/wp-json\/wp\/v2\/product_brand?post=726"},{"taxonomy":"product_cat","embeddable":true,"href":"https:\/\/acsi.com.br\/lojavirtual\/wp-json\/wp\/v2\/product_cat?post=726"},{"taxonomy":"product_tag","embeddable":true,"href":"https:\/\/acsi.com.br\/lojavirtual\/wp-json\/wp\/v2\/product_tag?post=726"}],"curies":[{"name":"wp","href":"https:\/\/api.w.org\/{rel}","templated":true}]}}