{"id":723,"date":"2023-08-10T18:28:44","date_gmt":"2023-08-10T18:28:44","guid":{"rendered":"https:\/\/acsi.com.br\/lojavirtual\/?post_type=product&#038;p=723"},"modified":"2026-02-25T11:59:11","modified_gmt":"2026-02-25T14:59:11","slug":"vida-nova-em-roma-colecao-grandes-imperios-e-civilizacoes","status":"publish","type":"product","link":"https:\/\/acsi.com.br\/lojavirtual\/produto\/vida-nova-em-roma-colecao-grandes-imperios-e-civilizacoes\/","title":{"rendered":"Vida nova em Roma &#8211; Cole\u00e7\u00e3o: Grandes Imp\u00e9rios e Civiliza\u00e7\u00f5es"},"content":{"rendered":"<p>Tudo come\u00e7ou em Roma, lugar onde Itzhak, rep\u00f3rter de uma revista de Israel, conheceu um homem misterioso que lhe revelou algo capaz de mudar seu modo de pensar e viver.<\/p>\n","protected":false},"excerpt":{"rendered":"<p>Tudo come\u00e7ou em Roma, lugar onde Itzhak, rep\u00f3rter de uma revista de Israel, conheceu um homem misterioso que lhe revelou algo capaz de mudar seu modo de pensar e viver.<\/p>\n","protected":false},"featured_media":724,"comment_status":"open","ping_status":"closed","template":"","meta":[],"product_brand":[],"product_cat":[36],"product_tag":[139,152],"class_list":{"0":"post-723","1":"product","2":"type-product","3":"status-publish","4":"has-post-thumbnail","6":"product_cat-casa-publicadora-brasileira","7":"product_tag-ate-5o-ano","8":"product_tag-fund-1","10":"first","11":"instock","12":"shipping-taxable","13":"purchasable","14":"product-type-simple"},"_links":{"self":[{"href":"https:\/\/acsi.com.br\/lojavirtual\/wp-json\/wp\/v2\/product\/723","targetHints":{"allow":["GET"]}}],"collection":[{"href":"https:\/\/acsi.com.br\/lojavirtual\/wp-json\/wp\/v2\/product"}],"about":[{"href":"https:\/\/acsi.com.br\/lojavirtual\/wp-json\/wp\/v2\/types\/product"}],"replies":[{"embeddable":true,"href":"https:\/\/acsi.com.br\/lojavirtual\/wp-json\/wp\/v2\/comments?post=723"}],"version-history":[{"count":1,"href":"https:\/\/acsi.com.br\/lojavirtual\/wp-json\/wp\/v2\/product\/723\/revisions"}],"predecessor-version":[{"id":725,"href":"https:\/\/acsi.com.br\/lojavirtual\/wp-json\/wp\/v2\/product\/723\/revisions\/725"}],"wp:featuredmedia":[{"embeddable":true,"href":"https:\/\/acsi.com.br\/lojavirtual\/wp-json\/wp\/v2\/media\/724"}],"wp:attachment":[{"href":"https:\/\/acsi.com.br\/lojavirtual\/wp-json\/wp\/v2\/media?parent=723"}],"wp:term":[{"taxonomy":"product_brand","embeddable":true,"href":"https:\/\/acsi.com.br\/lojavirtual\/wp-json\/wp\/v2\/product_brand?post=723"},{"taxonomy":"product_cat","embeddable":true,"href":"https:\/\/acsi.com.br\/lojavirtual\/wp-json\/wp\/v2\/product_cat?post=723"},{"taxonomy":"product_tag","embeddable":true,"href":"https:\/\/acsi.com.br\/lojavirtual\/wp-json\/wp\/v2\/product_tag?post=723"}],"curies":[{"name":"wp","href":"https:\/\/api.w.org\/{rel}","templated":true}]}}