{"id":717,"date":"2023-08-10T18:24:21","date_gmt":"2023-08-10T18:24:21","guid":{"rendered":"https:\/\/acsi.com.br\/lojavirtual\/?post_type=product&#038;p=717"},"modified":"2026-03-26T13:42:09","modified_gmt":"2026-03-26T16:42:09","slug":"conspiracao-na-persia-colecao-grandes-imperios-e-civilizacoes","status":"publish","type":"product","link":"https:\/\/acsi.com.br\/lojavirtual\/produto\/conspiracao-na-persia-colecao-grandes-imperios-e-civilizacoes\/","title":{"rendered":"Conspira\u00e7\u00e3o na P\u00e9rsia &#8211; Cole\u00e7\u00e3o: Grandes Imp\u00e9rios e Civiliza\u00e7\u00f5es"},"content":{"rendered":"<p>Duas mulheres de muita coragem: a rainha Ester, esposa do grande rei Xerxes I, da P\u00e9rsia, e a guerreira judia Sera. Ambas desafiaram tudo e todos para lutar pelo que acreditavam.<\/p>\n","protected":false},"excerpt":{"rendered":"<p>Duas mulheres de muita coragem: a rainha Ester, esposa do grande rei Xerxes I, da P\u00e9rsia, e a guerreira judia Sera. Ambas desafiaram tudo e todos para lutar pelo que acreditavam.<\/p>\n","protected":false},"featured_media":718,"comment_status":"open","ping_status":"closed","template":"","meta":[],"product_brand":[],"product_cat":[36],"product_tag":[139,152],"class_list":{"0":"post-717","1":"product","2":"type-product","3":"status-publish","4":"has-post-thumbnail","6":"product_cat-casa-publicadora-brasileira","7":"product_tag-ate-5o-ano","8":"product_tag-fund-1","10":"first","11":"instock","12":"shipping-taxable","13":"purchasable","14":"product-type-simple"},"_links":{"self":[{"href":"https:\/\/acsi.com.br\/lojavirtual\/wp-json\/wp\/v2\/product\/717","targetHints":{"allow":["GET"]}}],"collection":[{"href":"https:\/\/acsi.com.br\/lojavirtual\/wp-json\/wp\/v2\/product"}],"about":[{"href":"https:\/\/acsi.com.br\/lojavirtual\/wp-json\/wp\/v2\/types\/product"}],"replies":[{"embeddable":true,"href":"https:\/\/acsi.com.br\/lojavirtual\/wp-json\/wp\/v2\/comments?post=717"}],"version-history":[{"count":1,"href":"https:\/\/acsi.com.br\/lojavirtual\/wp-json\/wp\/v2\/product\/717\/revisions"}],"predecessor-version":[{"id":719,"href":"https:\/\/acsi.com.br\/lojavirtual\/wp-json\/wp\/v2\/product\/717\/revisions\/719"}],"wp:featuredmedia":[{"embeddable":true,"href":"https:\/\/acsi.com.br\/lojavirtual\/wp-json\/wp\/v2\/media\/718"}],"wp:attachment":[{"href":"https:\/\/acsi.com.br\/lojavirtual\/wp-json\/wp\/v2\/media?parent=717"}],"wp:term":[{"taxonomy":"product_brand","embeddable":true,"href":"https:\/\/acsi.com.br\/lojavirtual\/wp-json\/wp\/v2\/product_brand?post=717"},{"taxonomy":"product_cat","embeddable":true,"href":"https:\/\/acsi.com.br\/lojavirtual\/wp-json\/wp\/v2\/product_cat?post=717"},{"taxonomy":"product_tag","embeddable":true,"href":"https:\/\/acsi.com.br\/lojavirtual\/wp-json\/wp\/v2\/product_tag?post=717"}],"curies":[{"name":"wp","href":"https:\/\/api.w.org\/{rel}","templated":true}]}}