{"id":7168,"date":"2025-10-01T16:58:24","date_gmt":"2025-10-01T19:58:24","guid":{"rendered":"https:\/\/acsi.com.br\/lojavirtual\/?post_type=product&#038;p=7168"},"modified":"2026-04-16T20:57:28","modified_gmt":"2026-04-16T23:57:28","slug":"no-final-daquele-dia","status":"publish","type":"product","link":"https:\/\/acsi.com.br\/lojavirtual\/produto\/no-final-daquele-dia\/","title":{"rendered":"No Final Daquele Dia"},"content":{"rendered":"<p>Aos 17 anos, tudo o que Kai Fernandes deseja \u00e9 tornar-se surfista profissional. Quando surge a oportunidade de participar de um campeonato que poder\u00e1 ser o pontap\u00e9 inicial para sua carreira, ele n\u00e3o imagina que precisar\u00e1 contar com o favor de seu pai, um homem amargado pelo \u00e1lcool e pela vida.<\/p>\n<p>Preso a uma realidade familiar dif\u00edcil, seu ref\u00fagio \u00e9 o mar e seu grupo insepar\u00e1vel de amigos.<\/p>\n<p>Arthur, Ervilha e Giovana fazem a vida de Kai ter um sentido especial \u2014 mesmo que nada \u00e0 sua volta mais tenha.<\/p>\n<p><strong><i>No final daquele dia<\/i><\/strong>\u00a0trata da jornada de um garoto que n\u00e3o acredita que exista um Deus que se importa com ele. Trata de relacionamentos familiares quebrados e como a esperan\u00e7a pode restaur\u00e1-los. Trata do poder da amizade e do que acontece quando o Pai encontra um filho.<\/p>\n","protected":false},"excerpt":{"rendered":"<p>Depois de muita dedica\u00e7\u00e3o para conquistar suas primeiras f\u00e9rias sem os pais, Ch\u00e9r embarca em uma aventura repleta de dias ensolarados, banhos de mar, risadas e at\u00e9 mesmo um namoro fake. Mas, em meio a mentirinhas e momentos de divers\u00e3o, a jovem percebe que ainda tem muito a aprender.<\/p>\n<p>Ser\u00e1 que Ch\u00e9r est\u00e1 pronta para abra\u00e7ar as mudan\u00e7as e evoluir? Ou ser\u00e1 que ainda \u00e9 cedo demais?<\/p>\n<p>Com uma narrativa leve, divertida e cheia de li\u00e7\u00f5es preciosas,<strong><i>\u00a0Meu entardecer de outono<\/i><\/strong>\u00a0\u00e9 uma continua\u00e7\u00e3o perfeita para quem se apaixonou por\u00a0<strong><i>Meu sol de primavera<\/i><\/strong>. Queren Ane mais uma vez nos conduz por uma hist\u00f3ria que toca o cora\u00e7\u00e3o, arranca risos e, ao mesmo tempo, traz reflex\u00f5es sobre amadurecimento, amizades e a jornada crist\u00e3.<\/p>\n","protected":false},"featured_media":7164,"comment_status":"closed","ping_status":"closed","template":"","meta":[],"product_brand":[],"product_cat":[30],"product_tag":[],"class_list":{"0":"post-7168","1":"product","2":"type-product","3":"status-publish","4":"has-post-thumbnail","6":"product_cat-mundo-cristao","8":"first","9":"instock","10":"featured","11":"shipping-taxable","12":"purchasable","13":"product-type-simple"},"_links":{"self":[{"href":"https:\/\/acsi.com.br\/lojavirtual\/wp-json\/wp\/v2\/product\/7168","targetHints":{"allow":["GET"]}}],"collection":[{"href":"https:\/\/acsi.com.br\/lojavirtual\/wp-json\/wp\/v2\/product"}],"about":[{"href":"https:\/\/acsi.com.br\/lojavirtual\/wp-json\/wp\/v2\/types\/product"}],"replies":[{"embeddable":true,"href":"https:\/\/acsi.com.br\/lojavirtual\/wp-json\/wp\/v2\/comments?post=7168"}],"version-history":[{"count":1,"href":"https:\/\/acsi.com.br\/lojavirtual\/wp-json\/wp\/v2\/product\/7168\/revisions"}],"predecessor-version":[{"id":7169,"href":"https:\/\/acsi.com.br\/lojavirtual\/wp-json\/wp\/v2\/product\/7168\/revisions\/7169"}],"wp:featuredmedia":[{"embeddable":true,"href":"https:\/\/acsi.com.br\/lojavirtual\/wp-json\/wp\/v2\/media\/7164"}],"wp:attachment":[{"href":"https:\/\/acsi.com.br\/lojavirtual\/wp-json\/wp\/v2\/media?parent=7168"}],"wp:term":[{"taxonomy":"product_brand","embeddable":true,"href":"https:\/\/acsi.com.br\/lojavirtual\/wp-json\/wp\/v2\/product_brand?post=7168"},{"taxonomy":"product_cat","embeddable":true,"href":"https:\/\/acsi.com.br\/lojavirtual\/wp-json\/wp\/v2\/product_cat?post=7168"},{"taxonomy":"product_tag","embeddable":true,"href":"https:\/\/acsi.com.br\/lojavirtual\/wp-json\/wp\/v2\/product_tag?post=7168"}],"curies":[{"name":"wp","href":"https:\/\/api.w.org\/{rel}","templated":true}]}}