{"id":7162,"date":"2025-10-01T16:45:19","date_gmt":"2025-10-01T19:45:19","guid":{"rendered":"https:\/\/acsi.com.br\/lojavirtual\/?post_type=product&#038;p=7162"},"modified":"2026-03-30T10:46:47","modified_gmt":"2026-03-30T13:46:47","slug":"meu-entardecer-de-outono","status":"publish","type":"product","link":"https:\/\/acsi.com.br\/lojavirtual\/produto\/meu-entardecer-de-outono\/","title":{"rendered":"Meu Entardecer de Outono"},"content":{"rendered":"<p>Depois de muita dedica\u00e7\u00e3o para conquistar suas primeiras f\u00e9rias sem os pais, Ch\u00e9r embarca em uma aventura repleta de dias ensolarados, banhos de mar, risadas e at\u00e9 mesmo um namoro fake. Mas, em meio a mentirinhas e momentos de divers\u00e3o, a jovem percebe que ainda tem muito a aprender.<\/p>\n<p>Ser\u00e1 que Ch\u00e9r est\u00e1 pronta para abra\u00e7ar as mudan\u00e7as e evoluir? Ou ser\u00e1 que ainda \u00e9 cedo demais?<\/p>\n<p>Com uma narrativa leve, divertida e cheia de li\u00e7\u00f5es preciosas,<strong><i>\u00a0Meu entardecer de outono<\/i><\/strong>\u00a0\u00e9 uma continua\u00e7\u00e3o perfeita para quem se apaixonou por\u00a0<strong><i>Meu sol de primavera<\/i><\/strong>. Queren Ane mais uma vez nos conduz por uma hist\u00f3ria que toca o cora\u00e7\u00e3o, arranca risos e, ao mesmo tempo, traz reflex\u00f5es sobre amadurecimento, amizades e a jornada crist\u00e3.<\/p>\n","protected":false},"excerpt":{"rendered":"<p>Depois de muita dedica\u00e7\u00e3o para conquistar suas primeiras f\u00e9rias sem os pais, Ch\u00e9r embarca em uma aventura repleta de dias ensolarados, banhos de mar, risadas e at\u00e9 mesmo um namoro fake. Mas, em meio a mentirinhas e momentos de divers\u00e3o, a jovem percebe que ainda tem muito a aprender.<\/p>\n<p>Ser\u00e1 que Ch\u00e9r est\u00e1 pronta para abra\u00e7ar as mudan\u00e7as e evoluir? Ou ser\u00e1 que ainda \u00e9 cedo demais?<\/p>\n<p>Com uma narrativa leve, divertida e cheia de li\u00e7\u00f5es preciosas,<strong><i>\u00a0Meu entardecer de outono<\/i><\/strong>\u00a0\u00e9 uma continua\u00e7\u00e3o perfeita para quem se apaixonou por\u00a0<strong><i>Meu sol de primavera<\/i><\/strong>. Queren Ane mais uma vez nos conduz por uma hist\u00f3ria que toca o cora\u00e7\u00e3o, arranca risos e, ao mesmo tempo, traz reflex\u00f5es sobre amadurecimento, amizades e a jornada crist\u00e3.<\/p>\n","protected":false},"featured_media":7163,"comment_status":"open","ping_status":"closed","template":"","meta":[],"product_brand":[],"product_cat":[30],"product_tag":[],"class_list":{"0":"post-7162","1":"product","2":"type-product","3":"status-publish","4":"has-post-thumbnail","6":"product_cat-mundo-cristao","8":"first","9":"instock","10":"featured","11":"shipping-taxable","12":"purchasable","13":"product-type-simple"},"_links":{"self":[{"href":"https:\/\/acsi.com.br\/lojavirtual\/wp-json\/wp\/v2\/product\/7162","targetHints":{"allow":["GET"]}}],"collection":[{"href":"https:\/\/acsi.com.br\/lojavirtual\/wp-json\/wp\/v2\/product"}],"about":[{"href":"https:\/\/acsi.com.br\/lojavirtual\/wp-json\/wp\/v2\/types\/product"}],"replies":[{"embeddable":true,"href":"https:\/\/acsi.com.br\/lojavirtual\/wp-json\/wp\/v2\/comments?post=7162"}],"version-history":[{"count":1,"href":"https:\/\/acsi.com.br\/lojavirtual\/wp-json\/wp\/v2\/product\/7162\/revisions"}],"predecessor-version":[{"id":7167,"href":"https:\/\/acsi.com.br\/lojavirtual\/wp-json\/wp\/v2\/product\/7162\/revisions\/7167"}],"wp:featuredmedia":[{"embeddable":true,"href":"https:\/\/acsi.com.br\/lojavirtual\/wp-json\/wp\/v2\/media\/7163"}],"wp:attachment":[{"href":"https:\/\/acsi.com.br\/lojavirtual\/wp-json\/wp\/v2\/media?parent=7162"}],"wp:term":[{"taxonomy":"product_brand","embeddable":true,"href":"https:\/\/acsi.com.br\/lojavirtual\/wp-json\/wp\/v2\/product_brand?post=7162"},{"taxonomy":"product_cat","embeddable":true,"href":"https:\/\/acsi.com.br\/lojavirtual\/wp-json\/wp\/v2\/product_cat?post=7162"},{"taxonomy":"product_tag","embeddable":true,"href":"https:\/\/acsi.com.br\/lojavirtual\/wp-json\/wp\/v2\/product_tag?post=7162"}],"curies":[{"name":"wp","href":"https:\/\/api.w.org\/{rel}","templated":true}]}}