{"id":7150,"date":"2025-09-26T15:56:49","date_gmt":"2025-09-26T18:56:49","guid":{"rendered":"https:\/\/acsi.com.br\/lojavirtual\/?post_type=product&#038;p=7150"},"modified":"2026-05-04T06:07:16","modified_gmt":"2026-05-04T09:07:16","slug":"o-gato","status":"publish","type":"product","link":"https:\/\/acsi.com.br\/lojavirtual\/produto\/o-gato\/","title":{"rendered":"O Gato!"},"content":{"rendered":"<p>Um gato sem nada para fazer \u00e9 um convite \u00e0 bagun\u00e7a, e n\u00e3o demora muito para que ele encontre uma maneira de se aventurar pela casa, se metendo numa grande encrenca. O Gato \u00e9 um livro interativo, onde a crian\u00e7a poder\u00e1 utilizar sua criatividade para complementar a hist\u00f3ria aqui contada, fazendo dela uma experi\u00eancia \u00fanica, sob a luz e o ensinamento da Palavra de Deus.<\/p>\n","protected":false},"excerpt":{"rendered":"<p>Um gato sem nada para fazer \u00e9 um convite \u00e0 bagun\u00e7a, e n\u00e3o demora muito para que ele encontre uma maneira de se aventurar pela casa, se metendo numa grande encrenca. O Gato \u00e9 um livro interativo, onde a crian\u00e7a poder\u00e1 utilizar sua criatividade para complementar a hist\u00f3ria aqui contada, fazendo dela uma experi\u00eancia \u00fanica, sob a luz e o ensinamento da Palavra de Deus.<\/p>\n","protected":false},"featured_media":7117,"comment_status":"closed","ping_status":"closed","template":"","meta":[],"product_brand":[],"product_cat":[293],"product_tag":[153],"class_list":{"0":"post-7150","1":"product","2":"type-product","3":"status-publish","4":"has-post-thumbnail","6":"product_cat-louva-a-deus-edicoes","7":"product_tag-ed-infantil","9":"first","10":"instock","11":"shipping-taxable","12":"purchasable","13":"product-type-simple"},"_links":{"self":[{"href":"https:\/\/acsi.com.br\/lojavirtual\/wp-json\/wp\/v2\/product\/7150","targetHints":{"allow":["GET"]}}],"collection":[{"href":"https:\/\/acsi.com.br\/lojavirtual\/wp-json\/wp\/v2\/product"}],"about":[{"href":"https:\/\/acsi.com.br\/lojavirtual\/wp-json\/wp\/v2\/types\/product"}],"replies":[{"embeddable":true,"href":"https:\/\/acsi.com.br\/lojavirtual\/wp-json\/wp\/v2\/comments?post=7150"}],"version-history":[{"count":1,"href":"https:\/\/acsi.com.br\/lojavirtual\/wp-json\/wp\/v2\/product\/7150\/revisions"}],"predecessor-version":[{"id":7151,"href":"https:\/\/acsi.com.br\/lojavirtual\/wp-json\/wp\/v2\/product\/7150\/revisions\/7151"}],"wp:featuredmedia":[{"embeddable":true,"href":"https:\/\/acsi.com.br\/lojavirtual\/wp-json\/wp\/v2\/media\/7117"}],"wp:attachment":[{"href":"https:\/\/acsi.com.br\/lojavirtual\/wp-json\/wp\/v2\/media?parent=7150"}],"wp:term":[{"taxonomy":"product_brand","embeddable":true,"href":"https:\/\/acsi.com.br\/lojavirtual\/wp-json\/wp\/v2\/product_brand?post=7150"},{"taxonomy":"product_cat","embeddable":true,"href":"https:\/\/acsi.com.br\/lojavirtual\/wp-json\/wp\/v2\/product_cat?post=7150"},{"taxonomy":"product_tag","embeddable":true,"href":"https:\/\/acsi.com.br\/lojavirtual\/wp-json\/wp\/v2\/product_tag?post=7150"}],"curies":[{"name":"wp","href":"https:\/\/api.w.org\/{rel}","templated":true}]}}