{"id":7146,"date":"2025-09-26T15:52:09","date_gmt":"2025-09-26T18:52:09","guid":{"rendered":"https:\/\/acsi.com.br\/lojavirtual\/?post_type=product&#038;p=7146"},"modified":"2026-05-04T06:07:16","modified_gmt":"2026-05-04T09:07:16","slug":"o-ponto-inicial","status":"publish","type":"product","link":"https:\/\/acsi.com.br\/lojavirtual\/produto\/o-ponto-inicial\/","title":{"rendered":"O Ponto Inicial"},"content":{"rendered":"<p>Desenhos, ilustra\u00e7\u00f5es e as prestigiadas pinturas de artistas famosos, todas essas obras de arte t\u00eam um ponto em comum.<\/p>\n<p>Tudo come\u00e7a com um ponto.<br \/>\nE ponto final!<\/p>\n<p>O ponto inicial \u00e9 um livro que demonstra a evolu\u00e7\u00e3o que existe na obra de arte, numa linguagem de f\u00e1cil acesso para crian\u00e7as a partir de 2 anos.<\/p>\n","protected":false},"excerpt":{"rendered":"<p>Desenhos, ilustra\u00e7\u00f5es e as prestigiadas pinturas de artistas famosos, todas essas obras de arte t\u00eam um ponto em comum.<\/p>\n<p>Tudo come\u00e7a com um ponto.<br \/>\nE ponto final!<\/p>\n<p>O ponto inicial \u00e9 um livro que demonstra a evolu\u00e7\u00e3o que existe na obra de arte, numa linguagem de f\u00e1cil acesso para crian\u00e7as a partir de 2 anos.<\/p>\n","protected":false},"featured_media":7115,"comment_status":"closed","ping_status":"closed","template":"","meta":[],"product_brand":[],"product_cat":[293],"product_tag":[153],"class_list":{"0":"post-7146","1":"product","2":"type-product","3":"status-publish","4":"has-post-thumbnail","6":"product_cat-louva-a-deus-edicoes","7":"product_tag-ed-infantil","9":"first","10":"instock","11":"shipping-taxable","12":"purchasable","13":"product-type-simple"},"_links":{"self":[{"href":"https:\/\/acsi.com.br\/lojavirtual\/wp-json\/wp\/v2\/product\/7146","targetHints":{"allow":["GET"]}}],"collection":[{"href":"https:\/\/acsi.com.br\/lojavirtual\/wp-json\/wp\/v2\/product"}],"about":[{"href":"https:\/\/acsi.com.br\/lojavirtual\/wp-json\/wp\/v2\/types\/product"}],"replies":[{"embeddable":true,"href":"https:\/\/acsi.com.br\/lojavirtual\/wp-json\/wp\/v2\/comments?post=7146"}],"version-history":[{"count":1,"href":"https:\/\/acsi.com.br\/lojavirtual\/wp-json\/wp\/v2\/product\/7146\/revisions"}],"predecessor-version":[{"id":7147,"href":"https:\/\/acsi.com.br\/lojavirtual\/wp-json\/wp\/v2\/product\/7146\/revisions\/7147"}],"wp:featuredmedia":[{"embeddable":true,"href":"https:\/\/acsi.com.br\/lojavirtual\/wp-json\/wp\/v2\/media\/7115"}],"wp:attachment":[{"href":"https:\/\/acsi.com.br\/lojavirtual\/wp-json\/wp\/v2\/media?parent=7146"}],"wp:term":[{"taxonomy":"product_brand","embeddable":true,"href":"https:\/\/acsi.com.br\/lojavirtual\/wp-json\/wp\/v2\/product_brand?post=7146"},{"taxonomy":"product_cat","embeddable":true,"href":"https:\/\/acsi.com.br\/lojavirtual\/wp-json\/wp\/v2\/product_cat?post=7146"},{"taxonomy":"product_tag","embeddable":true,"href":"https:\/\/acsi.com.br\/lojavirtual\/wp-json\/wp\/v2\/product_tag?post=7146"}],"curies":[{"name":"wp","href":"https:\/\/api.w.org\/{rel}","templated":true}]}}