{"id":7144,"date":"2025-09-26T15:47:20","date_gmt":"2025-09-26T18:47:20","guid":{"rendered":"https:\/\/acsi.com.br\/lojavirtual\/?post_type=product&#038;p=7144"},"modified":"2026-04-16T20:57:28","modified_gmt":"2026-04-16T23:57:28","slug":"todo-mundo-foi-convidado","status":"publish","type":"product","link":"https:\/\/acsi.com.br\/lojavirtual\/produto\/todo-mundo-foi-convidado\/","title":{"rendered":"Todo Mundo Foi Convidado"},"content":{"rendered":"<p>Sabe quando voc\u00ea chega num lugar e, de repente, come\u00e7a a encher de gente?<\/p>\n<p>\u00c9 normal! Afinal, todo mundo foi convidado!<\/p>\n<p>Este livro mostra como precisamos superar nossas diferen\u00e7as por algo muito maior do que n\u00f3s mesmos.<\/p>\n<p>Venha fazer parte desta hist\u00f3ria.<\/p>\n<p>O convite tamb\u00e9m \u00e9 para voc\u00ea.<\/p>\n","protected":false},"excerpt":{"rendered":"<p>Sabe quando voc\u00ea chega num lugar e, de repente, come\u00e7a a encher de gente?<\/p>\n<p>\u00c9 normal! Afinal, todo mundo foi convidado!<\/p>\n<p>Este livro mostra como precisamos superar nossas diferen\u00e7as por algo muito maior do que n\u00f3s mesmos.<\/p>\n<p>Venha fazer parte desta hist\u00f3ria.<\/p>\n<p>O convite tamb\u00e9m \u00e9 para voc\u00ea.<\/p>\n","protected":false},"featured_media":7114,"comment_status":"closed","ping_status":"closed","template":"","meta":[],"product_brand":[],"product_cat":[293],"product_tag":[153],"class_list":{"0":"post-7144","1":"product","2":"type-product","3":"status-publish","4":"has-post-thumbnail","6":"product_cat-louva-a-deus-edicoes","7":"product_tag-ed-infantil","9":"first","10":"instock","11":"shipping-taxable","12":"purchasable","13":"product-type-simple"},"_links":{"self":[{"href":"https:\/\/acsi.com.br\/lojavirtual\/wp-json\/wp\/v2\/product\/7144","targetHints":{"allow":["GET"]}}],"collection":[{"href":"https:\/\/acsi.com.br\/lojavirtual\/wp-json\/wp\/v2\/product"}],"about":[{"href":"https:\/\/acsi.com.br\/lojavirtual\/wp-json\/wp\/v2\/types\/product"}],"replies":[{"embeddable":true,"href":"https:\/\/acsi.com.br\/lojavirtual\/wp-json\/wp\/v2\/comments?post=7144"}],"version-history":[{"count":1,"href":"https:\/\/acsi.com.br\/lojavirtual\/wp-json\/wp\/v2\/product\/7144\/revisions"}],"predecessor-version":[{"id":7145,"href":"https:\/\/acsi.com.br\/lojavirtual\/wp-json\/wp\/v2\/product\/7144\/revisions\/7145"}],"wp:featuredmedia":[{"embeddable":true,"href":"https:\/\/acsi.com.br\/lojavirtual\/wp-json\/wp\/v2\/media\/7114"}],"wp:attachment":[{"href":"https:\/\/acsi.com.br\/lojavirtual\/wp-json\/wp\/v2\/media?parent=7144"}],"wp:term":[{"taxonomy":"product_brand","embeddable":true,"href":"https:\/\/acsi.com.br\/lojavirtual\/wp-json\/wp\/v2\/product_brand?post=7144"},{"taxonomy":"product_cat","embeddable":true,"href":"https:\/\/acsi.com.br\/lojavirtual\/wp-json\/wp\/v2\/product_cat?post=7144"},{"taxonomy":"product_tag","embeddable":true,"href":"https:\/\/acsi.com.br\/lojavirtual\/wp-json\/wp\/v2\/product_tag?post=7144"}],"curies":[{"name":"wp","href":"https:\/\/api.w.org\/{rel}","templated":true}]}}