{"id":714,"date":"2023-08-10T18:10:55","date_gmt":"2023-08-10T18:10:55","guid":{"rendered":"https:\/\/acsi.com.br\/lojavirtual\/?post_type=product&#038;p=714"},"modified":"2026-02-25T11:59:11","modified_gmt":"2026-02-25T14:59:11","slug":"o-que-ele-viu-na-grecia-colecao-grandes-imperios-e-civilizacoes","status":"publish","type":"product","link":"https:\/\/acsi.com.br\/lojavirtual\/produto\/o-que-ele-viu-na-grecia-colecao-grandes-imperios-e-civilizacoes\/","title":{"rendered":"O que ele viu na Gr\u00e9cia &#8211; Cole\u00e7\u00e3o: Grandes Imp\u00e9rios e Civiliza\u00e7\u00f5es"},"content":{"rendered":"<p>Daxos e Heleia, dois adolescentes gregos, vivem muitas aventuras. Ele era espartano e cego desde a inf\u00e2ncia; ela era ateniense. Daxos estava apaixonado e descobriu algo fascinante, que mudou sua vida para sempre.<\/p>\n","protected":false},"excerpt":{"rendered":"<p>Daxos e Heleia, dois adolescentes gregos, vivem muitas aventuras. Ele era espartano e cego desde a inf\u00e2ncia; ela era ateniense. Daxos estava apaixonado e descobriu algo fascinante, que mudou sua vida para sempre.<\/p>\n","protected":false},"featured_media":715,"comment_status":"open","ping_status":"closed","template":"","meta":[],"product_brand":[],"product_cat":[36],"product_tag":[139,152],"class_list":{"0":"post-714","1":"product","2":"type-product","3":"status-publish","4":"has-post-thumbnail","6":"product_cat-casa-publicadora-brasileira","7":"product_tag-ate-5o-ano","8":"product_tag-fund-1","10":"first","11":"instock","12":"shipping-taxable","13":"purchasable","14":"product-type-simple"},"_links":{"self":[{"href":"https:\/\/acsi.com.br\/lojavirtual\/wp-json\/wp\/v2\/product\/714","targetHints":{"allow":["GET"]}}],"collection":[{"href":"https:\/\/acsi.com.br\/lojavirtual\/wp-json\/wp\/v2\/product"}],"about":[{"href":"https:\/\/acsi.com.br\/lojavirtual\/wp-json\/wp\/v2\/types\/product"}],"replies":[{"embeddable":true,"href":"https:\/\/acsi.com.br\/lojavirtual\/wp-json\/wp\/v2\/comments?post=714"}],"version-history":[{"count":1,"href":"https:\/\/acsi.com.br\/lojavirtual\/wp-json\/wp\/v2\/product\/714\/revisions"}],"predecessor-version":[{"id":716,"href":"https:\/\/acsi.com.br\/lojavirtual\/wp-json\/wp\/v2\/product\/714\/revisions\/716"}],"wp:featuredmedia":[{"embeddable":true,"href":"https:\/\/acsi.com.br\/lojavirtual\/wp-json\/wp\/v2\/media\/715"}],"wp:attachment":[{"href":"https:\/\/acsi.com.br\/lojavirtual\/wp-json\/wp\/v2\/media?parent=714"}],"wp:term":[{"taxonomy":"product_brand","embeddable":true,"href":"https:\/\/acsi.com.br\/lojavirtual\/wp-json\/wp\/v2\/product_brand?post=714"},{"taxonomy":"product_cat","embeddable":true,"href":"https:\/\/acsi.com.br\/lojavirtual\/wp-json\/wp\/v2\/product_cat?post=714"},{"taxonomy":"product_tag","embeddable":true,"href":"https:\/\/acsi.com.br\/lojavirtual\/wp-json\/wp\/v2\/product_tag?post=714"}],"curies":[{"name":"wp","href":"https:\/\/api.w.org\/{rel}","templated":true}]}}