{"id":7122,"date":"2025-09-26T14:32:09","date_gmt":"2025-09-26T17:32:09","guid":{"rendered":"https:\/\/acsi.com.br\/lojavirtual\/?post_type=product&#038;p=7122"},"modified":"2026-04-16T20:57:28","modified_gmt":"2026-04-16T23:57:28","slug":"joel-um-menino-da-galileia","status":"publish","type":"product","link":"https:\/\/acsi.com.br\/lojavirtual\/produto\/joel-um-menino-da-galileia\/","title":{"rendered":"Joel, Um Menino da Galileia"},"content":{"rendered":"<p>Joel \u00e9 um menino de cora\u00e7\u00e3o tomado por ressentimento e desejo de vingan\u00e7a contra o rapaz que o deixou aleijado quando ele era pequeno. Mas tudo muda quando ele conhece o Rabi Jesus, o Homem a respeito de quem todos vinham falando: ser\u00e1 Ele o Messias que Deus vinha anunciando pelos profetas?<\/p>\n","protected":false},"excerpt":{"rendered":"<p>Joel \u00e9 um menino de cora\u00e7\u00e3o tomado por ressentimento e desejo de vingan\u00e7a contra o rapaz que o deixou aleijado quando ele era pequeno. Mas tudo muda quando ele conhece o Rabi Jesus, o Homem a respeito de quem todos vinham falando: ser\u00e1 Ele o Messias que Deus vinha anunciando pelos profetas?<\/p>\n","protected":false},"featured_media":7106,"comment_status":"closed","ping_status":"closed","template":"","meta":[],"product_brand":[],"product_cat":[235],"product_tag":[209],"class_list":{"0":"post-7122","1":"product","2":"type-product","3":"status-publish","4":"has-post-thumbnail","6":"product_cat-gadel-editora","7":"product_tag-4o-e-5o-ano","9":"first","10":"outofstock","11":"featured","12":"shipping-taxable","13":"purchasable","14":"product-type-simple"},"_links":{"self":[{"href":"https:\/\/acsi.com.br\/lojavirtual\/wp-json\/wp\/v2\/product\/7122","targetHints":{"allow":["GET"]}}],"collection":[{"href":"https:\/\/acsi.com.br\/lojavirtual\/wp-json\/wp\/v2\/product"}],"about":[{"href":"https:\/\/acsi.com.br\/lojavirtual\/wp-json\/wp\/v2\/types\/product"}],"replies":[{"embeddable":true,"href":"https:\/\/acsi.com.br\/lojavirtual\/wp-json\/wp\/v2\/comments?post=7122"}],"version-history":[{"count":1,"href":"https:\/\/acsi.com.br\/lojavirtual\/wp-json\/wp\/v2\/product\/7122\/revisions"}],"predecessor-version":[{"id":7123,"href":"https:\/\/acsi.com.br\/lojavirtual\/wp-json\/wp\/v2\/product\/7122\/revisions\/7123"}],"wp:featuredmedia":[{"embeddable":true,"href":"https:\/\/acsi.com.br\/lojavirtual\/wp-json\/wp\/v2\/media\/7106"}],"wp:attachment":[{"href":"https:\/\/acsi.com.br\/lojavirtual\/wp-json\/wp\/v2\/media?parent=7122"}],"wp:term":[{"taxonomy":"product_brand","embeddable":true,"href":"https:\/\/acsi.com.br\/lojavirtual\/wp-json\/wp\/v2\/product_brand?post=7122"},{"taxonomy":"product_cat","embeddable":true,"href":"https:\/\/acsi.com.br\/lojavirtual\/wp-json\/wp\/v2\/product_cat?post=7122"},{"taxonomy":"product_tag","embeddable":true,"href":"https:\/\/acsi.com.br\/lojavirtual\/wp-json\/wp\/v2\/product_tag?post=7122"}],"curies":[{"name":"wp","href":"https:\/\/api.w.org\/{rel}","templated":true}]}}