{"id":711,"date":"2023-08-09T21:38:42","date_gmt":"2023-08-09T21:38:42","guid":{"rendered":"https:\/\/acsi.com.br\/lojavirtual\/?post_type=product&#038;p=711"},"modified":"2026-02-03T15:57:03","modified_gmt":"2026-02-03T18:57:03","slug":"descoberta-na-america-colecao-grandes-imperios-e-civilizacoes","status":"publish","type":"product","link":"https:\/\/acsi.com.br\/lojavirtual\/produto\/descoberta-na-america-colecao-grandes-imperios-e-civilizacoes\/","title":{"rendered":"Descoberta na Am\u00e9rica &#8211; Cole\u00e7\u00e3o: Grandes Imp\u00e9rios e Civiliza\u00e7\u00f5es"},"content":{"rendered":"<p>Com a chegada de Colombo a uma pequena ilha das Bahamas, em 12 de outubro de 1492, muita coisa mudou. A partir de ent\u00e3o, a hist\u00f3ria dos europeus e a dos nativos americanos estaria entrela\u00e7ada de uma forma que ningu\u00e9m poderia imaginar.<\/p>\n","protected":false},"excerpt":{"rendered":"<p>Com a chegada de Colombo a uma pequena ilha das Bahamas, em 12 de outubro de 1492, muita coisa mudou. A partir de ent\u00e3o, a hist\u00f3ria dos europeus e a dos nativos americanos estaria entrela\u00e7ada de uma forma que ningu\u00e9m poderia imaginar.<\/p>\n","protected":false},"featured_media":712,"comment_status":"open","ping_status":"closed","template":"","meta":[],"product_brand":[],"product_cat":[36],"product_tag":[139,152],"class_list":{"0":"post-711","1":"product","2":"type-product","3":"status-publish","4":"has-post-thumbnail","6":"product_cat-casa-publicadora-brasileira","7":"product_tag-ate-5o-ano","8":"product_tag-fund-1","10":"first","11":"instock","12":"shipping-taxable","13":"purchasable","14":"product-type-simple"},"_links":{"self":[{"href":"https:\/\/acsi.com.br\/lojavirtual\/wp-json\/wp\/v2\/product\/711","targetHints":{"allow":["GET"]}}],"collection":[{"href":"https:\/\/acsi.com.br\/lojavirtual\/wp-json\/wp\/v2\/product"}],"about":[{"href":"https:\/\/acsi.com.br\/lojavirtual\/wp-json\/wp\/v2\/types\/product"}],"replies":[{"embeddable":true,"href":"https:\/\/acsi.com.br\/lojavirtual\/wp-json\/wp\/v2\/comments?post=711"}],"version-history":[{"count":1,"href":"https:\/\/acsi.com.br\/lojavirtual\/wp-json\/wp\/v2\/product\/711\/revisions"}],"predecessor-version":[{"id":713,"href":"https:\/\/acsi.com.br\/lojavirtual\/wp-json\/wp\/v2\/product\/711\/revisions\/713"}],"wp:featuredmedia":[{"embeddable":true,"href":"https:\/\/acsi.com.br\/lojavirtual\/wp-json\/wp\/v2\/media\/712"}],"wp:attachment":[{"href":"https:\/\/acsi.com.br\/lojavirtual\/wp-json\/wp\/v2\/media?parent=711"}],"wp:term":[{"taxonomy":"product_brand","embeddable":true,"href":"https:\/\/acsi.com.br\/lojavirtual\/wp-json\/wp\/v2\/product_brand?post=711"},{"taxonomy":"product_cat","embeddable":true,"href":"https:\/\/acsi.com.br\/lojavirtual\/wp-json\/wp\/v2\/product_cat?post=711"},{"taxonomy":"product_tag","embeddable":true,"href":"https:\/\/acsi.com.br\/lojavirtual\/wp-json\/wp\/v2\/product_tag?post=711"}],"curies":[{"name":"wp","href":"https:\/\/api.w.org\/{rel}","templated":true}]}}