{"id":7099,"date":"2025-09-26T14:05:42","date_gmt":"2025-09-26T17:05:42","guid":{"rendered":"https:\/\/acsi.com.br\/lojavirtual\/?post_type=product&#038;p=7099"},"modified":"2026-03-05T19:29:10","modified_gmt":"2026-03-05T22:29:10","slug":"contos-de-natal","status":"publish","type":"product","link":"https:\/\/acsi.com.br\/lojavirtual\/produto\/contos-de-natal\/","title":{"rendered":"Contos de Natal"},"content":{"rendered":"<p>O talento de transformar o cotidiano e a vida ordin\u00e1ria em fam\u00edlia em obras encantadoras faz de Louisa May Alcott a grande escritora que \u00e9, conhecida e aclamada no mundo inteiro.<\/p>\n<p>Louisa tamb\u00e9m escreveu diversos contos de Natal e A\u00e7\u00e3o de Gra\u00e7as. Aqui, selecionamos sete contos de Natal para aprecia\u00e7\u00e3o dos leitores brasileiros. \u201cO Natal de Tilly\u201d, \u201cUm sonho de Natal\u201d, \u201cAs surpresas de Tessa\u201d, \u201cA hist\u00f3ria de Rosa\u201d, \u201cO segredo de Sofia\u201d, \u201cUm peru de Natal\u201d, e \u201cA escolha de Kate\u201d nos transportam para uma atmosfera de amor e esperan\u00e7a que paira nessa \u00e9poca em que comemoramos a chegada do Amor e da Esperan\u00e7a, em Cristo, ao mundo.<\/p>\n","protected":false},"excerpt":{"rendered":"<p>O talento de transformar o cotidiano e a vida ordin\u00e1ria em fam\u00edlia em obras encantadoras faz de Louisa May Alcott a grande escritora que \u00e9, conhecida e aclamada no mundo inteiro.<\/p>\n<p>Louisa tamb\u00e9m escreveu diversos contos de Natal e A\u00e7\u00e3o de Gra\u00e7as. Aqui, selecionamos sete contos de Natal para aprecia\u00e7\u00e3o dos leitores brasileiros. \u201cO Natal de Tilly\u201d, \u201cUm sonho de Natal\u201d, \u201cAs surpresas de Tessa\u201d, \u201cA hist\u00f3ria de Rosa\u201d, \u201cO segredo de Sofia\u201d, \u201cUm peru de Natal\u201d, e \u201cA escolha de Kate\u201d nos transportam para uma atmosfera de amor e esperan\u00e7a que paira nessa \u00e9poca em que comemoramos a chegada do Amor e da Esperan\u00e7a, em Cristo, ao mundo.<\/p>\n","protected":false},"featured_media":7086,"comment_status":"open","ping_status":"closed","template":"","meta":[],"product_brand":[],"product_cat":[235],"product_tag":[203],"class_list":{"0":"post-7099","1":"product","2":"type-product","3":"status-publish","4":"has-post-thumbnail","6":"product_cat-gadel-editora","7":"product_tag-3o-ao-5o-ano","9":"first","10":"instock","11":"featured","12":"shipping-taxable","13":"purchasable","14":"product-type-simple"},"_links":{"self":[{"href":"https:\/\/acsi.com.br\/lojavirtual\/wp-json\/wp\/v2\/product\/7099","targetHints":{"allow":["GET"]}}],"collection":[{"href":"https:\/\/acsi.com.br\/lojavirtual\/wp-json\/wp\/v2\/product"}],"about":[{"href":"https:\/\/acsi.com.br\/lojavirtual\/wp-json\/wp\/v2\/types\/product"}],"replies":[{"embeddable":true,"href":"https:\/\/acsi.com.br\/lojavirtual\/wp-json\/wp\/v2\/comments?post=7099"}],"version-history":[{"count":3,"href":"https:\/\/acsi.com.br\/lojavirtual\/wp-json\/wp\/v2\/product\/7099\/revisions"}],"predecessor-version":[{"id":7102,"href":"https:\/\/acsi.com.br\/lojavirtual\/wp-json\/wp\/v2\/product\/7099\/revisions\/7102"}],"wp:featuredmedia":[{"embeddable":true,"href":"https:\/\/acsi.com.br\/lojavirtual\/wp-json\/wp\/v2\/media\/7086"}],"wp:attachment":[{"href":"https:\/\/acsi.com.br\/lojavirtual\/wp-json\/wp\/v2\/media?parent=7099"}],"wp:term":[{"taxonomy":"product_brand","embeddable":true,"href":"https:\/\/acsi.com.br\/lojavirtual\/wp-json\/wp\/v2\/product_brand?post=7099"},{"taxonomy":"product_cat","embeddable":true,"href":"https:\/\/acsi.com.br\/lojavirtual\/wp-json\/wp\/v2\/product_cat?post=7099"},{"taxonomy":"product_tag","embeddable":true,"href":"https:\/\/acsi.com.br\/lojavirtual\/wp-json\/wp\/v2\/product_tag?post=7099"}],"curies":[{"name":"wp","href":"https:\/\/api.w.org\/{rel}","templated":true}]}}