{"id":7090,"date":"2025-09-23T16:27:02","date_gmt":"2025-09-23T19:27:02","guid":{"rendered":"https:\/\/acsi.com.br\/lojavirtual\/?post_type=product&#038;p=7090"},"modified":"2026-04-16T20:57:28","modified_gmt":"2026-04-16T23:57:28","slug":"my-body-and-i-eu-e-meu-corpo","status":"publish","type":"product","link":"https:\/\/acsi.com.br\/lojavirtual\/produto\/my-body-and-i-eu-e-meu-corpo\/","title":{"rendered":"My Body and I &#8211; Eu e meu corpo"},"content":{"rendered":"<p>Portugu\u00eas + Ingl\u00eas | Educa\u00e7\u00e3o, F\u00e9 e Preven\u00e7\u00e3o ao Abuso para Crian\u00e7as.<br \/>\n\u201cMeu Corpo e Eu \u2013 My Body and Me\u201d \u00e9 um livro bil\u00edngue (portugu\u00eas e ingl\u00eas) que ensina as crian\u00e7as a conhecer, valorizar e cuidar do pr\u00f3prio corpo com carinho e respeito.<\/p>\n","protected":false},"excerpt":{"rendered":"<p>Portugu\u00eas + Ingl\u00eas | Educa\u00e7\u00e3o, F\u00e9 e Preven\u00e7\u00e3o ao Abuso para Crian\u00e7as.<br \/>\n\u201cMeu Corpo e Eu \u2013 My Body and Me\u201d \u00e9 um livro bil\u00edngue (portugu\u00eas e ingl\u00eas) que ensina as crian\u00e7as a conhecer, valorizar e cuidar do pr\u00f3prio corpo com carinho e respeito.<\/p>\n","protected":false},"featured_media":7091,"comment_status":"closed","ping_status":"closed","template":"","meta":[],"product_brand":[],"product_cat":[154,233],"product_tag":[],"class_list":{"0":"post-7090","1":"product","2":"type-product","3":"status-publish","4":"has-post-thumbnail","6":"product_cat-formacao-profissional","7":"product_cat-loja-mundo-de-otavio","9":"first","10":"outofstock","11":"featured","12":"shipping-taxable","13":"purchasable","14":"product-type-simple"},"_links":{"self":[{"href":"https:\/\/acsi.com.br\/lojavirtual\/wp-json\/wp\/v2\/product\/7090","targetHints":{"allow":["GET"]}}],"collection":[{"href":"https:\/\/acsi.com.br\/lojavirtual\/wp-json\/wp\/v2\/product"}],"about":[{"href":"https:\/\/acsi.com.br\/lojavirtual\/wp-json\/wp\/v2\/types\/product"}],"replies":[{"embeddable":true,"href":"https:\/\/acsi.com.br\/lojavirtual\/wp-json\/wp\/v2\/comments?post=7090"}],"version-history":[{"count":1,"href":"https:\/\/acsi.com.br\/lojavirtual\/wp-json\/wp\/v2\/product\/7090\/revisions"}],"predecessor-version":[{"id":7092,"href":"https:\/\/acsi.com.br\/lojavirtual\/wp-json\/wp\/v2\/product\/7090\/revisions\/7092"}],"wp:featuredmedia":[{"embeddable":true,"href":"https:\/\/acsi.com.br\/lojavirtual\/wp-json\/wp\/v2\/media\/7091"}],"wp:attachment":[{"href":"https:\/\/acsi.com.br\/lojavirtual\/wp-json\/wp\/v2\/media?parent=7090"}],"wp:term":[{"taxonomy":"product_brand","embeddable":true,"href":"https:\/\/acsi.com.br\/lojavirtual\/wp-json\/wp\/v2\/product_brand?post=7090"},{"taxonomy":"product_cat","embeddable":true,"href":"https:\/\/acsi.com.br\/lojavirtual\/wp-json\/wp\/v2\/product_cat?post=7090"},{"taxonomy":"product_tag","embeddable":true,"href":"https:\/\/acsi.com.br\/lojavirtual\/wp-json\/wp\/v2\/product_tag?post=7090"}],"curies":[{"name":"wp","href":"https:\/\/api.w.org\/{rel}","templated":true}]}}