{"id":7088,"date":"2025-09-23T16:22:46","date_gmt":"2025-09-23T19:22:46","guid":{"rendered":"https:\/\/acsi.com.br\/lojavirtual\/?post_type=product&#038;p=7088"},"modified":"2026-04-16T20:57:28","modified_gmt":"2026-04-16T23:57:28","slug":"promessa-de-verao","status":"publish","type":"product","link":"https:\/\/acsi.com.br\/lojavirtual\/produto\/promessa-de-verao\/","title":{"rendered":"Promessa de Ver\u00e3o"},"content":{"rendered":"<p>Uma garota de catorze anos vai passar as f\u00e9rias na praia, na casa dos tios ricos, conhecer outras pessoas, lugares diferentes, e ainda por cima longe dos pais! Era tudo o que uma adolescente poderia querer. S\u00f3 que nem tudo sai do jeito que ela esperava. Venha viver com Cris um mundo de emo\u00e7\u00f5es em cada p\u00e1gina de PROMESSA DE VER\u00c3O. Este livro faz parte de uma s\u00e9rie com 12 volumes. Entre em contato caso deseje conhecer as outras obras!<\/p>\n","protected":false},"excerpt":{"rendered":"<p>Uma garota de catorze anos vai passar as f\u00e9rias na praia, na casa dos tios ricos, conhecer outras pessoas, lugares diferentes, e ainda por cima longe dos pais! Era tudo o que uma adolescente poderia querer. S\u00f3 que nem tudo sai do jeito que ela esperava. Venha viver com Cris um mundo de emo\u00e7\u00f5es em cada p\u00e1gina de PROMESSA DE VER\u00c3O. Este livro faz parte de uma s\u00e9rie com 12 volumes. Entre em contato caso deseje conhecer as outras obras!<\/p>\n","protected":false},"featured_media":7085,"comment_status":"closed","ping_status":"closed","template":"","meta":[],"product_brand":[],"product_cat":[38],"product_tag":[140],"class_list":{"0":"post-7088","1":"product","2":"type-product","3":"status-publish","4":"has-post-thumbnail","6":"product_cat-editora-betania","7":"product_tag-fund-2","9":"first","10":"instock","11":"shipping-taxable","12":"purchasable","13":"product-type-simple"},"_links":{"self":[{"href":"https:\/\/acsi.com.br\/lojavirtual\/wp-json\/wp\/v2\/product\/7088","targetHints":{"allow":["GET"]}}],"collection":[{"href":"https:\/\/acsi.com.br\/lojavirtual\/wp-json\/wp\/v2\/product"}],"about":[{"href":"https:\/\/acsi.com.br\/lojavirtual\/wp-json\/wp\/v2\/types\/product"}],"replies":[{"embeddable":true,"href":"https:\/\/acsi.com.br\/lojavirtual\/wp-json\/wp\/v2\/comments?post=7088"}],"version-history":[{"count":1,"href":"https:\/\/acsi.com.br\/lojavirtual\/wp-json\/wp\/v2\/product\/7088\/revisions"}],"predecessor-version":[{"id":7089,"href":"https:\/\/acsi.com.br\/lojavirtual\/wp-json\/wp\/v2\/product\/7088\/revisions\/7089"}],"wp:featuredmedia":[{"embeddable":true,"href":"https:\/\/acsi.com.br\/lojavirtual\/wp-json\/wp\/v2\/media\/7085"}],"wp:attachment":[{"href":"https:\/\/acsi.com.br\/lojavirtual\/wp-json\/wp\/v2\/media?parent=7088"}],"wp:term":[{"taxonomy":"product_brand","embeddable":true,"href":"https:\/\/acsi.com.br\/lojavirtual\/wp-json\/wp\/v2\/product_brand?post=7088"},{"taxonomy":"product_cat","embeddable":true,"href":"https:\/\/acsi.com.br\/lojavirtual\/wp-json\/wp\/v2\/product_cat?post=7088"},{"taxonomy":"product_tag","embeddable":true,"href":"https:\/\/acsi.com.br\/lojavirtual\/wp-json\/wp\/v2\/product_tag?post=7088"}],"curies":[{"name":"wp","href":"https:\/\/api.w.org\/{rel}","templated":true}]}}