{"id":7083,"date":"2025-09-23T16:12:27","date_gmt":"2025-09-23T19:12:27","guid":{"rendered":"https:\/\/acsi.com.br\/lojavirtual\/?post_type=product&#038;p=7083"},"modified":"2026-02-05T14:21:24","modified_gmt":"2026-02-05T17:21:24","slug":"o-misterio-do-assassino-da-biblia","status":"publish","type":"product","link":"https:\/\/acsi.com.br\/lojavirtual\/produto\/o-misterio-do-assassino-da-biblia\/","title":{"rendered":"O Mist\u00e9rio do Assassino da B\u00edblia"},"content":{"rendered":"<p>Nesta aventura eletrizante, o jovem mission\u00e1rio Gael precisa correr contra o tempo para salvar a vida de um homem devastado pelo peso da culpa. Nessa jornada, ele conta com a ajuda de Ben\u00edcio, um adolescente dividido entre a f\u00e9 e a influ\u00eancia de m\u00e1s amizades, que ter\u00e1 de superar as pr\u00f3prias dificuldades e inclina\u00e7\u00f5es para realizar aquilo para que Deus o chamou. Ao acompanhar a empolgante saga do jovem mission\u00e1rio, neste segundo livro da s\u00e9rie Aventuras de Gael, voc\u00ea ser\u00e1 levado a refletir sobre princ\u00edpios fundamentais para a sua jornadade f\u00e9 e compreender\u00e1 com muito mais profundidade o que o perd\u00e3o, o arrependimento e a confiss\u00e3o de pecados s\u00e3o capazes de fazer na vida de quem deseja viver com Cristo at\u00e9 as \u00faltimas consequ\u00eancias.<\/p>\n","protected":false},"excerpt":{"rendered":"<p>Nesta aventura eletrizante, o jovem mission\u00e1rio Gael precisa correr contra o tempo para salvar a vida de um homem devastado pelo peso da culpa. Nessa jornada, ele conta com a ajuda de Ben\u00edcio, um adolescente dividido entre a f\u00e9 e a influ\u00eancia de m\u00e1s amizades, que ter\u00e1 de superar as pr\u00f3prias dificuldades e inclina\u00e7\u00f5es para realizar aquilo para que Deus o chamou. Ao acompanhar a empolgante saga do jovem mission\u00e1rio, neste segundo livro da s\u00e9rie Aventuras de Gael, voc\u00ea ser\u00e1 levado a refletir sobre princ\u00edpios fundamentais para a sua jornadade f\u00e9 e compreender\u00e1 com muito mais profundidade o que o perd\u00e3o, o arrependimento e a confiss\u00e3o de pecados s\u00e3o capazes de fazer na vida de quem deseja viver com Cristo at\u00e9 as \u00faltimas consequ\u00eancias.<\/p>\n","protected":false},"featured_media":7084,"comment_status":"open","ping_status":"closed","template":"","meta":[],"product_brand":[],"product_cat":[37],"product_tag":[141],"class_list":{"0":"post-7083","1":"product","2":"type-product","3":"status-publish","4":"has-post-thumbnail","6":"product_cat-godbooks","7":"product_tag-fund-2-e-medio","9":"first","10":"outofstock","11":"shipping-taxable","12":"purchasable","13":"product-type-simple"},"_links":{"self":[{"href":"https:\/\/acsi.com.br\/lojavirtual\/wp-json\/wp\/v2\/product\/7083","targetHints":{"allow":["GET"]}}],"collection":[{"href":"https:\/\/acsi.com.br\/lojavirtual\/wp-json\/wp\/v2\/product"}],"about":[{"href":"https:\/\/acsi.com.br\/lojavirtual\/wp-json\/wp\/v2\/types\/product"}],"replies":[{"embeddable":true,"href":"https:\/\/acsi.com.br\/lojavirtual\/wp-json\/wp\/v2\/comments?post=7083"}],"version-history":[{"count":1,"href":"https:\/\/acsi.com.br\/lojavirtual\/wp-json\/wp\/v2\/product\/7083\/revisions"}],"predecessor-version":[{"id":7087,"href":"https:\/\/acsi.com.br\/lojavirtual\/wp-json\/wp\/v2\/product\/7083\/revisions\/7087"}],"wp:featuredmedia":[{"embeddable":true,"href":"https:\/\/acsi.com.br\/lojavirtual\/wp-json\/wp\/v2\/media\/7084"}],"wp:attachment":[{"href":"https:\/\/acsi.com.br\/lojavirtual\/wp-json\/wp\/v2\/media?parent=7083"}],"wp:term":[{"taxonomy":"product_brand","embeddable":true,"href":"https:\/\/acsi.com.br\/lojavirtual\/wp-json\/wp\/v2\/product_brand?post=7083"},{"taxonomy":"product_cat","embeddable":true,"href":"https:\/\/acsi.com.br\/lojavirtual\/wp-json\/wp\/v2\/product_cat?post=7083"},{"taxonomy":"product_tag","embeddable":true,"href":"https:\/\/acsi.com.br\/lojavirtual\/wp-json\/wp\/v2\/product_tag?post=7083"}],"curies":[{"name":"wp","href":"https:\/\/api.w.org\/{rel}","templated":true}]}}