{"id":7081,"date":"2025-09-23T16:04:45","date_gmt":"2025-09-23T19:04:45","guid":{"rendered":"https:\/\/acsi.com.br\/lojavirtual\/?post_type=product&#038;p=7081"},"modified":"2026-04-16T20:57:28","modified_gmt":"2026-04-16T23:57:28","slug":"diferente-como-eu","status":"publish","type":"product","link":"https:\/\/acsi.com.br\/lojavirtual\/produto\/diferente-como-eu\/","title":{"rendered":"Diferente Como Eu"},"content":{"rendered":"<p>Lindo poema com uma sensibilidade singular para falar com o p\u00fablico infantil sobre as diferen\u00e7as, inclus\u00e3o e o alto valor de cada pessoa aos olhos de Deus. As ilustra\u00e7\u00f5es trazem uma hist\u00f3ria de coopera\u00e7\u00e3o e respeito que complementa perfeitamente os versos, enriquecendo a narrativa do livro. Cont\u00e9m se\u00e7\u00e3o com perguntas extras ao final de cada devocional, para aprofundamento e discuss\u00e3o; \u00e9 ideal para ser lido em grupos, seja na fam\u00edlia, na escola ou na igreja; apresenta\u00e7\u00e3o em livro capa dura (hardcover) e com ilustra\u00e7\u00f5es.<\/p>\n","protected":false},"excerpt":{"rendered":"<p>Lindo poema com uma sensibilidade singular para falar com o p\u00fablico infantil sobre as diferen\u00e7as, inclus\u00e3o e o alto valor de cada pessoa aos olhos de Deus. As ilustra\u00e7\u00f5es trazem uma hist\u00f3ria de coopera\u00e7\u00e3o e respeito que complementa perfeitamente os versos, enriquecendo a narrativa do livro. Cont\u00e9m se\u00e7\u00e3o com perguntas extras ao final de cada devocional, para aprofundamento e discuss\u00e3o; \u00e9 ideal para ser lido em grupos, seja na fam\u00edlia, na escola ou na igreja; apresenta\u00e7\u00e3o em livro capa dura (hardcover) e com ilustra\u00e7\u00f5es.<\/p>\n","protected":false},"featured_media":7075,"comment_status":"closed","ping_status":"closed","template":"","meta":[],"product_brand":[],"product_cat":[35],"product_tag":[213],"class_list":{"0":"post-7081","1":"product","2":"type-product","3":"status-publish","4":"has-post-thumbnail","6":"product_cat-publicacoes-pao-diario","7":"product_tag-capelania","9":"first","10":"instock","11":"shipping-taxable","12":"purchasable","13":"product-type-simple"},"_links":{"self":[{"href":"https:\/\/acsi.com.br\/lojavirtual\/wp-json\/wp\/v2\/product\/7081","targetHints":{"allow":["GET"]}}],"collection":[{"href":"https:\/\/acsi.com.br\/lojavirtual\/wp-json\/wp\/v2\/product"}],"about":[{"href":"https:\/\/acsi.com.br\/lojavirtual\/wp-json\/wp\/v2\/types\/product"}],"replies":[{"embeddable":true,"href":"https:\/\/acsi.com.br\/lojavirtual\/wp-json\/wp\/v2\/comments?post=7081"}],"version-history":[{"count":1,"href":"https:\/\/acsi.com.br\/lojavirtual\/wp-json\/wp\/v2\/product\/7081\/revisions"}],"predecessor-version":[{"id":7082,"href":"https:\/\/acsi.com.br\/lojavirtual\/wp-json\/wp\/v2\/product\/7081\/revisions\/7082"}],"wp:featuredmedia":[{"embeddable":true,"href":"https:\/\/acsi.com.br\/lojavirtual\/wp-json\/wp\/v2\/media\/7075"}],"wp:attachment":[{"href":"https:\/\/acsi.com.br\/lojavirtual\/wp-json\/wp\/v2\/media?parent=7081"}],"wp:term":[{"taxonomy":"product_brand","embeddable":true,"href":"https:\/\/acsi.com.br\/lojavirtual\/wp-json\/wp\/v2\/product_brand?post=7081"},{"taxonomy":"product_cat","embeddable":true,"href":"https:\/\/acsi.com.br\/lojavirtual\/wp-json\/wp\/v2\/product_cat?post=7081"},{"taxonomy":"product_tag","embeddable":true,"href":"https:\/\/acsi.com.br\/lojavirtual\/wp-json\/wp\/v2\/product_tag?post=7081"}],"curies":[{"name":"wp","href":"https:\/\/api.w.org\/{rel}","templated":true}]}}