{"id":7079,"date":"2025-09-23T15:59:58","date_gmt":"2025-09-23T18:59:58","guid":{"rendered":"https:\/\/acsi.com.br\/lojavirtual\/?post_type=product&#038;p=7079"},"modified":"2026-04-16T20:57:28","modified_gmt":"2026-04-16T23:57:28","slug":"o-dia-chuvoso-do-sapo","status":"publish","type":"product","link":"https:\/\/acsi.com.br\/lojavirtual\/produto\/o-dia-chuvoso-do-sapo\/","title":{"rendered":"O Dia Chuvoso do Sapo"},"content":{"rendered":"<p>Usando o formato cl\u00e1ssico de f\u00e1bula, este livro traz nove hist\u00f3rias seguidas de uma aplica\u00e7\u00e3o moral. Com humor e muita imagina\u00e7\u00e3o, cada narrativa \u00e9 acompanhada de uma contraposi\u00e7\u00e3o entre os valores mundanos e os b\u00edblicos.\u00c9 uma excelente ferramenta para instigar o pensamento cr\u00edtico \u00e0 luz da B\u00edblia em crian\u00e7as maiores e pr\u00e9-adolescentes, habilidade que ser\u00e1 muito necess\u00e1ria tanto na fase pela qual est\u00e3o passando quanto na vida adulta.<\/p>\n","protected":false},"excerpt":{"rendered":"<p>Usando o formato cl\u00e1ssico de f\u00e1bula, este livro traz nove hist\u00f3rias seguidas de uma aplica\u00e7\u00e3o moral. Com humor e muita imagina\u00e7\u00e3o, cada narrativa \u00e9 acompanhada de uma contraposi\u00e7\u00e3o entre os valores mundanos e os b\u00edblicos.\u00c9 uma excelente ferramenta para instigar o pensamento cr\u00edtico \u00e0 luz da B\u00edblia em crian\u00e7as maiores e pr\u00e9-adolescentes, habilidade que ser\u00e1 muito necess\u00e1ria tanto na fase pela qual est\u00e3o passando quanto na vida adulta.<\/p>\n","protected":false},"featured_media":7074,"comment_status":"closed","ping_status":"closed","template":"","meta":[],"product_brand":[],"product_cat":[35],"product_tag":[177],"class_list":{"0":"post-7079","1":"product","2":"type-product","3":"status-publish","4":"has-post-thumbnail","6":"product_cat-publicacoes-pao-diario","7":"product_tag-1o-ao-3o-ano","9":"first","10":"instock","11":"shipping-taxable","12":"purchasable","13":"product-type-simple"},"_links":{"self":[{"href":"https:\/\/acsi.com.br\/lojavirtual\/wp-json\/wp\/v2\/product\/7079","targetHints":{"allow":["GET"]}}],"collection":[{"href":"https:\/\/acsi.com.br\/lojavirtual\/wp-json\/wp\/v2\/product"}],"about":[{"href":"https:\/\/acsi.com.br\/lojavirtual\/wp-json\/wp\/v2\/types\/product"}],"replies":[{"embeddable":true,"href":"https:\/\/acsi.com.br\/lojavirtual\/wp-json\/wp\/v2\/comments?post=7079"}],"version-history":[{"count":1,"href":"https:\/\/acsi.com.br\/lojavirtual\/wp-json\/wp\/v2\/product\/7079\/revisions"}],"predecessor-version":[{"id":7080,"href":"https:\/\/acsi.com.br\/lojavirtual\/wp-json\/wp\/v2\/product\/7079\/revisions\/7080"}],"wp:featuredmedia":[{"embeddable":true,"href":"https:\/\/acsi.com.br\/lojavirtual\/wp-json\/wp\/v2\/media\/7074"}],"wp:attachment":[{"href":"https:\/\/acsi.com.br\/lojavirtual\/wp-json\/wp\/v2\/media?parent=7079"}],"wp:term":[{"taxonomy":"product_brand","embeddable":true,"href":"https:\/\/acsi.com.br\/lojavirtual\/wp-json\/wp\/v2\/product_brand?post=7079"},{"taxonomy":"product_cat","embeddable":true,"href":"https:\/\/acsi.com.br\/lojavirtual\/wp-json\/wp\/v2\/product_cat?post=7079"},{"taxonomy":"product_tag","embeddable":true,"href":"https:\/\/acsi.com.br\/lojavirtual\/wp-json\/wp\/v2\/product_tag?post=7079"}],"curies":[{"name":"wp","href":"https:\/\/api.w.org\/{rel}","templated":true}]}}