{"id":7077,"date":"2025-09-23T15:41:29","date_gmt":"2025-09-23T18:41:29","guid":{"rendered":"https:\/\/acsi.com.br\/lojavirtual\/?post_type=product&#038;p=7077"},"modified":"2026-04-16T20:57:29","modified_gmt":"2026-04-16T23:57:29","slug":"dom-resmungalote-e-o-dragao-brigao","status":"publish","type":"product","link":"https:\/\/acsi.com.br\/lojavirtual\/produto\/dom-resmungalote-e-o-dragao-brigao\/","title":{"rendered":"Dom Resmungalote e o Drag\u00e3o Brig\u00e3o"},"content":{"rendered":"<p>Em um pequeno reino encantado, o castelo de Dom Resmungalote desmorona&#8230; de novo! Ele bate os p\u00e9s e berra, sem saber que o Drag\u00e3o Brig\u00e3o est\u00e1 logo atr\u00e1s, transformando seus urros em um choramingo de frustra\u00e7\u00e3o. Quando Dom Resmungalote finalmente percebe o que arru\u00edna seu reino, ele precisa encontrar uma forma de banir o drag\u00e3o para sempre.<br \/>\nSe a crian\u00e7a enfrenta dificuldades com a raiva, esta ador\u00e1vel hist\u00f3ria de Dom Resmungalote \u2013 o cavaleiro rabugento que precisa aprender a vencer o drag\u00e3o que arru\u00edna tudo \u2013 oferece uma solu\u00e7\u00e3o l\u00fadica. Voc\u00ea se surpreender\u00e1 com a frequ\u00eancia com que a aventura de Dom Resmungalote inspirar\u00e1 seus filhos a combaterem seus pr\u00f3prios drag\u00f5es!<\/p>\n<section class=\"products-related\"><\/section>\n","protected":false},"excerpt":{"rendered":"<p>Em um pequeno reino encantado, o castelo de Dom Resmungalote desmorona&#8230; de novo! Ele bate os p\u00e9s e berra, sem saber que o Drag\u00e3o Brig\u00e3o est\u00e1 logo atr\u00e1s, transformando seus urros em um choramingo de frustra\u00e7\u00e3o. Quando Dom Resmungalote finalmente percebe o que arru\u00edna seu reino, ele precisa encontrar uma forma de banir o drag\u00e3o para sempre.<br \/>\nSe a crian\u00e7a enfrenta dificuldades com a raiva, esta ador\u00e1vel hist\u00f3ria de Dom Resmungalote \u2013 o cavaleiro rabugento que precisa aprender a vencer o drag\u00e3o que arru\u00edna tudo \u2013 oferece uma solu\u00e7\u00e3o l\u00fadica. Voc\u00ea se surpreender\u00e1 com a frequ\u00eancia com que a aventura de Dom Resmungalote inspirar\u00e1 seus filhos a combaterem seus pr\u00f3prios drag\u00f5es!<\/p>\n","protected":false},"featured_media":7073,"comment_status":"closed","ping_status":"closed","template":"","meta":[],"product_brand":[],"product_cat":[33,154],"product_tag":[227],"class_list":{"0":"post-7077","1":"product","2":"type-product","3":"status-publish","4":"has-post-thumbnail","6":"product_cat-editora-trinitas","7":"product_cat-formacao-profissional","8":"product_tag-ed-infantil-ao-3o-ano","10":"first","11":"instock","12":"shipping-taxable","13":"purchasable","14":"product-type-simple"},"_links":{"self":[{"href":"https:\/\/acsi.com.br\/lojavirtual\/wp-json\/wp\/v2\/product\/7077","targetHints":{"allow":["GET"]}}],"collection":[{"href":"https:\/\/acsi.com.br\/lojavirtual\/wp-json\/wp\/v2\/product"}],"about":[{"href":"https:\/\/acsi.com.br\/lojavirtual\/wp-json\/wp\/v2\/types\/product"}],"replies":[{"embeddable":true,"href":"https:\/\/acsi.com.br\/lojavirtual\/wp-json\/wp\/v2\/comments?post=7077"}],"version-history":[{"count":1,"href":"https:\/\/acsi.com.br\/lojavirtual\/wp-json\/wp\/v2\/product\/7077\/revisions"}],"predecessor-version":[{"id":7078,"href":"https:\/\/acsi.com.br\/lojavirtual\/wp-json\/wp\/v2\/product\/7077\/revisions\/7078"}],"wp:featuredmedia":[{"embeddable":true,"href":"https:\/\/acsi.com.br\/lojavirtual\/wp-json\/wp\/v2\/media\/7073"}],"wp:attachment":[{"href":"https:\/\/acsi.com.br\/lojavirtual\/wp-json\/wp\/v2\/media?parent=7077"}],"wp:term":[{"taxonomy":"product_brand","embeddable":true,"href":"https:\/\/acsi.com.br\/lojavirtual\/wp-json\/wp\/v2\/product_brand?post=7077"},{"taxonomy":"product_cat","embeddable":true,"href":"https:\/\/acsi.com.br\/lojavirtual\/wp-json\/wp\/v2\/product_cat?post=7077"},{"taxonomy":"product_tag","embeddable":true,"href":"https:\/\/acsi.com.br\/lojavirtual\/wp-json\/wp\/v2\/product_tag?post=7077"}],"curies":[{"name":"wp","href":"https:\/\/api.w.org\/{rel}","templated":true}]}}