{"id":7070,"date":"2025-09-23T15:29:35","date_gmt":"2025-09-23T18:29:35","guid":{"rendered":"https:\/\/acsi.com.br\/lojavirtual\/?post_type=product&#038;p=7070"},"modified":"2026-04-16T20:57:29","modified_gmt":"2026-04-16T23:57:29","slug":"o-misterio-das-corujas","status":"publish","type":"product","link":"https:\/\/acsi.com.br\/lojavirtual\/produto\/o-misterio-das-corujas\/","title":{"rendered":"O Mist\u00e9rio das Corujas"},"content":{"rendered":"<p>A f\u00e9 pode mover montanhas&#8230; e corujas?<\/p>\n<p>Ap\u00f3s a perda do pai, Josias se apega \u00e0 f\u00e9 e \u00e0s hist\u00f3rias da fam\u00edlia, especialmente a que conta como corujas falantes salvaram seus ancestrais de perderem sua fazenda. Mas quando a hist\u00f3ria se torna realidade e corujas misteriosas aparecem em sua janela, vestindo um sobretudo, mon\u00f3culos e uma bengala, Josias embarca em uma jornada emocionante que testar\u00e1 sua coragem, sua f\u00e9 e o poder da amizade.<\/p>\n<p>Voc\u00ea est\u00e1 pronto para voar com Josias nesta aventura de f\u00e9?<\/p>\n<section class=\"products-related\"><\/section>\n","protected":false},"excerpt":{"rendered":"<p>A f\u00e9 pode mover montanhas&#8230; e corujas?<\/p>\n<p>Ap\u00f3s a perda do pai, Josias se apega \u00e0 f\u00e9 e \u00e0s hist\u00f3rias da fam\u00edlia, especialmente a que conta como corujas falantes salvaram seus ancestrais de perderem sua fazenda. Mas quando a hist\u00f3ria se torna realidade e corujas misteriosas aparecem em sua janela, vestindo um sobretudo, mon\u00f3culos e uma bengala, Josias embarca em uma jornada emocionante que testar\u00e1 sua coragem, sua f\u00e9 e o poder da amizade.<\/p>\n<p>Voc\u00ea est\u00e1 pronto para voar com Josias nesta aventura de f\u00e9?<\/p>\n","protected":false},"featured_media":7065,"comment_status":"closed","ping_status":"closed","template":"","meta":[],"product_brand":[],"product_cat":[33,154],"product_tag":[209],"class_list":{"0":"post-7070","1":"product","2":"type-product","3":"status-publish","4":"has-post-thumbnail","6":"product_cat-editora-trinitas","7":"product_cat-formacao-profissional","8":"product_tag-4o-e-5o-ano","10":"first","11":"instock","12":"shipping-taxable","13":"purchasable","14":"product-type-simple"},"_links":{"self":[{"href":"https:\/\/acsi.com.br\/lojavirtual\/wp-json\/wp\/v2\/product\/7070","targetHints":{"allow":["GET"]}}],"collection":[{"href":"https:\/\/acsi.com.br\/lojavirtual\/wp-json\/wp\/v2\/product"}],"about":[{"href":"https:\/\/acsi.com.br\/lojavirtual\/wp-json\/wp\/v2\/types\/product"}],"replies":[{"embeddable":true,"href":"https:\/\/acsi.com.br\/lojavirtual\/wp-json\/wp\/v2\/comments?post=7070"}],"version-history":[{"count":1,"href":"https:\/\/acsi.com.br\/lojavirtual\/wp-json\/wp\/v2\/product\/7070\/revisions"}],"predecessor-version":[{"id":7071,"href":"https:\/\/acsi.com.br\/lojavirtual\/wp-json\/wp\/v2\/product\/7070\/revisions\/7071"}],"wp:featuredmedia":[{"embeddable":true,"href":"https:\/\/acsi.com.br\/lojavirtual\/wp-json\/wp\/v2\/media\/7065"}],"wp:attachment":[{"href":"https:\/\/acsi.com.br\/lojavirtual\/wp-json\/wp\/v2\/media?parent=7070"}],"wp:term":[{"taxonomy":"product_brand","embeddable":true,"href":"https:\/\/acsi.com.br\/lojavirtual\/wp-json\/wp\/v2\/product_brand?post=7070"},{"taxonomy":"product_cat","embeddable":true,"href":"https:\/\/acsi.com.br\/lojavirtual\/wp-json\/wp\/v2\/product_cat?post=7070"},{"taxonomy":"product_tag","embeddable":true,"href":"https:\/\/acsi.com.br\/lojavirtual\/wp-json\/wp\/v2\/product_tag?post=7070"}],"curies":[{"name":"wp","href":"https:\/\/api.w.org\/{rel}","templated":true}]}}