{"id":7068,"date":"2025-09-23T15:26:39","date_gmt":"2025-09-23T18:26:39","guid":{"rendered":"https:\/\/acsi.com.br\/lojavirtual\/?post_type=product&#038;p=7068"},"modified":"2026-04-16T20:57:29","modified_gmt":"2026-04-16T23:57:29","slug":"lutero-uma-biografia-ilustrada","status":"publish","type":"product","link":"https:\/\/acsi.com.br\/lojavirtual\/produto\/lutero-uma-biografia-ilustrada\/","title":{"rendered":"Lutero &#8211; Uma biografia Ilustrada"},"content":{"rendered":"<p>Maravilhe-se com a grandiosa jornada do reformador alem\u00e3o!<br \/>\nMartinho Lutero \u00e9 conhecido como uma das principais for\u00e7as por tr\u00e1s da Reforma Protestante, uma figura vital na hist\u00f3ria do cristianismo e do mundo. Mas quem foi este homem, que, mesmo com toda a sua import\u00e2ncia, estava sujeito \u00e0s mesmas fraquezas a que todos n\u00f3s estamos sujeitos? E como Deus usou este grande servo para remodelar e reformar a Igreja de Cristo?<br \/>\nCom ilustra\u00e7\u00f5es de deslumbrar os olhos e uma narrativa de cativar a aten\u00e7\u00e3o de crian\u00e7as, jovens e adultos, este livro biogr\u00e1fico \u00e9 perfeito para ser lido (e relido muitas vezes) em fam\u00edlia, entre amigos ou em voz alta.<\/p>\n<section class=\"products-related\"><\/section>\n","protected":false},"excerpt":{"rendered":"<p>Maravilhe-se com a grandiosa jornada do reformador alem\u00e3o!<br \/>\nMartinho Lutero \u00e9 conhecido como uma das principais for\u00e7as por tr\u00e1s da Reforma Protestante, uma figura vital na hist\u00f3ria do cristianismo e do mundo. Mas quem foi este homem, que, mesmo com toda a sua import\u00e2ncia, estava sujeito \u00e0s mesmas fraquezas a que todos n\u00f3s estamos sujeitos? E como Deus usou este grande servo para remodelar e reformar a Igreja de Cristo?<br \/>\nCom ilustra\u00e7\u00f5es de deslumbrar os olhos e uma narrativa de cativar a aten\u00e7\u00e3o de crian\u00e7as, jovens e adultos, este livro biogr\u00e1fico \u00e9 perfeito para ser lido (e relido muitas vezes) em fam\u00edlia, entre amigos ou em voz alta.<\/p>\n","protected":false},"featured_media":7064,"comment_status":"closed","ping_status":"closed","template":"","meta":[],"product_brand":[],"product_cat":[33,154],"product_tag":[],"class_list":{"0":"post-7068","1":"product","2":"type-product","3":"status-publish","4":"has-post-thumbnail","6":"product_cat-editora-trinitas","7":"product_cat-formacao-profissional","9":"first","10":"outofstock","11":"shipping-taxable","12":"purchasable","13":"product-type-simple"},"_links":{"self":[{"href":"https:\/\/acsi.com.br\/lojavirtual\/wp-json\/wp\/v2\/product\/7068","targetHints":{"allow":["GET"]}}],"collection":[{"href":"https:\/\/acsi.com.br\/lojavirtual\/wp-json\/wp\/v2\/product"}],"about":[{"href":"https:\/\/acsi.com.br\/lojavirtual\/wp-json\/wp\/v2\/types\/product"}],"replies":[{"embeddable":true,"href":"https:\/\/acsi.com.br\/lojavirtual\/wp-json\/wp\/v2\/comments?post=7068"}],"version-history":[{"count":1,"href":"https:\/\/acsi.com.br\/lojavirtual\/wp-json\/wp\/v2\/product\/7068\/revisions"}],"predecessor-version":[{"id":7069,"href":"https:\/\/acsi.com.br\/lojavirtual\/wp-json\/wp\/v2\/product\/7068\/revisions\/7069"}],"wp:featuredmedia":[{"embeddable":true,"href":"https:\/\/acsi.com.br\/lojavirtual\/wp-json\/wp\/v2\/media\/7064"}],"wp:attachment":[{"href":"https:\/\/acsi.com.br\/lojavirtual\/wp-json\/wp\/v2\/media?parent=7068"}],"wp:term":[{"taxonomy":"product_brand","embeddable":true,"href":"https:\/\/acsi.com.br\/lojavirtual\/wp-json\/wp\/v2\/product_brand?post=7068"},{"taxonomy":"product_cat","embeddable":true,"href":"https:\/\/acsi.com.br\/lojavirtual\/wp-json\/wp\/v2\/product_cat?post=7068"},{"taxonomy":"product_tag","embeddable":true,"href":"https:\/\/acsi.com.br\/lojavirtual\/wp-json\/wp\/v2\/product_tag?post=7068"}],"curies":[{"name":"wp","href":"https:\/\/api.w.org\/{rel}","templated":true}]}}