{"id":7061,"date":"2025-09-23T15:16:23","date_gmt":"2025-09-23T18:16:23","guid":{"rendered":"https:\/\/acsi.com.br\/lojavirtual\/?post_type=product&#038;p=7061"},"modified":"2026-04-24T15:22:57","modified_gmt":"2026-04-24T18:22:57","slug":"o-menino-peregrino","status":"publish","type":"product","link":"https:\/\/acsi.com.br\/lojavirtual\/produto\/o-menino-peregrino\/","title":{"rendered":"O Menino Peregrino"},"content":{"rendered":"<p>Embarque nesta jornada po\u00e9tica com Tom, o menino peregrino, rumo ao lar celestial. Por meio de versos rimados e ilustra\u00e7\u00f5es deslumbrantes, o autor Andr\u00e9 Lima nos presenteia com esta cole\u00e7\u00e3o de poemas que conduz as crian\u00e7as por um caminho b\u00edblico de f\u00e9. Perfeito para ler em fam\u00edlia, com os amigos ou em voz alta, adultos e crian\u00e7as contemplar\u00e3o a alegria de seguir ao Senhor Jesus Cristo, a beleza da cria\u00e7\u00e3o de Deus, o valor da Palavra e a import\u00e2ncia de amar o pr\u00f3ximo.<\/p>\n<section class=\"products-related\"><\/section>\n","protected":false},"excerpt":{"rendered":"<p>Embarque nesta jornada po\u00e9tica com Tom, o menino peregrino, rumo ao lar celestial. Por meio de versos rimados e ilustra\u00e7\u00f5es deslumbrantes, o autor Andr\u00e9 Lima nos presenteia com esta cole\u00e7\u00e3o de poemas que conduz as crian\u00e7as por um caminho b\u00edblico de f\u00e9. Perfeito para ler em fam\u00edlia, com os amigos ou em voz alta, adultos e crian\u00e7as contemplar\u00e3o a alegria de seguir ao Senhor Jesus Cristo, a beleza da cria\u00e7\u00e3o de Deus, o valor da Palavra e a import\u00e2ncia de amar o pr\u00f3ximo.<\/p>\n","protected":false},"featured_media":7063,"comment_status":"closed","ping_status":"closed","template":"","meta":[],"product_brand":[],"product_cat":[33],"product_tag":[176],"class_list":{"0":"post-7061","1":"product","2":"type-product","3":"status-publish","4":"has-post-thumbnail","6":"product_cat-editora-trinitas","7":"product_tag-2o-ao-4o-ano","9":"first","10":"instock","11":"shipping-taxable","12":"purchasable","13":"product-type-simple"},"_links":{"self":[{"href":"https:\/\/acsi.com.br\/lojavirtual\/wp-json\/wp\/v2\/product\/7061","targetHints":{"allow":["GET"]}}],"collection":[{"href":"https:\/\/acsi.com.br\/lojavirtual\/wp-json\/wp\/v2\/product"}],"about":[{"href":"https:\/\/acsi.com.br\/lojavirtual\/wp-json\/wp\/v2\/types\/product"}],"replies":[{"embeddable":true,"href":"https:\/\/acsi.com.br\/lojavirtual\/wp-json\/wp\/v2\/comments?post=7061"}],"version-history":[{"count":1,"href":"https:\/\/acsi.com.br\/lojavirtual\/wp-json\/wp\/v2\/product\/7061\/revisions"}],"predecessor-version":[{"id":7067,"href":"https:\/\/acsi.com.br\/lojavirtual\/wp-json\/wp\/v2\/product\/7061\/revisions\/7067"}],"wp:featuredmedia":[{"embeddable":true,"href":"https:\/\/acsi.com.br\/lojavirtual\/wp-json\/wp\/v2\/media\/7063"}],"wp:attachment":[{"href":"https:\/\/acsi.com.br\/lojavirtual\/wp-json\/wp\/v2\/media?parent=7061"}],"wp:term":[{"taxonomy":"product_brand","embeddable":true,"href":"https:\/\/acsi.com.br\/lojavirtual\/wp-json\/wp\/v2\/product_brand?post=7061"},{"taxonomy":"product_cat","embeddable":true,"href":"https:\/\/acsi.com.br\/lojavirtual\/wp-json\/wp\/v2\/product_cat?post=7061"},{"taxonomy":"product_tag","embeddable":true,"href":"https:\/\/acsi.com.br\/lojavirtual\/wp-json\/wp\/v2\/product_tag?post=7061"}],"curies":[{"name":"wp","href":"https:\/\/api.w.org\/{rel}","templated":true}]}}