{"id":7050,"date":"2025-09-23T11:36:11","date_gmt":"2025-09-23T14:36:11","guid":{"rendered":"https:\/\/acsi.com.br\/lojavirtual\/?post_type=product&#038;p=7050"},"modified":"2026-04-16T20:57:29","modified_gmt":"2026-04-16T23:57:29","slug":"a-lamina-mais-cortante","status":"publish","type":"product","link":"https:\/\/acsi.com.br\/lojavirtual\/produto\/a-lamina-mais-cortante\/","title":{"rendered":"A L\u00e2mina Mais Cortante"},"content":{"rendered":"<p>Anelise Ward, uma jovem escritora prod\u00edgio de Londres, est\u00e1 prestes a embarcar na maior jornada de sua vida, uma que vai al\u00e9m de qualquer hist\u00f3ria que j\u00e1 tenha criado. Tudo come\u00e7a com a estreia da pe\u00e7a teatral escrita por ela, que deveria ser um grande sucesso \u2014 at\u00e9 que uma piada inocente sobre o rei a coloca em apuros com a corte real. Humilhada e \u00e0 beira de desistir de seus sonhos, Anelise descobre um portal misterioso em seu quarto, que a transporta para Endem\u00f6r, um reino m\u00e1gico assolado por um rei cruel e invenc\u00edvel.<\/p>\n","protected":false},"excerpt":{"rendered":"<p>Anelise Ward, uma jovem escritora prod\u00edgio de Londres, est\u00e1 prestes a embarcar na maior jornada de sua vida, uma que vai al\u00e9m de qualquer hist\u00f3ria que j\u00e1 tenha criado. Tudo come\u00e7a com a estreia da pe\u00e7a teatral escrita por ela, que deveria ser um grande sucesso \u2014 at\u00e9 que uma piada inocente sobre o rei a coloca em apuros com a corte real. Humilhada e \u00e0 beira de desistir de seus sonhos, Anelise descobre um portal misterioso em seu quarto, que a transporta para Endem\u00f6r, um reino m\u00e1gico assolado por um rei cruel e invenc\u00edvel.<\/p>\n","protected":false},"featured_media":7030,"comment_status":"closed","ping_status":"closed","template":"","meta":[],"product_brand":[],"product_cat":[31],"product_tag":[141],"class_list":{"0":"post-7050","1":"product","2":"type-product","3":"status-publish","4":"has-post-thumbnail","6":"product_cat-thomas-nelson","7":"product_tag-fund-2-e-medio","9":"first","10":"instock","11":"featured","12":"shipping-taxable","13":"purchasable","14":"product-type-simple"},"_links":{"self":[{"href":"https:\/\/acsi.com.br\/lojavirtual\/wp-json\/wp\/v2\/product\/7050","targetHints":{"allow":["GET"]}}],"collection":[{"href":"https:\/\/acsi.com.br\/lojavirtual\/wp-json\/wp\/v2\/product"}],"about":[{"href":"https:\/\/acsi.com.br\/lojavirtual\/wp-json\/wp\/v2\/types\/product"}],"replies":[{"embeddable":true,"href":"https:\/\/acsi.com.br\/lojavirtual\/wp-json\/wp\/v2\/comments?post=7050"}],"version-history":[{"count":1,"href":"https:\/\/acsi.com.br\/lojavirtual\/wp-json\/wp\/v2\/product\/7050\/revisions"}],"predecessor-version":[{"id":7051,"href":"https:\/\/acsi.com.br\/lojavirtual\/wp-json\/wp\/v2\/product\/7050\/revisions\/7051"}],"wp:featuredmedia":[{"embeddable":true,"href":"https:\/\/acsi.com.br\/lojavirtual\/wp-json\/wp\/v2\/media\/7030"}],"wp:attachment":[{"href":"https:\/\/acsi.com.br\/lojavirtual\/wp-json\/wp\/v2\/media?parent=7050"}],"wp:term":[{"taxonomy":"product_brand","embeddable":true,"href":"https:\/\/acsi.com.br\/lojavirtual\/wp-json\/wp\/v2\/product_brand?post=7050"},{"taxonomy":"product_cat","embeddable":true,"href":"https:\/\/acsi.com.br\/lojavirtual\/wp-json\/wp\/v2\/product_cat?post=7050"},{"taxonomy":"product_tag","embeddable":true,"href":"https:\/\/acsi.com.br\/lojavirtual\/wp-json\/wp\/v2\/product_tag?post=7050"}],"curies":[{"name":"wp","href":"https:\/\/api.w.org\/{rel}","templated":true}]}}