{"id":7049,"date":"2025-09-23T11:35:27","date_gmt":"2025-09-23T14:35:27","guid":{"rendered":"https:\/\/acsi.com.br\/lojavirtual\/?post_type=product&#038;p=7049"},"modified":"2026-04-01T10:36:58","modified_gmt":"2026-04-01T13:36:58","slug":"dia-de-presente","status":"publish","type":"product","link":"https:\/\/acsi.com.br\/lojavirtual\/produto\/dia-de-presente\/","title":{"rendered":"Dia de Presente!"},"content":{"rendered":"<p>Um livro infantil com encantadoras ilustra\u00e7\u00f5es sobre aprender a olhar para os presentes mais importantes que recebemos.<\/p>\n<p>Hoje \u00e9 um dia especial para Lulu! Ela mal pode esperar para abrir todos os presentes que est\u00e3o chegando de amigos e familiares. Mas, em meio a tantos embrulhos coloridos, Lulu come\u00e7a a perceber que, talvez, os melhores presentes n\u00e3o sejam algo que ela possa segurar nas m\u00e3os.<\/p>\n","protected":false},"excerpt":{"rendered":"<p>Um livro infantil com encantadoras ilustra\u00e7\u00f5es sobre aprender a olhar para os presentes mais importantes que recebemos.<\/p>\n<p>Hoje \u00e9 um dia especial para Lulu! Ela mal pode esperar para abrir todos os presentes que est\u00e3o chegando de amigos e familiares. Mas, em meio a tantos embrulhos coloridos, Lulu come\u00e7a a perceber que, talvez, os melhores presentes n\u00e3o sejam algo que ela possa segurar nas m\u00e3os.<\/p>\n","protected":false},"featured_media":7031,"comment_status":"open","ping_status":"closed","template":"","meta":[],"product_brand":[],"product_cat":[31],"product_tag":[],"class_list":{"0":"post-7049","1":"product","2":"type-product","3":"status-publish","4":"has-post-thumbnail","6":"product_cat-thomas-nelson","8":"first","9":"outofstock","10":"featured","11":"shipping-taxable","12":"purchasable","13":"product-type-simple"},"_links":{"self":[{"href":"https:\/\/acsi.com.br\/lojavirtual\/wp-json\/wp\/v2\/product\/7049","targetHints":{"allow":["GET"]}}],"collection":[{"href":"https:\/\/acsi.com.br\/lojavirtual\/wp-json\/wp\/v2\/product"}],"about":[{"href":"https:\/\/acsi.com.br\/lojavirtual\/wp-json\/wp\/v2\/types\/product"}],"replies":[{"embeddable":true,"href":"https:\/\/acsi.com.br\/lojavirtual\/wp-json\/wp\/v2\/comments?post=7049"}],"version-history":[{"count":1,"href":"https:\/\/acsi.com.br\/lojavirtual\/wp-json\/wp\/v2\/product\/7049\/revisions"}],"predecessor-version":[{"id":7052,"href":"https:\/\/acsi.com.br\/lojavirtual\/wp-json\/wp\/v2\/product\/7049\/revisions\/7052"}],"wp:featuredmedia":[{"embeddable":true,"href":"https:\/\/acsi.com.br\/lojavirtual\/wp-json\/wp\/v2\/media\/7031"}],"wp:attachment":[{"href":"https:\/\/acsi.com.br\/lojavirtual\/wp-json\/wp\/v2\/media?parent=7049"}],"wp:term":[{"taxonomy":"product_brand","embeddable":true,"href":"https:\/\/acsi.com.br\/lojavirtual\/wp-json\/wp\/v2\/product_brand?post=7049"},{"taxonomy":"product_cat","embeddable":true,"href":"https:\/\/acsi.com.br\/lojavirtual\/wp-json\/wp\/v2\/product_cat?post=7049"},{"taxonomy":"product_tag","embeddable":true,"href":"https:\/\/acsi.com.br\/lojavirtual\/wp-json\/wp\/v2\/product_tag?post=7049"}],"curies":[{"name":"wp","href":"https:\/\/api.w.org\/{rel}","templated":true}]}}