{"id":7047,"date":"2025-09-23T11:30:38","date_gmt":"2025-09-23T14:30:38","guid":{"rendered":"https:\/\/acsi.com.br\/lojavirtual\/?post_type=product&#038;p=7047"},"modified":"2026-04-16T20:57:29","modified_gmt":"2026-04-16T23:57:29","slug":"um-golpe-de-equilibrio","status":"publish","type":"product","link":"https:\/\/acsi.com.br\/lojavirtual\/produto\/um-golpe-de-equilibrio\/","title":{"rendered":"Um Golpe de Equil\u00edbrio"},"content":{"rendered":"<p>Voc\u00ea j\u00e1 pensou como seria legal se existissem superpoderes capazes de nos acalmar quando ficamos bravos? Afinal, ningu\u00e9m gosta de sentir raiva e reagir impulsivamente quando algo desagrad\u00e1vel acontece, n\u00e3o \u00e9 mesmo? &#8220;Um golpe de equil\u00edbrio&#8221; \u00e9 sobre isso! Ao acompanhar a hist\u00f3ria, voc\u00ea vai descobrir que por tr\u00e1s de nossas atitudes, muitas vezes existem h\u00e1bitos que est\u00e3o atrapalhando nosso desenvolvimento e nos deixando mais nervosos, mas tamb\u00e9m vai perceber que h\u00e1 muitas maneiras (os tais superpoderes) de lidar com nossas emo\u00e7\u00f5es e de conquistar o equil\u00edbrio. Al\u00e9m disso, muitas coisas em &#8220;Um golpe de equil\u00edbrio&#8221;, assim como muitos personagens, s\u00e3o de verdade. O que voc\u00ea acha de tentar descobrir o que \u00e9 real nesta hist\u00f3ria?<\/p>\n","protected":false},"excerpt":{"rendered":"<p>Voc\u00ea j\u00e1 pensou como seria legal se existissem superpoderes capazes de nos acalmar quando ficamos bravos? Afinal, ningu\u00e9m gosta de sentir raiva e reagir impulsivamente quando algo desagrad\u00e1vel acontece, n\u00e3o \u00e9 mesmo? &#8220;Um golpe de equil\u00edbrio&#8221; \u00e9 sobre isso! Ao acompanhar a hist\u00f3ria, voc\u00ea vai descobrir que por tr\u00e1s de nossas atitudes, muitas vezes existem h\u00e1bitos que est\u00e3o atrapalhando nosso desenvolvimento e nos deixando mais nervosos, mas tamb\u00e9m vai perceber que h\u00e1 muitas maneiras (os tais superpoderes) de lidar com nossas emo\u00e7\u00f5es e de conquistar o equil\u00edbrio. Al\u00e9m disso, muitas coisas em &#8220;Um golpe de equil\u00edbrio&#8221;, assim como muitos personagens, s\u00e3o de verdade. O que voc\u00ea acha de tentar descobrir o que \u00e9 real nesta hist\u00f3ria?<\/p>\n","protected":false},"featured_media":7029,"comment_status":"closed","ping_status":"closed","template":"","meta":[],"product_brand":[],"product_cat":[28],"product_tag":[177],"class_list":{"0":"post-7047","1":"product","2":"type-product","3":"status-publish","4":"has-post-thumbnail","6":"product_cat-ciranda-cultural","7":"product_tag-1o-ao-3o-ano","9":"first","10":"instock","11":"featured","12":"shipping-taxable","13":"purchasable","14":"product-type-simple"},"_links":{"self":[{"href":"https:\/\/acsi.com.br\/lojavirtual\/wp-json\/wp\/v2\/product\/7047","targetHints":{"allow":["GET"]}}],"collection":[{"href":"https:\/\/acsi.com.br\/lojavirtual\/wp-json\/wp\/v2\/product"}],"about":[{"href":"https:\/\/acsi.com.br\/lojavirtual\/wp-json\/wp\/v2\/types\/product"}],"replies":[{"embeddable":true,"href":"https:\/\/acsi.com.br\/lojavirtual\/wp-json\/wp\/v2\/comments?post=7047"}],"version-history":[{"count":1,"href":"https:\/\/acsi.com.br\/lojavirtual\/wp-json\/wp\/v2\/product\/7047\/revisions"}],"predecessor-version":[{"id":7048,"href":"https:\/\/acsi.com.br\/lojavirtual\/wp-json\/wp\/v2\/product\/7047\/revisions\/7048"}],"wp:featuredmedia":[{"embeddable":true,"href":"https:\/\/acsi.com.br\/lojavirtual\/wp-json\/wp\/v2\/media\/7029"}],"wp:attachment":[{"href":"https:\/\/acsi.com.br\/lojavirtual\/wp-json\/wp\/v2\/media?parent=7047"}],"wp:term":[{"taxonomy":"product_brand","embeddable":true,"href":"https:\/\/acsi.com.br\/lojavirtual\/wp-json\/wp\/v2\/product_brand?post=7047"},{"taxonomy":"product_cat","embeddable":true,"href":"https:\/\/acsi.com.br\/lojavirtual\/wp-json\/wp\/v2\/product_cat?post=7047"},{"taxonomy":"product_tag","embeddable":true,"href":"https:\/\/acsi.com.br\/lojavirtual\/wp-json\/wp\/v2\/product_tag?post=7047"}],"curies":[{"name":"wp","href":"https:\/\/api.w.org\/{rel}","templated":true}]}}