{"id":7043,"date":"2025-09-23T11:08:51","date_gmt":"2025-09-23T14:08:51","guid":{"rendered":"https:\/\/acsi.com.br\/lojavirtual\/?post_type=product&#038;p=7043"},"modified":"2026-04-01T10:36:58","modified_gmt":"2026-04-01T13:36:58","slug":"quem-mexeu-na-minha-baguncinha","status":"publish","type":"product","link":"https:\/\/acsi.com.br\/lojavirtual\/produto\/quem-mexeu-na-minha-baguncinha\/","title":{"rendered":"Quem Mexeu na Minha Baguncinha?"},"content":{"rendered":"<p>As autoras do livro t\u00eam convic\u00e7\u00e3o de que organiza\u00e7\u00e3o leva a crian\u00e7a a uma autonomia e uma vida fluida, al\u00e9m de um melhor desempenho na vida escolar. A organiza\u00e7\u00e3o \u00e9 um h\u00e1bito que pode ser aprendido, por isso \u00e9 muito importante come\u00e7ar a desenvolv\u00ea-lo desde cedo. Neste livro, a ideia \u00e9 despertar o interesse pelo tema de forma leve e conectada com a vida di\u00e1ria das crian\u00e7as. Com a participa\u00e7\u00e3o de pai, m\u00e3e e educador e educadora, a crian\u00e7a ter\u00e1 muitas condi\u00e7\u00f5es de se tornar um adulto organizado com uma vida mais plena.<\/p>\n","protected":false},"excerpt":{"rendered":"<p>As autoras do livro t\u00eam convic\u00e7\u00e3o de que organiza\u00e7\u00e3o leva a crian\u00e7a a uma autonomia e uma vida fluida, al\u00e9m de um melhor desempenho na vida escolar. A organiza\u00e7\u00e3o \u00e9 um h\u00e1bito que pode ser aprendido, por isso \u00e9 muito importante come\u00e7ar a desenvolv\u00ea-lo desde cedo. Neste livro, a ideia \u00e9 despertar o interesse pelo tema de forma leve e conectada com a vida di\u00e1ria das crian\u00e7as. Com a participa\u00e7\u00e3o de pai, m\u00e3e e educador e educadora, a crian\u00e7a ter\u00e1 muitas condi\u00e7\u00f5es de se tornar um adulto organizado com uma vida mais plena.<\/p>\n","protected":false},"featured_media":7027,"comment_status":"open","ping_status":"closed","template":"","meta":[],"product_brand":[],"product_cat":[28],"product_tag":[182],"class_list":{"0":"post-7043","1":"product","2":"type-product","3":"status-publish","4":"has-post-thumbnail","6":"product_cat-ciranda-cultural","7":"product_tag-2o-e-3o-ano","9":"first","10":"instock","11":"featured","12":"shipping-taxable","13":"purchasable","14":"product-type-simple"},"_links":{"self":[{"href":"https:\/\/acsi.com.br\/lojavirtual\/wp-json\/wp\/v2\/product\/7043","targetHints":{"allow":["GET"]}}],"collection":[{"href":"https:\/\/acsi.com.br\/lojavirtual\/wp-json\/wp\/v2\/product"}],"about":[{"href":"https:\/\/acsi.com.br\/lojavirtual\/wp-json\/wp\/v2\/types\/product"}],"replies":[{"embeddable":true,"href":"https:\/\/acsi.com.br\/lojavirtual\/wp-json\/wp\/v2\/comments?post=7043"}],"version-history":[{"count":1,"href":"https:\/\/acsi.com.br\/lojavirtual\/wp-json\/wp\/v2\/product\/7043\/revisions"}],"predecessor-version":[{"id":7044,"href":"https:\/\/acsi.com.br\/lojavirtual\/wp-json\/wp\/v2\/product\/7043\/revisions\/7044"}],"wp:featuredmedia":[{"embeddable":true,"href":"https:\/\/acsi.com.br\/lojavirtual\/wp-json\/wp\/v2\/media\/7027"}],"wp:attachment":[{"href":"https:\/\/acsi.com.br\/lojavirtual\/wp-json\/wp\/v2\/media?parent=7043"}],"wp:term":[{"taxonomy":"product_brand","embeddable":true,"href":"https:\/\/acsi.com.br\/lojavirtual\/wp-json\/wp\/v2\/product_brand?post=7043"},{"taxonomy":"product_cat","embeddable":true,"href":"https:\/\/acsi.com.br\/lojavirtual\/wp-json\/wp\/v2\/product_cat?post=7043"},{"taxonomy":"product_tag","embeddable":true,"href":"https:\/\/acsi.com.br\/lojavirtual\/wp-json\/wp\/v2\/product_tag?post=7043"}],"curies":[{"name":"wp","href":"https:\/\/api.w.org\/{rel}","templated":true}]}}