{"id":7041,"date":"2025-09-23T11:06:02","date_gmt":"2025-09-23T14:06:02","guid":{"rendered":"https:\/\/acsi.com.br\/lojavirtual\/?post_type=product&#038;p=7041"},"modified":"2026-04-01T10:36:58","modified_gmt":"2026-04-01T13:36:58","slug":"quando-as-maos-podem-falar","status":"publish","type":"product","link":"https:\/\/acsi.com.br\/lojavirtual\/produto\/quando-as-maos-podem-falar\/","title":{"rendered":"Quando as M\u00e3os Podem Falar"},"content":{"rendered":"<p>Tauane tem o mundo todo diante de seus p\u00e9s. Ela pode fazer tudo, com exce\u00e7\u00e3o de uma coisa: escutar. Nesta hist\u00f3ria, vamos encontrar os desafios que uma pessoa surda vive diante de uma sociedade ouvinte, al\u00e9m de aprendermos com o autor um pouco mais sobre a Libras (L\u00edngua Brasileira de Sinais), que \u00e9 quando as m\u00e3os podem falar. Hist\u00f3ria acess\u00edvel em Libras.<\/p>\n","protected":false},"excerpt":{"rendered":"<p>Tauane tem o mundo todo diante de seus p\u00e9s. Ela pode fazer tudo, com exce\u00e7\u00e3o de uma coisa: escutar. Nesta hist\u00f3ria, vamos encontrar os desafios que uma pessoa surda vive diante de uma sociedade ouvinte, al\u00e9m de aprendermos com o autor um pouco mais sobre a Libras (L\u00edngua Brasileira de Sinais), que \u00e9 quando as m\u00e3os podem falar. Hist\u00f3ria acess\u00edvel em Libras.<\/p>\n","protected":false},"featured_media":7026,"comment_status":"open","ping_status":"closed","template":"","meta":[],"product_brand":[],"product_cat":[28],"product_tag":[286],"class_list":{"0":"post-7041","1":"product","2":"type-product","3":"status-publish","4":"has-post-thumbnail","6":"product_cat-ciranda-cultural","7":"product_tag-2o-ano","9":"first","10":"instock","11":"featured","12":"shipping-taxable","13":"purchasable","14":"product-type-simple"},"_links":{"self":[{"href":"https:\/\/acsi.com.br\/lojavirtual\/wp-json\/wp\/v2\/product\/7041","targetHints":{"allow":["GET"]}}],"collection":[{"href":"https:\/\/acsi.com.br\/lojavirtual\/wp-json\/wp\/v2\/product"}],"about":[{"href":"https:\/\/acsi.com.br\/lojavirtual\/wp-json\/wp\/v2\/types\/product"}],"replies":[{"embeddable":true,"href":"https:\/\/acsi.com.br\/lojavirtual\/wp-json\/wp\/v2\/comments?post=7041"}],"version-history":[{"count":1,"href":"https:\/\/acsi.com.br\/lojavirtual\/wp-json\/wp\/v2\/product\/7041\/revisions"}],"predecessor-version":[{"id":7042,"href":"https:\/\/acsi.com.br\/lojavirtual\/wp-json\/wp\/v2\/product\/7041\/revisions\/7042"}],"wp:featuredmedia":[{"embeddable":true,"href":"https:\/\/acsi.com.br\/lojavirtual\/wp-json\/wp\/v2\/media\/7026"}],"wp:attachment":[{"href":"https:\/\/acsi.com.br\/lojavirtual\/wp-json\/wp\/v2\/media?parent=7041"}],"wp:term":[{"taxonomy":"product_brand","embeddable":true,"href":"https:\/\/acsi.com.br\/lojavirtual\/wp-json\/wp\/v2\/product_brand?post=7041"},{"taxonomy":"product_cat","embeddable":true,"href":"https:\/\/acsi.com.br\/lojavirtual\/wp-json\/wp\/v2\/product_cat?post=7041"},{"taxonomy":"product_tag","embeddable":true,"href":"https:\/\/acsi.com.br\/lojavirtual\/wp-json\/wp\/v2\/product_tag?post=7041"}],"curies":[{"name":"wp","href":"https:\/\/api.w.org\/{rel}","templated":true}]}}