{"id":7039,"date":"2025-09-23T11:01:42","date_gmt":"2025-09-23T14:01:42","guid":{"rendered":"https:\/\/acsi.com.br\/lojavirtual\/?post_type=product&#038;p=7039"},"modified":"2026-04-16T20:57:29","modified_gmt":"2026-04-16T23:57:29","slug":"perigoso-este-livro-contem-coelhos","status":"publish","type":"product","link":"https:\/\/acsi.com.br\/lojavirtual\/produto\/perigoso-este-livro-contem-coelhos\/","title":{"rendered":"Perigoso! ESTE LIVRO CONT\u00c9M COELHOS!"},"content":{"rendered":"<p>O melhor amigo do Bob, uma coisa escamosa, encontrou um chap\u00e9u. Havia uma etiqueta nele que dizia: PERIGO! N\u00c3O TOQUE! Tire isso! gritou Bob. Pode ser perigoso! Ent\u00e3o, de dentro da cartola saltou um coelho. E depois outro! E outro! Mas os coelhos n\u00e3o s\u00e3o perigosos. S\u00e3o? Uma hist\u00f3ria hil\u00e1ria sobre amizade. E r\u00f3tulos&#8230;<\/p>\n","protected":false},"excerpt":{"rendered":"<p>O melhor amigo do Bob, uma coisa escamosa, encontrou um chap\u00e9u. Havia uma etiqueta nele que dizia: PERIGO! N\u00c3O TOQUE! Tire isso! gritou Bob. Pode ser perigoso! Ent\u00e3o, de dentro da cartola saltou um coelho. E depois outro! E outro! Mas os coelhos n\u00e3o s\u00e3o perigosos. S\u00e3o? Uma hist\u00f3ria hil\u00e1ria sobre amizade. E r\u00f3tulos&#8230;<\/p>\n","protected":false},"featured_media":7025,"comment_status":"closed","ping_status":"closed","template":"","meta":[],"product_brand":[],"product_cat":[28],"product_tag":[212],"class_list":{"0":"post-7039","1":"product","2":"type-product","3":"status-publish","4":"has-post-thumbnail","6":"product_cat-ciranda-cultural","7":"product_tag-ed-infantil-ao-2o-ano","9":"first","10":"instock","11":"featured","12":"shipping-taxable","13":"purchasable","14":"product-type-simple"},"_links":{"self":[{"href":"https:\/\/acsi.com.br\/lojavirtual\/wp-json\/wp\/v2\/product\/7039","targetHints":{"allow":["GET"]}}],"collection":[{"href":"https:\/\/acsi.com.br\/lojavirtual\/wp-json\/wp\/v2\/product"}],"about":[{"href":"https:\/\/acsi.com.br\/lojavirtual\/wp-json\/wp\/v2\/types\/product"}],"replies":[{"embeddable":true,"href":"https:\/\/acsi.com.br\/lojavirtual\/wp-json\/wp\/v2\/comments?post=7039"}],"version-history":[{"count":1,"href":"https:\/\/acsi.com.br\/lojavirtual\/wp-json\/wp\/v2\/product\/7039\/revisions"}],"predecessor-version":[{"id":7040,"href":"https:\/\/acsi.com.br\/lojavirtual\/wp-json\/wp\/v2\/product\/7039\/revisions\/7040"}],"wp:featuredmedia":[{"embeddable":true,"href":"https:\/\/acsi.com.br\/lojavirtual\/wp-json\/wp\/v2\/media\/7025"}],"wp:attachment":[{"href":"https:\/\/acsi.com.br\/lojavirtual\/wp-json\/wp\/v2\/media?parent=7039"}],"wp:term":[{"taxonomy":"product_brand","embeddable":true,"href":"https:\/\/acsi.com.br\/lojavirtual\/wp-json\/wp\/v2\/product_brand?post=7039"},{"taxonomy":"product_cat","embeddable":true,"href":"https:\/\/acsi.com.br\/lojavirtual\/wp-json\/wp\/v2\/product_cat?post=7039"},{"taxonomy":"product_tag","embeddable":true,"href":"https:\/\/acsi.com.br\/lojavirtual\/wp-json\/wp\/v2\/product_tag?post=7039"}],"curies":[{"name":"wp","href":"https:\/\/api.w.org\/{rel}","templated":true}]}}