{"id":7035,"date":"2025-09-23T10:50:15","date_gmt":"2025-09-23T13:50:15","guid":{"rendered":"https:\/\/acsi.com.br\/lojavirtual\/?post_type=product&#038;p=7035"},"modified":"2026-04-01T10:36:58","modified_gmt":"2026-04-01T13:36:58","slug":"o-varal-das-vogais","status":"publish","type":"product","link":"https:\/\/acsi.com.br\/lojavirtual\/produto\/o-varal-das-vogais\/","title":{"rendered":"O Varal das Vogais"},"content":{"rendered":"<p>Nesta encantadora obra infantil, Donaldo Buchweitz e Ieda Silva nos levam a um mundo m\u00e1gico onde as vogais a, e, i, o, u decidem se unir para uma grande festa. A cada p\u00e1gina, acompanhamos a anima\u00e7\u00e3o dos personagens e seus sons peculiares. Com ilustra\u00e7\u00f5es vibrantes de J\u00fanior Caramez, o livro proporciona uma experi\u00eancia l\u00fadica e educativa, ideal para crian\u00e7as em fase de alfabetiza\u00e7\u00e3o.<\/p>\n","protected":false},"excerpt":{"rendered":"<p>Nesta encantadora obra infantil, Donaldo Buchweitz e Ieda Silva nos levam a um mundo m\u00e1gico onde as vogais a, e, i, o, u decidem se unir para uma grande festa. A cada p\u00e1gina, acompanhamos a anima\u00e7\u00e3o dos personagens e seus sons peculiares. Com ilustra\u00e7\u00f5es vibrantes de J\u00fanior Caramez, o livro proporciona uma experi\u00eancia l\u00fadica e educativa, ideal para crian\u00e7as em fase de alfabetiza\u00e7\u00e3o.<\/p>\n","protected":false},"featured_media":7023,"comment_status":"open","ping_status":"closed","template":"","meta":[],"product_brand":[],"product_cat":[28],"product_tag":[225],"class_list":{"0":"post-7035","1":"product","2":"type-product","3":"status-publish","4":"has-post-thumbnail","6":"product_cat-ciranda-cultural","7":"product_tag-ed-infantil-e-1o-ano","9":"first","10":"instock","11":"featured","12":"shipping-taxable","13":"purchasable","14":"product-type-simple"},"_links":{"self":[{"href":"https:\/\/acsi.com.br\/lojavirtual\/wp-json\/wp\/v2\/product\/7035","targetHints":{"allow":["GET"]}}],"collection":[{"href":"https:\/\/acsi.com.br\/lojavirtual\/wp-json\/wp\/v2\/product"}],"about":[{"href":"https:\/\/acsi.com.br\/lojavirtual\/wp-json\/wp\/v2\/types\/product"}],"replies":[{"embeddable":true,"href":"https:\/\/acsi.com.br\/lojavirtual\/wp-json\/wp\/v2\/comments?post=7035"}],"version-history":[{"count":1,"href":"https:\/\/acsi.com.br\/lojavirtual\/wp-json\/wp\/v2\/product\/7035\/revisions"}],"predecessor-version":[{"id":7036,"href":"https:\/\/acsi.com.br\/lojavirtual\/wp-json\/wp\/v2\/product\/7035\/revisions\/7036"}],"wp:featuredmedia":[{"embeddable":true,"href":"https:\/\/acsi.com.br\/lojavirtual\/wp-json\/wp\/v2\/media\/7023"}],"wp:attachment":[{"href":"https:\/\/acsi.com.br\/lojavirtual\/wp-json\/wp\/v2\/media?parent=7035"}],"wp:term":[{"taxonomy":"product_brand","embeddable":true,"href":"https:\/\/acsi.com.br\/lojavirtual\/wp-json\/wp\/v2\/product_brand?post=7035"},{"taxonomy":"product_cat","embeddable":true,"href":"https:\/\/acsi.com.br\/lojavirtual\/wp-json\/wp\/v2\/product_cat?post=7035"},{"taxonomy":"product_tag","embeddable":true,"href":"https:\/\/acsi.com.br\/lojavirtual\/wp-json\/wp\/v2\/product_tag?post=7035"}],"curies":[{"name":"wp","href":"https:\/\/api.w.org\/{rel}","templated":true}]}}