{"id":7020,"date":"2025-09-23T10:42:41","date_gmt":"2025-09-23T13:42:41","guid":{"rendered":"https:\/\/acsi.com.br\/lojavirtual\/?post_type=product&#038;p=7020"},"modified":"2026-04-01T18:30:53","modified_gmt":"2026-04-01T21:30:53","slug":"barulhinho-barulhao","status":"publish","type":"product","link":"https:\/\/acsi.com.br\/lojavirtual\/produto\/barulhinho-barulhao\/","title":{"rendered":"Barulhinho, Barulh\u00e3o"},"content":{"rendered":"<p>Tito, um menino a autista, enfrenta o desafio do seu primeiro dia de aula. Na escola, ele percebe que o barulho das crian\u00e7as o deixa desconfort\u00e1vel e aquilo mexe muito com ele. Esta hist\u00f3ria sens\u00edvel, escrita por Taciana dos Anjos e ilustrada por Andr\u00e9 Cerino, aborda a hipersensibilidade auditiva vivida por muitas crian\u00e7as dentro do espectro autista.<\/p>\n","protected":false},"excerpt":{"rendered":"<p>Tito, um menino a autista, enfrenta o desafio do seu primeiro dia de aula. Na escola, ele percebe que o barulho das crian\u00e7as o deixa desconfort\u00e1vel e aquilo mexe muito com ele. Esta hist\u00f3ria sens\u00edvel, escrita por Taciana dos Anjos e ilustrada por Andr\u00e9 Cerino, aborda a hipersensibilidade auditiva vivida por muitas crian\u00e7as dentro do espectro autista.<\/p>\n","protected":false},"featured_media":7017,"comment_status":"open","ping_status":"closed","template":"","meta":[],"product_brand":[],"product_cat":[28],"product_tag":[207],"class_list":{"0":"post-7020","1":"product","2":"type-product","3":"status-publish","4":"has-post-thumbnail","6":"product_cat-ciranda-cultural","7":"product_tag-ed-inf-ao-2o-ano","9":"first","10":"instock","11":"featured","12":"shipping-taxable","13":"purchasable","14":"product-type-simple"},"_links":{"self":[{"href":"https:\/\/acsi.com.br\/lojavirtual\/wp-json\/wp\/v2\/product\/7020","targetHints":{"allow":["GET"]}}],"collection":[{"href":"https:\/\/acsi.com.br\/lojavirtual\/wp-json\/wp\/v2\/product"}],"about":[{"href":"https:\/\/acsi.com.br\/lojavirtual\/wp-json\/wp\/v2\/types\/product"}],"replies":[{"embeddable":true,"href":"https:\/\/acsi.com.br\/lojavirtual\/wp-json\/wp\/v2\/comments?post=7020"}],"version-history":[{"count":1,"href":"https:\/\/acsi.com.br\/lojavirtual\/wp-json\/wp\/v2\/product\/7020\/revisions"}],"predecessor-version":[{"id":7021,"href":"https:\/\/acsi.com.br\/lojavirtual\/wp-json\/wp\/v2\/product\/7020\/revisions\/7021"}],"wp:featuredmedia":[{"embeddable":true,"href":"https:\/\/acsi.com.br\/lojavirtual\/wp-json\/wp\/v2\/media\/7017"}],"wp:attachment":[{"href":"https:\/\/acsi.com.br\/lojavirtual\/wp-json\/wp\/v2\/media?parent=7020"}],"wp:term":[{"taxonomy":"product_brand","embeddable":true,"href":"https:\/\/acsi.com.br\/lojavirtual\/wp-json\/wp\/v2\/product_brand?post=7020"},{"taxonomy":"product_cat","embeddable":true,"href":"https:\/\/acsi.com.br\/lojavirtual\/wp-json\/wp\/v2\/product_cat?post=7020"},{"taxonomy":"product_tag","embeddable":true,"href":"https:\/\/acsi.com.br\/lojavirtual\/wp-json\/wp\/v2\/product_tag?post=7020"}],"curies":[{"name":"wp","href":"https:\/\/api.w.org\/{rel}","templated":true}]}}