{"id":702,"date":"2023-08-09T21:33:09","date_gmt":"2023-08-09T21:33:09","guid":{"rendered":"https:\/\/acsi.com.br\/lojavirtual\/?post_type=product&#038;p=702"},"modified":"2026-04-16T20:58:40","modified_gmt":"2026-04-16T23:58:40","slug":"a-peregrina-ilustrado-com-gravuras-de-uma-edicao-inglesa-de-1890","status":"publish","type":"product","link":"https:\/\/acsi.com.br\/lojavirtual\/produto\/a-peregrina-ilustrado-com-gravuras-de-uma-edicao-inglesa-de-1890\/","title":{"rendered":"A Peregrina \u2013 Ilustrado com Gravuras de uma edi\u00e7\u00e3o inglesa de 1890"},"content":{"rendered":"<p>A Peregrina, foi publicado pela primeira vez em 1684.<br \/>\nO caminho para a Cidade Celestial ser\u00e1 percorrido pela fam\u00edlia de Crist\u00e3o, que ficar\u00e1 para tr\u00e1s em O Peregrino por ter rejeitado a proposta da nova vida em Cristo.<\/p>\n<p>Desde o primeiro ano de sua publica\u00e7\u00e3o, em 1678, O Peregrino, obra cl\u00e1ssica de John Bunyan, oferece encorajamento \u00e0queles que procuram aperfei\u00e7oar a sua caminhada crist\u00e3.<\/p>\n<p>Usando de alegorias, o autor descreve sua jornada de f\u00e9 por meio de Crist\u00e3o, personagem principal, e dos demais personagens que retratam seus desafios, dificuldades e encorajamento durante sua jornada rumo \u00e0 Cidade Celestial.<\/p>\n","protected":false},"excerpt":{"rendered":"<p>A Peregrina, foi publicado pela primeira vez em 1684.<br \/>\nO caminho para a Cidade Celestial ser\u00e1 percorrido pela fam\u00edlia de Crist\u00e3o, que ficar\u00e1 para tr\u00e1s em O Peregrino por ter rejeitado a proposta da nova vida em Cristo.<\/p>\n<p>Desde o primeiro ano de sua publica\u00e7\u00e3o, em 1678, O Peregrino, obra cl\u00e1ssica de John Bunyan, oferece encorajamento \u00e0queles que procuram aperfei\u00e7oar a sua caminhada crist\u00e3.<\/p>\n<p>Usando de alegorias, o autor descreve sua jornada de f\u00e9 por meio de Crist\u00e3o, personagem principal, e dos demais personagens que retratam seus desafios, dificuldades e encorajamento durante sua jornada rumo \u00e0 Cidade Celestial.<\/p>\n","protected":false},"featured_media":703,"comment_status":"closed","ping_status":"closed","template":"","meta":[],"product_brand":[],"product_cat":[35],"product_tag":[142,140,141],"class_list":{"0":"post-702","1":"product","2":"type-product","3":"status-publish","4":"has-post-thumbnail","6":"product_cat-publicacoes-pao-diario","7":"product_tag-ensino-medio","8":"product_tag-fund-2","9":"product_tag-fund-2-e-medio","11":"first","12":"instock","13":"shipping-taxable","14":"purchasable","15":"product-type-simple"},"_links":{"self":[{"href":"https:\/\/acsi.com.br\/lojavirtual\/wp-json\/wp\/v2\/product\/702","targetHints":{"allow":["GET"]}}],"collection":[{"href":"https:\/\/acsi.com.br\/lojavirtual\/wp-json\/wp\/v2\/product"}],"about":[{"href":"https:\/\/acsi.com.br\/lojavirtual\/wp-json\/wp\/v2\/types\/product"}],"replies":[{"embeddable":true,"href":"https:\/\/acsi.com.br\/lojavirtual\/wp-json\/wp\/v2\/comments?post=702"}],"version-history":[{"count":1,"href":"https:\/\/acsi.com.br\/lojavirtual\/wp-json\/wp\/v2\/product\/702\/revisions"}],"predecessor-version":[{"id":704,"href":"https:\/\/acsi.com.br\/lojavirtual\/wp-json\/wp\/v2\/product\/702\/revisions\/704"}],"wp:featuredmedia":[{"embeddable":true,"href":"https:\/\/acsi.com.br\/lojavirtual\/wp-json\/wp\/v2\/media\/703"}],"wp:attachment":[{"href":"https:\/\/acsi.com.br\/lojavirtual\/wp-json\/wp\/v2\/media?parent=702"}],"wp:term":[{"taxonomy":"product_brand","embeddable":true,"href":"https:\/\/acsi.com.br\/lojavirtual\/wp-json\/wp\/v2\/product_brand?post=702"},{"taxonomy":"product_cat","embeddable":true,"href":"https:\/\/acsi.com.br\/lojavirtual\/wp-json\/wp\/v2\/product_cat?post=702"},{"taxonomy":"product_tag","embeddable":true,"href":"https:\/\/acsi.com.br\/lojavirtual\/wp-json\/wp\/v2\/product_tag?post=702"}],"curies":[{"name":"wp","href":"https:\/\/api.w.org\/{rel}","templated":true}]}}