{"id":7015,"date":"2025-09-23T10:31:42","date_gmt":"2025-09-23T13:31:42","guid":{"rendered":"https:\/\/acsi.com.br\/lojavirtual\/?post_type=product&#038;p=7015"},"modified":"2026-04-28T10:12:08","modified_gmt":"2026-04-28T13:12:08","slug":"sherlock-holmes-um-estudo-em-vermelho-ilustrado","status":"publish","type":"product","link":"https:\/\/acsi.com.br\/lojavirtual\/produto\/sherlock-holmes-um-estudo-em-vermelho-ilustrado\/","title":{"rendered":"Sherlock Holmes: Um Estudo em Vermelho (Ilustrado)"},"content":{"rendered":"<p>Um misterioso assassinato deixa a pol\u00edcia perplexa, ent\u00e3o o melhor detetive amador do mundo \u00e9 convidado a investigar. Com o doutor Watson ao seu lado, um colega com quem divide um apartamento, Sherlock Holmes parte para desvendar uma busca por vingan\u00e7a muito mais profunda do que ele suspeitava.<\/p>\n","protected":false},"excerpt":{"rendered":"<p>Um misterioso assassinato deixa a pol\u00edcia perplexa, ent\u00e3o o melhor detetive amador do mundo \u00e9 convidado a investigar. Com o doutor Watson ao seu lado, um colega com quem divide um apartamento, Sherlock Holmes parte para desvendar uma busca por vingan\u00e7a muito mais profunda do que ele suspeitava.<\/p>\n","protected":false},"featured_media":7016,"comment_status":"closed","ping_status":"closed","template":"","meta":[],"product_brand":[],"product_cat":[28],"product_tag":[161],"class_list":{"0":"post-7015","1":"product","2":"type-product","3":"status-publish","4":"has-post-thumbnail","6":"product_cat-ciranda-cultural","7":"product_tag-5o-e-6o-ano","9":"first","10":"instock","11":"featured","12":"shipping-taxable","13":"purchasable","14":"product-type-simple"},"_links":{"self":[{"href":"https:\/\/acsi.com.br\/lojavirtual\/wp-json\/wp\/v2\/product\/7015","targetHints":{"allow":["GET"]}}],"collection":[{"href":"https:\/\/acsi.com.br\/lojavirtual\/wp-json\/wp\/v2\/product"}],"about":[{"href":"https:\/\/acsi.com.br\/lojavirtual\/wp-json\/wp\/v2\/types\/product"}],"replies":[{"embeddable":true,"href":"https:\/\/acsi.com.br\/lojavirtual\/wp-json\/wp\/v2\/comments?post=7015"}],"version-history":[{"count":1,"href":"https:\/\/acsi.com.br\/lojavirtual\/wp-json\/wp\/v2\/product\/7015\/revisions"}],"predecessor-version":[{"id":7019,"href":"https:\/\/acsi.com.br\/lojavirtual\/wp-json\/wp\/v2\/product\/7015\/revisions\/7019"}],"wp:featuredmedia":[{"embeddable":true,"href":"https:\/\/acsi.com.br\/lojavirtual\/wp-json\/wp\/v2\/media\/7016"}],"wp:attachment":[{"href":"https:\/\/acsi.com.br\/lojavirtual\/wp-json\/wp\/v2\/media?parent=7015"}],"wp:term":[{"taxonomy":"product_brand","embeddable":true,"href":"https:\/\/acsi.com.br\/lojavirtual\/wp-json\/wp\/v2\/product_brand?post=7015"},{"taxonomy":"product_cat","embeddable":true,"href":"https:\/\/acsi.com.br\/lojavirtual\/wp-json\/wp\/v2\/product_cat?post=7015"},{"taxonomy":"product_tag","embeddable":true,"href":"https:\/\/acsi.com.br\/lojavirtual\/wp-json\/wp\/v2\/product_tag?post=7015"}],"curies":[{"name":"wp","href":"https:\/\/api.w.org\/{rel}","templated":true}]}}