{"id":6999,"date":"2025-09-18T17:46:02","date_gmt":"2025-09-18T20:46:02","guid":{"rendered":"https:\/\/acsi.com.br\/lojavirtual\/?post_type=product&#038;p=6999"},"modified":"2026-04-16T20:57:29","modified_gmt":"2026-04-16T23:57:29","slug":"diario-do-vitinho-volume-1","status":"publish","type":"product","link":"https:\/\/acsi.com.br\/lojavirtual\/produto\/diario-do-vitinho-volume-1\/","title":{"rendered":"Di\u00e1rio do Vitinho &#8211; Volume 1"},"content":{"rendered":"<p>Vitinho tem dez anos, uma fam\u00edlia divertida e uma grande imagina\u00e7\u00e3o. Ele acaba de se mudar para Cidadezinha do Oeste e agora precisa se adaptar a uma nova escola e fazer novos amigos. Mas n\u00e3o vai ser t\u00e3o f\u00e1cil assim: rapidamente, a vida do nosso amigo vira DE CABE\u00c7A PARA BAIXO, lan\u00e7ando toda a fam\u00edlia numa engra\u00e7ada e emocionante jornada de transforma\u00e7\u00e3o.<\/p>\n<p>O &#8220;Di\u00e1rio do Vitinho&#8221; \u00e9 o primeiro livro crist\u00e3o no consagrado formato dos di\u00e1rios ilustrados que fazem tanto sucesso entre as crian\u00e7as. Ele apresenta a mensagem do Evangelho de forma descomplicada, embalada numa hist\u00f3ria cheia de humor, aventura e sensibilidade.<\/p>\n","protected":false},"excerpt":{"rendered":"<p>Vitinho tem dez anos, uma fam\u00edlia divertida e uma grande imagina\u00e7\u00e3o. Ele acaba de se mudar para Cidadezinha do Oeste e agora precisa se adaptar a uma nova escola e fazer novos amigos. Mas n\u00e3o vai ser t\u00e3o f\u00e1cil assim: rapidamente, a vida do nosso amigo vira DE CABE\u00c7A PARA BAIXO, lan\u00e7ando toda a fam\u00edlia numa engra\u00e7ada e emocionante jornada de transforma\u00e7\u00e3o.<\/p>\n<p>O &#8220;Di\u00e1rio do Vitinho&#8221; \u00e9 o primeiro livro crist\u00e3o no consagrado formato dos di\u00e1rios ilustrados que fazem tanto sucesso entre as crian\u00e7as. Ele apresenta a mensagem do Evangelho de forma descomplicada, embalada numa hist\u00f3ria cheia de humor, aventura e sensibilidade.<\/p>\n","protected":false},"featured_media":6993,"comment_status":"closed","ping_status":"closed","template":"","meta":[],"product_brand":[],"product_cat":[25],"product_tag":[209],"class_list":{"0":"post-6999","1":"product","2":"type-product","3":"status-publish","4":"has-post-thumbnail","6":"product_cat-domik-educacional","7":"product_tag-4o-e-5o-ano","9":"first","10":"outofstock","11":"featured","12":"shipping-taxable","13":"purchasable","14":"product-type-simple"},"_links":{"self":[{"href":"https:\/\/acsi.com.br\/lojavirtual\/wp-json\/wp\/v2\/product\/6999","targetHints":{"allow":["GET"]}}],"collection":[{"href":"https:\/\/acsi.com.br\/lojavirtual\/wp-json\/wp\/v2\/product"}],"about":[{"href":"https:\/\/acsi.com.br\/lojavirtual\/wp-json\/wp\/v2\/types\/product"}],"replies":[{"embeddable":true,"href":"https:\/\/acsi.com.br\/lojavirtual\/wp-json\/wp\/v2\/comments?post=6999"}],"version-history":[{"count":1,"href":"https:\/\/acsi.com.br\/lojavirtual\/wp-json\/wp\/v2\/product\/6999\/revisions"}],"predecessor-version":[{"id":7000,"href":"https:\/\/acsi.com.br\/lojavirtual\/wp-json\/wp\/v2\/product\/6999\/revisions\/7000"}],"wp:featuredmedia":[{"embeddable":true,"href":"https:\/\/acsi.com.br\/lojavirtual\/wp-json\/wp\/v2\/media\/6993"}],"wp:attachment":[{"href":"https:\/\/acsi.com.br\/lojavirtual\/wp-json\/wp\/v2\/media?parent=6999"}],"wp:term":[{"taxonomy":"product_brand","embeddable":true,"href":"https:\/\/acsi.com.br\/lojavirtual\/wp-json\/wp\/v2\/product_brand?post=6999"},{"taxonomy":"product_cat","embeddable":true,"href":"https:\/\/acsi.com.br\/lojavirtual\/wp-json\/wp\/v2\/product_cat?post=6999"},{"taxonomy":"product_tag","embeddable":true,"href":"https:\/\/acsi.com.br\/lojavirtual\/wp-json\/wp\/v2\/product_tag?post=6999"}],"curies":[{"name":"wp","href":"https:\/\/api.w.org\/{rel}","templated":true}]}}