{"id":6995,"date":"2025-09-18T17:38:33","date_gmt":"2025-09-18T20:38:33","guid":{"rendered":"https:\/\/acsi.com.br\/lojavirtual\/?post_type=product&#038;p=6995"},"modified":"2026-04-28T10:12:08","modified_gmt":"2026-04-28T13:12:08","slug":"um-milagre-para-hani","status":"publish","type":"product","link":"https:\/\/acsi.com.br\/lojavirtual\/produto\/um-milagre-para-hani\/","title":{"rendered":"Um milagre para Hani"},"content":{"rendered":"<p>Acompanhe as viagens de Hani pela Terra Prometida!<br \/>\nRodeado por rebeldes, soldados, romanos, religiosos e mercen\u00e1rios, este menino viver\u00e1 muitas aventuras e far\u00e1 de tudo para conseguir encontrar o misterioso &#8220;Homem que Cura&#8221; &#8211; a \u00fanica esperan\u00e7a para sua irm\u00e3zinha doente.<\/p>\n","protected":false},"excerpt":{"rendered":"<p>Acompanhe as viagens de Hani pela Terra Prometida!<br \/>\nRodeado por rebeldes, soldados, romanos, religiosos e mercen\u00e1rios, este menino viver\u00e1 muitas aventuras e far\u00e1 de tudo para conseguir encontrar o misterioso &#8220;Homem que Cura&#8221; &#8211; a \u00fanica esperan\u00e7a para sua irm\u00e3zinha doente.<\/p>\n","protected":false},"featured_media":6991,"comment_status":"closed","ping_status":"closed","template":"","meta":[],"product_brand":[],"product_cat":[25],"product_tag":[161],"class_list":{"0":"post-6995","1":"product","2":"type-product","3":"status-publish","4":"has-post-thumbnail","6":"product_cat-domik-educacional","7":"product_tag-5o-e-6o-ano","9":"first","10":"instock","11":"featured","12":"shipping-taxable","13":"purchasable","14":"product-type-simple"},"_links":{"self":[{"href":"https:\/\/acsi.com.br\/lojavirtual\/wp-json\/wp\/v2\/product\/6995","targetHints":{"allow":["GET"]}}],"collection":[{"href":"https:\/\/acsi.com.br\/lojavirtual\/wp-json\/wp\/v2\/product"}],"about":[{"href":"https:\/\/acsi.com.br\/lojavirtual\/wp-json\/wp\/v2\/types\/product"}],"replies":[{"embeddable":true,"href":"https:\/\/acsi.com.br\/lojavirtual\/wp-json\/wp\/v2\/comments?post=6995"}],"version-history":[{"count":1,"href":"https:\/\/acsi.com.br\/lojavirtual\/wp-json\/wp\/v2\/product\/6995\/revisions"}],"predecessor-version":[{"id":6996,"href":"https:\/\/acsi.com.br\/lojavirtual\/wp-json\/wp\/v2\/product\/6995\/revisions\/6996"}],"wp:featuredmedia":[{"embeddable":true,"href":"https:\/\/acsi.com.br\/lojavirtual\/wp-json\/wp\/v2\/media\/6991"}],"wp:attachment":[{"href":"https:\/\/acsi.com.br\/lojavirtual\/wp-json\/wp\/v2\/media?parent=6995"}],"wp:term":[{"taxonomy":"product_brand","embeddable":true,"href":"https:\/\/acsi.com.br\/lojavirtual\/wp-json\/wp\/v2\/product_brand?post=6995"},{"taxonomy":"product_cat","embeddable":true,"href":"https:\/\/acsi.com.br\/lojavirtual\/wp-json\/wp\/v2\/product_cat?post=6995"},{"taxonomy":"product_tag","embeddable":true,"href":"https:\/\/acsi.com.br\/lojavirtual\/wp-json\/wp\/v2\/product_tag?post=6995"}],"curies":[{"name":"wp","href":"https:\/\/api.w.org\/{rel}","templated":true}]}}