{"id":6989,"date":"2025-09-18T17:33:56","date_gmt":"2025-09-18T20:33:56","guid":{"rendered":"https:\/\/acsi.com.br\/lojavirtual\/?post_type=product&#038;p=6989"},"modified":"2026-04-28T21:24:35","modified_gmt":"2026-04-29T00:24:35","slug":"o-ano-em-que-virei-detetive","status":"publish","type":"product","link":"https:\/\/acsi.com.br\/lojavirtual\/produto\/o-ano-em-que-virei-detetive\/","title":{"rendered":"O Ano em que Virei Detetive"},"content":{"rendered":"<p>Esta deliciosa hist\u00f3ria de investiga\u00e7\u00e3o mostra um garoto em busca de pistas para resolver um crime acontecido em sua vizinhan\u00e7a. Em meio a muita a\u00e7\u00e3o e suspense, nosso her\u00f3i acaba encontrando algo inesperado. Algo que mudar\u00e1 sua vida para sempre&#8230;<\/p>\n","protected":false},"excerpt":{"rendered":"<p>Esta deliciosa hist\u00f3ria de investiga\u00e7\u00e3o mostra um garoto em busca de pistas para resolver um crime acontecido em sua vizinhan\u00e7a. Em meio a muita a\u00e7\u00e3o e suspense, nosso her\u00f3i acaba encontrando algo inesperado. Algo que mudar\u00e1 sua vida para sempre&#8230;<\/p>\n","protected":false},"featured_media":6990,"comment_status":"closed","ping_status":"closed","template":"","meta":[],"product_brand":[],"product_cat":[25],"product_tag":[],"class_list":{"0":"post-6989","1":"product","2":"type-product","3":"status-publish","4":"has-post-thumbnail","6":"product_cat-domik-educacional","8":"first","9":"instock","10":"featured","11":"shipping-taxable","12":"purchasable","13":"product-type-simple"},"_links":{"self":[{"href":"https:\/\/acsi.com.br\/lojavirtual\/wp-json\/wp\/v2\/product\/6989","targetHints":{"allow":["GET"]}}],"collection":[{"href":"https:\/\/acsi.com.br\/lojavirtual\/wp-json\/wp\/v2\/product"}],"about":[{"href":"https:\/\/acsi.com.br\/lojavirtual\/wp-json\/wp\/v2\/types\/product"}],"replies":[{"embeddable":true,"href":"https:\/\/acsi.com.br\/lojavirtual\/wp-json\/wp\/v2\/comments?post=6989"}],"version-history":[{"count":1,"href":"https:\/\/acsi.com.br\/lojavirtual\/wp-json\/wp\/v2\/product\/6989\/revisions"}],"predecessor-version":[{"id":6994,"href":"https:\/\/acsi.com.br\/lojavirtual\/wp-json\/wp\/v2\/product\/6989\/revisions\/6994"}],"wp:featuredmedia":[{"embeddable":true,"href":"https:\/\/acsi.com.br\/lojavirtual\/wp-json\/wp\/v2\/media\/6990"}],"wp:attachment":[{"href":"https:\/\/acsi.com.br\/lojavirtual\/wp-json\/wp\/v2\/media?parent=6989"}],"wp:term":[{"taxonomy":"product_brand","embeddable":true,"href":"https:\/\/acsi.com.br\/lojavirtual\/wp-json\/wp\/v2\/product_brand?post=6989"},{"taxonomy":"product_cat","embeddable":true,"href":"https:\/\/acsi.com.br\/lojavirtual\/wp-json\/wp\/v2\/product_cat?post=6989"},{"taxonomy":"product_tag","embeddable":true,"href":"https:\/\/acsi.com.br\/lojavirtual\/wp-json\/wp\/v2\/product_tag?post=6989"}],"curies":[{"name":"wp","href":"https:\/\/api.w.org\/{rel}","templated":true}]}}